{"id":17,"date":"2017-09-16T02:19:05","date_gmt":"2017-09-16T02:19:05","guid":{"rendered":"http:\/\/departamentos.uleam.edu.ec\/asesoria-juridica\/?page_id=17"},"modified":"2019-06-20T16:25:07","modified_gmt":"2019-06-20T16:25:07","slug":"asesorias","status":"publish","type":"page","link":"https:\/\/departamentos.uleam.edu.ec\/asesoria-juridica\/asesorias\/","title":{"rendered":"Asesorias"},"content":{"rendered":"<p><span style=\"color: #000000\"><strong>\u00a0 \u00a0 \u00a0 \u00a0 \u00a0 \u00a0 \u00a0 \u00a0 Funciones del\/la Asesor\/a Jur\u00eddico\/a.<\/strong><\/span><\/p>\n<ul>\n<li style=\"text-align: justify\"><span style=\"color: #000000\">Asesorar permanentemente al \u00d3rgano Colegiado Superior;<\/span><\/li>\n<li style=\"text-align: justify\"><span style=\"color: #000000\">Asistir obligatoriamente a las sesiones del \u00d3rgano Colegiado Superior;<\/span><\/li>\n<li style=\"text-align: justify\"><span style=\"color: #000000\">Presidir la Comisi\u00f3n Especial de Disciplina y Procedimiento;<\/span><\/li>\n<li style=\"text-align: justify\"><span style=\"color: #000000\">Asesorar jur\u00eddicamente al\/la Rector\/a, autoridades acad\u00e9micas, representantes de las unidades acad\u00e9micas, extensiones, departamentos y dem\u00e1s dependencias;<\/span><\/li>\n<li style=\"text-align: justify\"><span style=\"color: #000000\">Informar al\/la Rector\/a trimestralmente y por escrito sobre las actividades cumplidas en el \u00e1rea de su desempe\u00f1o;<\/span><\/li>\n<li style=\"text-align: justify\"><span style=\"color: #000000\">Las dem\u00e1s que se establezcan en el Reglamento de Gesti\u00f3n Organizacional por Procesos.<\/span><\/li>\n<\/ul>\n","protected":false},"excerpt":{"rendered":"<p>\u00a0 \u00a0 \u00a0 \u00a0 \u00a0 \u00a0 \u00a0 \u00a0 Funciones del\/la Asesor\/a Jur\u00eddico\/a. Asesorar permanentemente al \u00d3rgano Colegiado Superior; Asistir obligatoriamente a las sesiones del \u00d3rgano Colegiado Superior; Presidir la Comisi\u00f3n Especial de Disciplina y Procedimiento; Asesorar jur\u00eddicamente al\/la Rector\/a, autoridades [&hellip;]<\/p>\n","protected":false},"author":56,"featured_media":0,"parent":0,"menu_order":0,"comment_status":"closed","ping_status":"closed","template":"","meta":{"footnotes":"","_links_to":"","_links_to_target":""},"class_list":["post-17","page","type-page","status-publish","hentry"],"_links":{"self":[{"href":"https:\/\/departamentos.uleam.edu.ec\/asesoria-juridica\/wp-json\/wp\/v2\/pages\/17","targetHints":{"allow":["GET"]}}],"collection":[{"href":"https:\/\/departamentos.uleam.edu.ec\/asesoria-juridica\/wp-json\/wp\/v2\/pages"}],"about":[{"href":"https:\/\/departamentos.uleam.edu.ec\/asesoria-juridica\/wp-json\/wp\/v2\/types\/page"}],"author":[{"embeddable":true,"href":"https:\/\/departamentos.uleam.edu.ec\/asesoria-juridica\/wp-json\/wp\/v2\/users\/56"}],"replies":[{"embeddable":true,"href":"https:\/\/departamentos.uleam.edu.ec\/asesoria-juridica\/wp-json\/wp\/v2\/comments?post=17"}],"version-history":[{"count":4,"href":"https:\/\/departamentos.uleam.edu.ec\/asesoria-juridica\/wp-json\/wp\/v2\/pages\/17\/revisions"}],"predecessor-version":[{"id":96,"href":"https:\/\/departamentos.uleam.edu.ec\/asesoria-juridica\/wp-json\/wp\/v2\/pages\/17\/revisions\/96"}],"wp:attachment":[{"href":"https:\/\/departamentos.uleam.edu.ec\/asesoria-juridica\/wp-json\/wp\/v2\/media?parent=17"}],"curies":[{"name":"wp","href":"https:\/\/api.w.org\/{rel}","templated":true}]}}