{"id":21,"date":"2017-09-16T02:20:56","date_gmt":"2017-09-16T02:20:56","guid":{"rendered":"http:\/\/departamentos.uleam.edu.ec\/asesoria-juridica\/?page_id=21"},"modified":"2019-06-13T18:19:10","modified_gmt":"2019-06-13T18:19:10","slug":"areas","status":"publish","type":"page","link":"https:\/\/departamentos.uleam.edu.ec\/asesoria-juridica\/areas\/","title":{"rendered":"\u00c1reas"},"content":{"rendered":"<ul>\n<li><span style=\"color: #000000\">Procesos Disciplinarios de Docentes y Estudiantes.<br \/>\n<\/span><\/li>\n<li><span style=\"color: #000000\">Procedimientos de informes jur\u00eddicos y Asesor\u00edas.<\/span><\/li>\n<\/ul>\n<p style=\"text-align: center\"><strong><span style=\"color: #000000\">Funciones de los analistas legales\u00a0<\/span><\/strong><\/p>\n<ul>\n<li style=\"text-align: justify\"><span style=\"color: #000000\">Asesorar jur\u00eddicamente al\/la Rector\/a, autoridades acad\u00e9micas y administrativas, Representantes de las Unidades Acad\u00e9micas, Extensiones, Departamentos y dem\u00e1s dependencias.<\/span><\/li>\n<li style=\"text-align: justify\"><span style=\"color: #000000\">Elaborar informes con criterio jur\u00eddico sobre requerimientos que haga el \u00d3rgano Colegiado Superior.<\/span><\/li>\n<li style=\"text-align: justify\"><span style=\"color: #000000\">Atender requerimientos que haga el se\u00f1or Rector, Vicerrectores y dem\u00e1s autoridades acad\u00e9micas o administrativas de la Universidad.<\/span><\/li>\n<li style=\"text-align: justify\"><span style=\"color: #000000\">Emitir Pronunciamientos y Criterios Jur\u00eddicos.<\/span><\/li>\n<li style=\"text-align: justify\"><span style=\"color: #000000\">Absolver consultas legales dentro de las competencias y atribuciones establecidas en el Estatuto.<\/span><\/li>\n<li style=\"text-align: justify\"><span style=\"color: #000000\">Instaurar procesos disciplinarios por faltas o conductas impropias denunciadas por docentes o estudiantes.<\/span><\/li>\n<li style=\"text-align: justify\"><span style=\"color: #000000\">Brindar acompa\u00f1amiento y asistencia legal en las sesiones de Consejos de Facultad y Comisi\u00f3n Acad\u00e9mica.<\/span><\/li>\n<li style=\"text-align: justify\"><span style=\"color: #000000\">Brindar asistencia y asesoramiento IN SITU en las Unidades Acad\u00e9micas y Administrativas.<\/span><\/li>\n<li style=\"text-align: justify\"><span style=\"color: #000000\">Reportar trimestralmente el resumen de las actividades a la Direcci\u00f3n de Planificaci\u00f3n, Proyectos y Desarrollo Institucional.<\/span><\/li>\n<\/ul>\n<p>&nbsp;<\/p>\n<ul>\n<li>Las dem\u00e1s que se establezcan en el Reglamento de Gesti\u00f3n Organizacional por Procesos.<\/li>\n<\/ul>\n","protected":false},"excerpt":{"rendered":"<p>Procesos Disciplinarios de Docentes y Estudiantes. Procedimientos de informes jur\u00eddicos y Asesor\u00edas. Funciones de los analistas legales\u00a0 Asesorar jur\u00eddicamente al\/la Rector\/a, autoridades acad\u00e9micas y administrativas, Representantes de las Unidades Acad\u00e9micas, Extensiones, Departamentos y dem\u00e1s dependencias. Elaborar informes con criterio jur\u00eddico [&hellip;]<\/p>\n","protected":false},"author":56,"featured_media":0,"parent":0,"menu_order":0,"comment_status":"closed","ping_status":"closed","template":"","meta":{"footnotes":"","_links_to":"","_links_to_target":""},"class_list":["post-21","page","type-page","status-publish","hentry"],"_links":{"self":[{"href":"https:\/\/departamentos.uleam.edu.ec\/asesoria-juridica\/wp-json\/wp\/v2\/pages\/21","targetHints":{"allow":["GET"]}}],"collection":[{"href":"https:\/\/departamentos.uleam.edu.ec\/asesoria-juridica\/wp-json\/wp\/v2\/pages"}],"about":[{"href":"https:\/\/departamentos.uleam.edu.ec\/asesoria-juridica\/wp-json\/wp\/v2\/types\/page"}],"author":[{"embeddable":true,"href":"https:\/\/departamentos.uleam.edu.ec\/asesoria-juridica\/wp-json\/wp\/v2\/users\/56"}],"replies":[{"embeddable":true,"href":"https:\/\/departamentos.uleam.edu.ec\/asesoria-juridica\/wp-json\/wp\/v2\/comments?post=21"}],"version-history":[{"count":7,"href":"https:\/\/departamentos.uleam.edu.ec\/asesoria-juridica\/wp-json\/wp\/v2\/pages\/21\/revisions"}],"predecessor-version":[{"id":78,"href":"https:\/\/departamentos.uleam.edu.ec\/asesoria-juridica\/wp-json\/wp\/v2\/pages\/21\/revisions\/78"}],"wp:attachment":[{"href":"https:\/\/departamentos.uleam.edu.ec\/asesoria-juridica\/wp-json\/wp\/v2\/media?parent=21"}],"curies":[{"name":"wp","href":"https:\/\/api.w.org\/{rel}","templated":true}]}}