{"id":41,"date":"2019-02-13T16:56:59","date_gmt":"2019-02-13T16:56:59","guid":{"rendered":"http:\/\/departamentos.uleam.edu.ec\/asesoria-juridica\/?page_id=41"},"modified":"2019-06-13T17:27:47","modified_gmt":"2019-06-13T17:27:47","slug":"mision-y-vision","status":"publish","type":"page","link":"https:\/\/departamentos.uleam.edu.ec\/asesoria-juridica\/mision-y-vision\/","title":{"rendered":"Misi\u00f2n y Visi\u00f2n"},"content":{"rendered":"<p>&nbsp;<\/p>\n<h4 style=\"text-align: center\"><span style=\"color: #000000\">Misi\u00f3n y Visi\u00f3n de la Direcci\u00f3n de Asesor\u00eda Jur\u00eddica<\/span><\/h4>\n<p><span style=\"color: #000000\"><span style=\"color: #000000\"><b>Misi\u00f3n<\/b><\/span><strong style=\"color: #000000\">:<\/strong><\/span><\/p>\n<div style=\"text-align: justify\">\n<p><span style=\"color: #000000\">Asesorar legalmente al \u00d3rgano Colegiado Superior, Rector (a), autoridades acad\u00e9micas y administrativas, representantes de unidades acad\u00e9micas, extensiones, departamentos y dem\u00e1s dependencias, dentro del marco legal aplicable para el correcto desarrollo de la Universidad Laica \u201cEloy Alfaro\u201d de Manab\u00ed.<\/span><\/p>\n<\/div>\n<div><\/div>\n<div><span style=\"color: #000000\"><span style=\"color: #000000\"><b>Visi\u00f3n<\/b><\/span><strong style=\"color: #000000\">:<\/strong><\/span><\/div>\n<p><span style=\"color: #000000\">Posicionar a la Direcci\u00f3n Jur\u00eddica de la ULEAM, como un referente institucional que brinda servicios de asesoramiento legal a la comunidad Universitaria, orientados a salvaguardar en el campo legal las actuaciones de sus integrantes.\u00a0<\/span><\/p>\n","protected":false},"excerpt":{"rendered":"<p>&nbsp; Misi\u00f3n y Visi\u00f3n de la Direcci\u00f3n de Asesor\u00eda Jur\u00eddica Misi\u00f3n: Asesorar legalmente al \u00d3rgano Colegiado Superior, Rector (a), autoridades acad\u00e9micas y administrativas, representantes de unidades acad\u00e9micas, extensiones, departamentos y dem\u00e1s dependencias, dentro del marco legal aplicable para el correcto [&hellip;]<\/p>\n","protected":false},"author":56,"featured_media":0,"parent":0,"menu_order":0,"comment_status":"closed","ping_status":"closed","template":"","meta":{"footnotes":"","_links_to":"","_links_to_target":""},"class_list":["post-41","page","type-page","status-publish","hentry"],"_links":{"self":[{"href":"https:\/\/departamentos.uleam.edu.ec\/asesoria-juridica\/wp-json\/wp\/v2\/pages\/41","targetHints":{"allow":["GET"]}}],"collection":[{"href":"https:\/\/departamentos.uleam.edu.ec\/asesoria-juridica\/wp-json\/wp\/v2\/pages"}],"about":[{"href":"https:\/\/departamentos.uleam.edu.ec\/asesoria-juridica\/wp-json\/wp\/v2\/types\/page"}],"author":[{"embeddable":true,"href":"https:\/\/departamentos.uleam.edu.ec\/asesoria-juridica\/wp-json\/wp\/v2\/users\/56"}],"replies":[{"embeddable":true,"href":"https:\/\/departamentos.uleam.edu.ec\/asesoria-juridica\/wp-json\/wp\/v2\/comments?post=41"}],"version-history":[{"count":5,"href":"https:\/\/departamentos.uleam.edu.ec\/asesoria-juridica\/wp-json\/wp\/v2\/pages\/41\/revisions"}],"predecessor-version":[{"id":77,"href":"https:\/\/departamentos.uleam.edu.ec\/asesoria-juridica\/wp-json\/wp\/v2\/pages\/41\/revisions\/77"}],"wp:attachment":[{"href":"https:\/\/departamentos.uleam.edu.ec\/asesoria-juridica\/wp-json\/wp\/v2\/media?parent=41"}],"curies":[{"name":"wp","href":"https:\/\/api.w.org\/{rel}","templated":true}]}}