{"id":11,"date":"2014-05-23T21:51:21","date_gmt":"2014-05-23T21:51:21","guid":{"rendered":"http:\/\/departamentos.uleam.edu.ec\/biblioteca-general\/?page_id=11"},"modified":"2021-12-16T14:47:36","modified_gmt":"2021-12-16T14:47:36","slug":"mision-y-vision","status":"publish","type":"page","link":"https:\/\/departamentos.uleam.edu.ec\/biblioteca-general\/datos-generales\/mision-y-vision\/","title":{"rendered":"Misi\u00f3n y Visi\u00f3n"},"content":{"rendered":"<p style=\"text-align: center\"><span style=\"color: #000000\"><strong>Misi\u00f3n y Visi\u00f3n de la Direcci\u00f3n de Sistema de Servicios Bibliotecarios\u00a0<\/strong><\/span><\/p>\n<p><strong><span style=\"color: #000000\">Misi\u00f3n<\/span><\/strong><\/p>\n<p style=\"text-align: justify\">Garantizar el acceso efectivo y de calidad de los servicios bibliogr\u00e1ficos a los usuarios internos y externos para cumplir con los objetivos acad\u00e9micos e investigativos de la instituci\u00f3n.<\/p>\n<p style=\"text-align: justify\"><strong><span style=\"color: #000000\">Visi\u00f3n<\/span><\/strong><\/p>\n<p style=\"text-align: justify\">Ser un centro de informaci\u00f3n de referencia a nivel provincial, regional y nacional, contando con los espacios, recursos de informaci\u00f3n y servicios necesarios, cumpliendo con criterios t\u00e9cnicos y de calidad.<\/p>\n","protected":false},"excerpt":{"rendered":"<p>Misi\u00f3n y Visi\u00f3n de la Direcci\u00f3n de Sistema de Servicios Bibliotecarios\u00a0 Misi\u00f3n Garantizar el acceso efectivo y de calidad de los servicios bibliogr\u00e1ficos a los usuarios internos y externos para cumplir con los objetivos acad\u00e9micos e investigativos de la instituci\u00f3n. [&hellip;]<\/p>\n","protected":false},"author":56,"featured_media":0,"parent":9,"menu_order":0,"comment_status":"closed","ping_status":"closed","template":"","meta":{"footnotes":"","_links_to":"","_links_to_target":""},"class_list":["post-11","page","type-page","status-publish","hentry"],"_links":{"self":[{"href":"https:\/\/departamentos.uleam.edu.ec\/biblioteca-general\/wp-json\/wp\/v2\/pages\/11","targetHints":{"allow":["GET"]}}],"collection":[{"href":"https:\/\/departamentos.uleam.edu.ec\/biblioteca-general\/wp-json\/wp\/v2\/pages"}],"about":[{"href":"https:\/\/departamentos.uleam.edu.ec\/biblioteca-general\/wp-json\/wp\/v2\/types\/page"}],"author":[{"embeddable":true,"href":"https:\/\/departamentos.uleam.edu.ec\/biblioteca-general\/wp-json\/wp\/v2\/users\/56"}],"replies":[{"embeddable":true,"href":"https:\/\/departamentos.uleam.edu.ec\/biblioteca-general\/wp-json\/wp\/v2\/comments?post=11"}],"version-history":[{"count":21,"href":"https:\/\/departamentos.uleam.edu.ec\/biblioteca-general\/wp-json\/wp\/v2\/pages\/11\/revisions"}],"predecessor-version":[{"id":1405,"href":"https:\/\/departamentos.uleam.edu.ec\/biblioteca-general\/wp-json\/wp\/v2\/pages\/11\/revisions\/1405"}],"up":[{"embeddable":true,"href":"https:\/\/departamentos.uleam.edu.ec\/biblioteca-general\/wp-json\/wp\/v2\/pages\/9"}],"wp:attachment":[{"href":"https:\/\/departamentos.uleam.edu.ec\/biblioteca-general\/wp-json\/wp\/v2\/media?parent=11"}],"curies":[{"name":"wp","href":"https:\/\/api.w.org\/{rel}","templated":true}]}}