{"id":15,"date":"2014-05-23T21:52:19","date_gmt":"2014-05-23T21:52:19","guid":{"rendered":"http:\/\/departamentos.uleam.edu.ec\/biblioteca-general\/?page_id=15"},"modified":"2019-09-13T15:45:53","modified_gmt":"2019-09-13T15:45:53","slug":"sistema-koha","status":"publish","type":"page","link":"https:\/\/departamentos.uleam.edu.ec\/biblioteca-general\/sistema-koha\/","title":{"rendered":""},"content":{"rendered":"<h2 style=\"text-align: center\">Sistema KOHA<\/h2>\n<p style=\"text-align: justify\"><span style=\"color: #000000\">El KOHA es un sistema de gesti\u00f3n de biblioteca implementado en la Uleam, en el a\u00f1o 2012, el cual permite evidenciar v\u00eda internet el acervo bibliogr\u00e1fico con que cuenta la instituci\u00f3n, adem\u00e1s permite a los usuarios en general tener una cuenta en el sistema con la cual podr\u00e1 reflejar y tener una evidencia de los movimientos de pr\u00e9stamos y devoluciones de cada vez que realice una investigaci\u00f3n en los libros f\u00edsicos de la biblioteca general de la Uleam.\u00a0<\/span><\/p>\n<h4><span style=\"color: #000000\"><a style=\"color: #000000\" href=\"https:\/\/departamentos.uleam.edu.ec\/biblioteca-general\/files\/2019\/09\/Descargar-Manual-para-Docentes.pdf\" target=\"_blank\" rel=\"noopener\">Descargar Manual para Docentes<\/a> <\/span><\/h4>\n<h4><span style=\"color: #000000\"><a style=\"color: #000000\" href=\"https:\/\/departamentos.uleam.edu.ec\/biblioteca-general\/files\/2019\/09\/Descargar-Manual-para-Estudiantes.pdf\" target=\"_blank\" rel=\"noopener\">Descargar Manual para Estudiantes<\/a><\/span><\/h4>\n<h4><span style=\"color: #000000\"><a style=\"color: #000000\" href=\"http:\/\/biblio.uleam.edu.ec\/\">Sistema Koha<\/a><\/span><\/h4>\n<p><a href=\"https:\/\/departamentos.uleam.edu.ec\/biblioteca-general\/files\/2019\/08\/SISTEMA-KOHA-ACTUALIZADO.jpg\"><img fetchpriority=\"high\" decoding=\"async\" class=\"aligncenter wp-image-1140 size-large\" src=\"https:\/\/departamentos.uleam.edu.ec\/biblioteca-general\/files\/2019\/08\/SISTEMA-KOHA-ACTUALIZADO-1024x576.jpg\" alt=\"\" width=\"1000\" height=\"563\" srcset=\"https:\/\/departamentos.uleam.edu.ec\/biblioteca-general\/files\/2019\/08\/SISTEMA-KOHA-ACTUALIZADO-1024x576.jpg 1024w, https:\/\/departamentos.uleam.edu.ec\/biblioteca-general\/files\/2019\/08\/SISTEMA-KOHA-ACTUALIZADO-300x169.jpg 300w, https:\/\/departamentos.uleam.edu.ec\/biblioteca-general\/files\/2019\/08\/SISTEMA-KOHA-ACTUALIZADO-768x432.jpg 768w, https:\/\/departamentos.uleam.edu.ec\/biblioteca-general\/files\/2019\/08\/SISTEMA-KOHA-ACTUALIZADO.jpg 1366w\" sizes=\"(max-width: 1000px) 100vw, 1000px\" \/><\/a><\/p>\n<p>&nbsp;<\/p>\n","protected":false},"excerpt":{"rendered":"<p>Sistema KOHA El KOHA es un sistema de gesti\u00f3n de biblioteca implementado en la Uleam, en el a\u00f1o 2012, el cual permite evidenciar v\u00eda internet el acervo bibliogr\u00e1fico con que cuenta la instituci\u00f3n, adem\u00e1s permite a los usuarios en general [&hellip;]<\/p>\n","protected":false},"author":56,"featured_media":0,"parent":0,"menu_order":0,"comment_status":"closed","ping_status":"closed","template":"","meta":{"footnotes":"","_links_to":"","_links_to_target":""},"class_list":["post-15","page","type-page","status-publish","hentry"],"_links":{"self":[{"href":"https:\/\/departamentos.uleam.edu.ec\/biblioteca-general\/wp-json\/wp\/v2\/pages\/15","targetHints":{"allow":["GET"]}}],"collection":[{"href":"https:\/\/departamentos.uleam.edu.ec\/biblioteca-general\/wp-json\/wp\/v2\/pages"}],"about":[{"href":"https:\/\/departamentos.uleam.edu.ec\/biblioteca-general\/wp-json\/wp\/v2\/types\/page"}],"author":[{"embeddable":true,"href":"https:\/\/departamentos.uleam.edu.ec\/biblioteca-general\/wp-json\/wp\/v2\/users\/56"}],"replies":[{"embeddable":true,"href":"https:\/\/departamentos.uleam.edu.ec\/biblioteca-general\/wp-json\/wp\/v2\/comments?post=15"}],"version-history":[{"count":115,"href":"https:\/\/departamentos.uleam.edu.ec\/biblioteca-general\/wp-json\/wp\/v2\/pages\/15\/revisions"}],"predecessor-version":[{"id":1206,"href":"https:\/\/departamentos.uleam.edu.ec\/biblioteca-general\/wp-json\/wp\/v2\/pages\/15\/revisions\/1206"}],"wp:attachment":[{"href":"https:\/\/departamentos.uleam.edu.ec\/biblioteca-general\/wp-json\/wp\/v2\/media?parent=15"}],"curies":[{"name":"wp","href":"https:\/\/api.w.org\/{rel}","templated":true}]}}