{"id":322,"date":"2015-06-17T21:06:35","date_gmt":"2015-06-17T21:06:35","guid":{"rendered":"http:\/\/departamentos.uleam.edu.ec\/biblioteca-general\/?page_id=322"},"modified":"2017-12-12T14:04:59","modified_gmt":"2017-12-12T14:04:59","slug":"rendicion-de-cuentas","status":"publish","type":"page","link":"https:\/\/departamentos.uleam.edu.ec\/biblioteca-general\/rendicion-de-cuentas\/","title":{"rendered":"RENDICI\u00d3N DE CUENTAS"},"content":{"rendered":"<p><span style=\"color: #339966\"><a style=\"color: #339966\" href=\"https:\/\/departamentos.uleam.edu.ec\/biblioteca-general\/files\/2015\/06\/RENDICION-DE-CUENTAS-BIBLIOTECA-ENERO-DE-2017.docx\">RENDICI\u00d3N DE CUENTAS BIBLIOTECA ENERO DE 2017<\/a><\/span><\/p>\n<p><span style=\"color: #339966\"><a style=\"color: #339966\" href=\"https:\/\/departamentos.uleam.edu.ec\/biblioteca-general\/files\/2015\/06\/RENDICION-DE-CUENTAS-BIBLIOTECA-FEBRERO-DE-2017.docx\">RENDICI\u00d3N DE CUENTAS BIBLIOTECA FEBRERO DE 2017<\/a><\/span><\/p>\n<p><span style=\"color: #339966\"><a style=\"color: #339966\" href=\"https:\/\/departamentos.uleam.edu.ec\/biblioteca-general\/files\/2015\/06\/RENDICION-DE-CUENTAS-BIBLIOTECA-MARZO-DE-2017.docx\">RENDICI\u00d3N DE CUENTAS BIBLIOTECA MARZO DE 2017<\/a><\/span><\/p>\n<p><span style=\"color: #339966\"><a style=\"color: #339966\" href=\"https:\/\/departamentos.uleam.edu.ec\/biblioteca-general\/files\/2015\/06\/RENDICION-DE-CUENTAS-BIBLIOTECA-ABRIL-DE-2017.docx\">RENDICI\u00d3N DE CUENTAS BIBLIOTECA ABRIL DE 2017<\/a><\/span><\/p>\n<p><span style=\"color: #339966\"><a style=\"color: #339966\" href=\"https:\/\/departamentos.uleam.edu.ec\/biblioteca-general\/files\/2015\/06\/RENDICION-DE-CUENTAS-BIBLIOTECA-MAYO-DE-2017.docx\">RENDICI\u00d3N DE CUENTAS BIBLIOTECA MAYO DE 2017<\/a><\/span><\/p>\n<p><span style=\"color: #339966\"><a style=\"color: #339966\" href=\"https:\/\/departamentos.uleam.edu.ec\/biblioteca-general\/files\/2015\/06\/RENDICION-DE-CUENTAS-BIBLIOTECA-JUNIO-DE-2017.pdf\">RENDICI\u00d3N DE CUENTAS BIBLIOTECA JUNIO DE 2017<\/a><\/span><\/p>\n<p><span style=\"color: #339966\"><a style=\"color: #339966\" href=\"https:\/\/departamentos.uleam.edu.ec\/biblioteca-general\/files\/2015\/06\/RENDICION-DE-CUENTAS-BIBLIOTECA-JULIO-DE-2017.pdf\">RENDICI\u00d3N DE CUENTAS BIBLIOTECA JULIO DE 2017<\/a><\/span><\/p>\n<p><span style=\"color: #339966\"><a style=\"color: #339966\" href=\"https:\/\/departamentos.uleam.edu.ec\/biblioteca-general\/files\/2015\/06\/RENDICION-DE-CUENTAS-BIBLIOTECA-AGOSTO-DE-2017.pdf\">RENDICI\u00d3N DE CUENTAS BIBLIOTECA AGOSTO DE 2017<\/a><\/span><\/p>\n<p><span style=\"color: #339966\"><a style=\"color: #339966\" href=\"https:\/\/departamentos.uleam.edu.ec\/biblioteca-general\/files\/2015\/06\/RENDICION-DE-CUENTAS-BIBLIOTECA-SEPTIEMBRE-DE-2017.pdf\">RENDICI\u00d3N-DE-CUENTAS-BIBLIOTECA-SEPTIEMBRE-DE-2017<\/a><\/span><\/p>\n<p><span style=\"color: #339966\"><a style=\"color: #339966\" href=\"https:\/\/departamentos.uleam.edu.ec\/biblioteca-general\/files\/2015\/06\/RENDICION-DE-CUENTAS-BIBLIOTECA-OCTUBRE-DE-2017.pdf\">RENDICI\u00d3N DE CUENTAS BIBLIOTECA OCTUBRE DE 2017<\/a><br \/>\n<\/span><\/p>\n<p><span style=\"color: #339966\"><a style=\"color: #339966\" href=\"https:\/\/departamentos.uleam.edu.ec\/biblioteca-general\/files\/2015\/06\/RENDICION-DE-CUENTAS-BIBLIOTECA-NOVIEMBRE-DE-2017.pdf\">RENDICI\u00d3N DE CUENTAS BIBLIOTECA NOVIEMBRE DE 2017<\/a><br \/>\n<\/span><\/p>\n[divider]\n<p><span style=\"color: #339966\"><a style=\"color: #339966\" href=\"https:\/\/departamentos.uleam.edu.ec\/biblioteca-general\/files\/2015\/06\/RENDICION-DE-CUENTAS-BIBLIOTECA-ENERO-DE-2016.docx\">RENDICI\u00d3N DE CUENTAS BIBLIOTECA ENERO DE 2016<\/a><\/span><\/p>\n<p><span style=\"color: #339966\"><a style=\"color: #339966\" href=\"https:\/\/departamentos.uleam.edu.ec\/biblioteca-general\/files\/2015\/06\/RENDICION-DE-CUENTAS-BIBLIOTECA-FEBRERO-DE-2016.docx\">RENDICI\u00d3N DE CUENTAS BIBLIOTECA FEBRERO DE 2016<\/a><\/span><\/p>\n<p><span style=\"color: #339966\"><a style=\"color: #339966\" href=\"https:\/\/departamentos.uleam.edu.ec\/biblioteca-general\/files\/2015\/06\/RENDICION-DE-CUENTAS-BIBLIOTECA-MARZO-DE-2016.docx\">RENDICI\u00d3N DE CUENTAS BIBLIOTECA MARZO DE 2016<\/a><\/span><\/p>\n<p><span style=\"color: #339966\"><a style=\"color: #339966\" href=\"https:\/\/departamentos.uleam.edu.ec\/biblioteca-general\/files\/2015\/06\/RENDICION-DE-CUENTAS-BIBLIOTECA-ABRIL-DE-2016-.docx\">RENDICI\u00d3N DE CUENTAS BIBLIOTECA ABRIL DE 2016<\/a><\/span><\/p>\n<p><span style=\"color: #339966\"><a style=\"color: #339966\" href=\"https:\/\/departamentos.uleam.edu.ec\/biblioteca-general\/files\/2015\/06\/RENDICION-DE-CUENTAS-BIBLIOTECA-MAYO-DE-2016.docx\">RENDICI\u00d3N DE CUENTAS BIBLIOTECA MAYO DE 2016<\/a><\/span><\/p>\n<p><span style=\"color: #339966\"><a style=\"color: #339966\" href=\"https:\/\/departamentos.uleam.edu.ec\/biblioteca-general\/files\/2015\/06\/RENDICION-DE-CUENTAS-BIBLIOTECA-JUNIO-DE-2016.docx\">RENDICI\u00d3N DE CUENTAS BIBLIOTECA JUNIO DE 2016<\/a><\/span><\/p>\n<p><span style=\"color: #339966\"><a style=\"color: #339966\" href=\"https:\/\/departamentos.uleam.edu.ec\/biblioteca-general\/files\/2015\/06\/RENDICION-DE-CUENTAS-BIBLIOTECA-JULIO-DE-2016.docx\">RENDICI\u00d3N DE CUENTAS BIBLIOTECA JULIO DE 2016<\/a><\/span><\/p>\n<p><span style=\"color: #339966\"><a style=\"color: #339966\" href=\"https:\/\/departamentos.uleam.edu.ec\/biblioteca-general\/files\/2015\/06\/RENDICION-DE-CUENTAS-BIBLIOTECA-AGOSTO-DE-2016.docx\">RENDICI\u00d3N DE CUENTAS BIBLIOTECA AGOSTO DE 2016<\/a><\/span><\/p>\n<p><span style=\"color: #339966\"><a style=\"color: #339966\" href=\"https:\/\/departamentos.uleam.edu.ec\/biblioteca-general\/files\/2015\/06\/RENDICION-DE-CUENTAS-BIBLIOTECA-SEPTIEMBRE-DE-2016.docx\">RENDICI\u00d3N DE CUENTAS BIBLIOTECA SEPTIEMBRE DE 2016<\/a><\/span><\/p>\n<p><span style=\"color: #339966\"><a style=\"color: #339966\" href=\"https:\/\/departamentos.uleam.edu.ec\/biblioteca-general\/files\/2015\/06\/RENDICION-DE-CUENTAS-BIBLIOTECA-OCTUBRE-DE-2016.docx\">RENDICI<\/a><a style=\"color: #339966\" href=\"https:\/\/departamentos.uleam.edu.ec\/biblioteca-general\/files\/2015\/06\/RENDICION-DE-CUENTAS-BIBLIOTECA-SEPTIEMBRE-DE-2016.docx\">\u00d3<\/a><a style=\"color: #339966\" href=\"https:\/\/departamentos.uleam.edu.ec\/biblioteca-general\/files\/2015\/06\/RENDICION-DE-CUENTAS-BIBLIOTECA-OCTUBRE-DE-2016.docx\">N DE CUENTAS BIBLIOTECA OCTUBRE DE 2016<\/a><\/span><\/p>\n<p><span style=\"color: #339966\"><a style=\"color: #339966\" href=\"https:\/\/departamentos.uleam.edu.ec\/biblioteca-general\/files\/2015\/06\/RENDICION-DE-CUENTAS-BIBLIOTECA-NOVIEMBRE-DE-2016.docx\">RENDICI\u00d3N DE CUENTAS BIBLIOTECA NOVIEMBRE DE 2016<\/a><\/span><\/p>\n<p><span style=\"color: #339966\"><a style=\"color: #339966\" href=\"https:\/\/departamentos.uleam.edu.ec\/biblioteca-general\/files\/2015\/06\/RENDICION-DE-CUENTAS-BIBLIOTECA-DICIEMBRE-DE-20162.docx\">RENDICI\u00d3N DE CUENTAS BIBLIOTECA DICIEMBRE DE 2016<\/a><\/span><\/p>\n[divider]\n<p><span style=\"color: #339966\"><a style=\"color: #339966\" href=\"https:\/\/departamentos.uleam.edu.ec\/biblioteca-general\/files\/2015\/06\/RENDICION-DE-CUENTAS-BIBLIOTECA-ENERO-DE-2015.pdf\">RENDICI\u00d3N DE CUENTAS BIBLIOTECA ENERO DE 2015<\/a><\/span><\/p>\n<p><span style=\"color: #339966\"><a style=\"color: #339966\" href=\"https:\/\/departamentos.uleam.edu.ec\/biblioteca-general\/files\/2015\/06\/RENDICION-DE-CUENTAS-BIBLIOTECA-FEBRERO-DE-2015.pdf\">RENDICI\u00d3N DE CUENTAS BIBLIOTECA FEBRERO DE 2015<\/a><\/span><\/p>\n<p><span style=\"color: #339966\"><a style=\"color: #339966\" href=\"https:\/\/departamentos.uleam.edu.ec\/biblioteca-general\/files\/2015\/06\/RENDICION-DE-CUENTAS-BIBLIOTECA-MARZO-DE-2015.pdf\">RENDICI\u00d3N DE CUENTAS BIBLIOTECA MARZO DE 2015<\/a><\/span><\/p>\n<p><span style=\"color: #339966\"><a style=\"color: #339966\" href=\"https:\/\/departamentos.uleam.edu.ec\/biblioteca-general\/files\/2015\/06\/RENDICION-DE-CUENTAS-BIBLIOTECA-ABRIL-DE-2015.pdf\">RENDICI\u00d3N DE CUENTAS BIBLIOTECA ABRIL DE 2015<\/a><\/span><\/p>\n<p><span style=\"color: #339966\"><a style=\"color: #339966\" href=\"https:\/\/departamentos.uleam.edu.ec\/biblioteca-general\/files\/2015\/06\/RENDICION-DE-CUENTAS-BIBLIOTECA-MAYO-DE-2015.pdf\">RENDICI\u00d3N DE CUENTAS BIBLIOTECA MAYO DE 2015<\/a><\/span><\/p>\n<p><span style=\"color: #339966\"><a style=\"color: #339966\" href=\"https:\/\/departamentos.uleam.edu.ec\/biblioteca-general\/files\/2015\/06\/RENDICION-DE-CUENTAS-BIBLIOTECA-JUNIO-DE-20151.pdf\">RENDICI\u00d3N DE CUENTAS BIBLIOTECA JUNIO DE 2015<\/a><\/span><\/p>\n<p><span style=\"color: #339966\"><a style=\"color: #339966\" href=\"https:\/\/departamentos.uleam.edu.ec\/biblioteca-general\/files\/2015\/06\/RENDICION-DE-CUENTAS-BIBLIOTECA-JULIO-DE-20151.pdf\">RENDICI\u00d3N DE CUENTAS BIBLIOTECA JULIO DE 2015<\/a><\/span><\/p>\n<p><span style=\"color: #339966\"><a style=\"color: #339966\" href=\"https:\/\/departamentos.uleam.edu.ec\/biblioteca-general\/files\/2015\/06\/RENDICION-DE-CUENTAS-BIBLIOTECA-AGOSTO-DE-2015.pdf\">RENDICI\u00d3N DE CUENTAS BIBLIOTECA AGOSTO DE 2015<\/a><\/span><\/p>\n<p><span style=\"color: #339966\"><a style=\"color: #339966\" href=\"https:\/\/departamentos.uleam.edu.ec\/biblioteca-general\/files\/2015\/06\/RENDICION-DE-CUENTAS-BIBLIOTECA-SEPTIEMBRE-DE-20151.pdf\">RENDICI\u00d3N DE CUENTAS BIBLIOTECA SEPTIEMBRE DE 2015<\/a><\/span><\/p>\n<p><span style=\"color: #339966\"><a style=\"color: #339966\" href=\"https:\/\/departamentos.uleam.edu.ec\/biblioteca-general\/files\/2015\/06\/RENDICION-DE-CUENTAS-BIBLIOTECA-OCTUBRE-DE-2015.pdf\">RENDICI\u00d3N DE CUENTAS BIBLIOTECA OCTUBRE DE 2015<\/a><\/span><\/p>\n<p><span style=\"color: #339966\"><a style=\"color: #339966\" href=\"https:\/\/departamentos.uleam.edu.ec\/biblioteca-general\/files\/2015\/06\/RENDICION-DE-CUENTAS-BIBLIOTECA-NOVIEMBRE-DE-2015.docx\">RENDICI\u00d3N DE CUENTAS BIBLIOTECA NOVIEMBRE DE 2015<\/a><\/span><\/p>\n[divider]\n<p><span style=\"color: #339966\"><a style=\"color: #339966\" href=\"https:\/\/departamentos.uleam.edu.ec\/biblioteca-general\/files\/2015\/06\/RENDICION-DE-CUENTAS-BIBLIOTECA-2014.pdf\">RENDICI\u00d3N DE CUENTAS BIBLIOTECA 2014<\/a><\/span><\/p>\n","protected":false},"excerpt":{"rendered":"<p>RENDICI\u00d3N DE CUENTAS BIBLIOTECA ENERO DE 2017 RENDICI\u00d3N DE CUENTAS BIBLIOTECA FEBRERO DE 2017 RENDICI\u00d3N DE CUENTAS BIBLIOTECA MARZO DE 2017 RENDICI\u00d3N DE CUENTAS BIBLIOTECA ABRIL DE 2017 RENDICI\u00d3N DE CUENTAS BIBLIOTECA MAYO DE 2017 RENDICI\u00d3N DE CUENTAS BIBLIOTECA JUNIO [&hellip;]<\/p>\n","protected":false},"author":56,"featured_media":0,"parent":0,"menu_order":0,"comment_status":"closed","ping_status":"closed","template":"","meta":{"footnotes":"","_links_to":"","_links_to_target":""},"class_list":["post-322","page","type-page","status-publish","hentry"],"_links":{"self":[{"href":"https:\/\/departamentos.uleam.edu.ec\/biblioteca-general\/wp-json\/wp\/v2\/pages\/322","targetHints":{"allow":["GET"]}}],"collection":[{"href":"https:\/\/departamentos.uleam.edu.ec\/biblioteca-general\/wp-json\/wp\/v2\/pages"}],"about":[{"href":"https:\/\/departamentos.uleam.edu.ec\/biblioteca-general\/wp-json\/wp\/v2\/types\/page"}],"author":[{"embeddable":true,"href":"https:\/\/departamentos.uleam.edu.ec\/biblioteca-general\/wp-json\/wp\/v2\/users\/56"}],"replies":[{"embeddable":true,"href":"https:\/\/departamentos.uleam.edu.ec\/biblioteca-general\/wp-json\/wp\/v2\/comments?post=322"}],"version-history":[{"count":50,"href":"https:\/\/departamentos.uleam.edu.ec\/biblioteca-general\/wp-json\/wp\/v2\/pages\/322\/revisions"}],"predecessor-version":[{"id":657,"href":"https:\/\/departamentos.uleam.edu.ec\/biblioteca-general\/wp-json\/wp\/v2\/pages\/322\/revisions\/657"}],"wp:attachment":[{"href":"https:\/\/departamentos.uleam.edu.ec\/biblioteca-general\/wp-json\/wp\/v2\/media?parent=322"}],"curies":[{"name":"wp","href":"https:\/\/api.w.org\/{rel}","templated":true}]}}