{"id":9,"date":"2014-05-23T21:49:18","date_gmt":"2014-05-23T21:49:18","guid":{"rendered":"http:\/\/departamentos.uleam.edu.ec\/biblioteca-general\/?page_id=9"},"modified":"2020-02-03T19:13:48","modified_gmt":"2020-02-03T19:13:48","slug":"datos-generales","status":"publish","type":"page","link":"https:\/\/departamentos.uleam.edu.ec\/biblioteca-general\/datos-generales\/","title":{"rendered":"DATOS GENERALES"},"content":{"rendered":"<p style=\"text-align: center\"><span style=\"color: #000000\"><strong>BIBLIOTECA GENERAL \u201cDR. MIGUEL MOR\u00c1N LUCIO\u201d DE LA UNIVERSIDAD LAICA \u201cELOY ALFARO\u201d DE MANAB\u00cd<\/strong><\/span><\/p>\n<p><span style=\"color: #000000\"><strong>\u00a0<\/strong><strong>JEFE DE BIBLIOTECA<\/strong><\/span><\/p>\n<ul>\n<li><span style=\"color: #000000\">Lic. Jos\u00e9 Luis Mieles Palma<\/span><\/li>\n<\/ul>\n<p><span style=\"color: #000000\">FUNCIONES DEL JEFE DE BIBLIOTECA<\/span><\/p>\n<ol>\n<li><span style=\"color: #000000\">Organizar, planificar, controlar y ejecutar las actividades de la Biblioteca<\/span><\/li>\n<li><span style=\"color: #000000\">Supervisar el trabajo de los empleados y trabajadores de Biblioteca<\/span><\/li>\n<li><span style=\"color: #000000\">Coordinar con las Unidades Acad\u00e9micas y Profesores, la selecci\u00f3n del material bibliogr\u00e1fico para su futura adquisici\u00f3n.<\/span><\/li>\n<li><span style=\"color: #000000\">Presentar informes estad\u00edsticos mensuales al Director del DIBSE, sobre los servicios que se brindan en la Biblioteca.<\/span><\/li>\n<li><span style=\"color: #000000\">Atender los requerimientos de los empleados y trabajadores para mejorar los servicios.<\/span><\/li>\n<li><span style=\"color: #000000\">Controlar el ingreso y egreso por compra, donaci\u00f3n y canje de: libros, revistas, tesis, peri\u00f3dicos, memorias, registros oficiales y dem\u00e1s material bibliogr\u00e1fico o audiovisual.<\/span><\/li>\n<li><span style=\"color: #000000\">Solicitar al Director del DIBSE, la adquisici\u00f3n de materiales bibliogr\u00e1ficos, mobiliarios, equipos, accesorios, etc., que se requieran para la Biblioteca.<\/span><\/li>\n<li><span style=\"color: #000000\">Asesorar a los profesores, investigadores y estudiantes sobre la optimizaci\u00f3n de b\u00fasqueda de informaci\u00f3n al interior de la biblioteca.<\/span><\/li>\n<li><span style=\"color: #000000\">Comunicar al Jefe inmediato, cualquier novedad relacionada con p\u00e9rdida o deterioro de los materiales bibliogr\u00e1ficos, para su recuperaci\u00f3n o restauraci\u00f3n.<\/span><\/li>\n<li><span style=\"color: #000000\">Presentar anualmente al Director del DIBSE, el Plan de Trabajo y de presupuesto de las necesidades del Centro de Informaci\u00f3n.<\/span><\/li>\n<li><span style=\"color: #000000\">Firmar las certificaciones o correspondencia que se env\u00eda a otras oficinas y departamentos.<\/span><\/li>\n<\/ol>\n<p><span style=\"color: #000000\"><strong>TECNOLOG\u00cdA DE INFORMACI\u00d3N<\/strong><\/span><\/p>\n<ul>\n<li><span style=\"color: #000000\">Toala Reyes Jos\u00e9<\/span><\/li>\n<\/ul>\n<p><span style=\"color: #000000\">FUNCIONES T.I.<\/span><\/p>\n<ol>\n<li><span style=\"color: #000000\">Atender cordial y eficientemente a los usuarios que se acercan a la Biblioteca<\/span><\/li>\n<li><span style=\"color: #000000\">Asesorar a los usuarios en la b\u00fasqueda de informaci\u00f3n en Bibliotecas Virtuales<\/span><\/li>\n<li><span style=\"color: #000000\">Actualizar, reportes y Estadisticas en la pagina de Biblioteca.<\/span><\/li>\n<li><span style=\"color: #000000\">Administrar las plataformas inform\u00e1ticas (H\/S) de la Biblioteca<\/span><\/li>\n<li><span style=\"color: #000000\">Difundir y capacitar el uso de acceso a informaci\u00f3n Cient\u00edfica Internacional.<\/span><\/li>\n<li><span style=\"color: #000000\">Cumplir con el horario asignado en su turno<\/span><\/li>\n<li><span style=\"color: #000000\">Realizar otras actividades a fin a su puesto designado por el superior inmediato.<\/span><\/li>\n<\/ol>\n<p><span style=\"color: #000000\"><strong>SECRETAR\u00cdA<\/strong><\/span><\/p>\n<ul>\n<li><span style=\"color: #000000\">Mantuano Mirian<\/span><\/li>\n<li><span style=\"color: #000000\">Franco Delgado Ana<\/span><\/li>\n<li><span style=\"color: #000000\">Gallegos Karen<\/span><\/li>\n<\/ul>\n<p><span style=\"color: #000000\">FUNCIONES DE SECRETAR\u00cdA<\/span><\/p>\n<ol>\n<li><span style=\"color: #000000\">Llevar un registro y archivo de las correspondencias enviadas.<\/span><\/li>\n<li><span style=\"color: #000000\">Recibir las comunicaciones enviadas a la Biblioteca para ser entregadas al Jefe de Biblioteca para su conocimiento.<\/span><\/li>\n<li><span style=\"color: #000000\">Escribir la correspondencia a ser enviada a otros departamentos u oficinas dentro y fuera de las Universidad.<\/span><\/li>\n<li><span style=\"color: #000000\">Informar al Jefe sobre las novedades que se presenten durante su ausencia<\/span><\/li>\n<li><span style=\"color: #000000\">Llevar un control de inventario de los materiales bibliogr\u00e1ficos, equipos o mobiliarios que ingresen a la Biblioteca.<\/span><\/li>\n<li><span style=\"color: #000000\">Realizar otras actividades a fin de su puesto designadas por el superior inmediato.<\/span><\/li>\n<li><span style=\"color: #000000\">Coordinar con las facultades para la recuperaci\u00f3n de libros prestados a los se\u00f1ores estudiantes.<\/span><\/li>\n<\/ol>\n<p><span style=\"color: #000000\"><strong>CIRCULACI\u00d3N Y REFERENCIA<\/strong><\/span><\/p>\n<ul>\n<li><span style=\"color: #000000\">Alay Valeriano Pedro<\/span><\/li>\n<li><span style=\"color: #000000\">Valencia Delgado Vicente Roberth<\/span><\/li>\n<li><span style=\"color: #000000\">Espinoza Arteaga Ib\u00f3n<\/span><\/li>\n<li><span style=\"color: #000000\">Barcia Men\u00e9ndez Alberto<\/span><\/li>\n<li><span style=\"color: #000000\">Arias Fernando<\/span><\/li>\n<li><span style=\"color: #000000\">Delpino Cesar<\/span><\/li>\n<li><span style=\"color: #000000\">Bermudez Betsy<\/span><\/li>\n<\/ul>\n<p><span style=\"color: #000000\">FUNCIONES DEL PERSONAL DE CIRCULACI\u00d3N<\/span><\/p>\n<ol>\n<li><span style=\"color: #000000\">Atender cordial y eficientemente a los usuarios que se acercan al \u00e1rea de circulaci\u00f3n.<\/span><\/li>\n<li><span style=\"color: #000000\">Ubicar adecuadamente los libros en las estanter\u00edas, acorde al sistema de clasificaci\u00f3n.<\/span><\/li>\n<li><span style=\"color: #000000\">Asesorar a los usuarios en la b\u00fasqueda de informaci\u00f3n.<\/span><\/li>\n<li><span style=\"color: #000000\">Ingresar usuarios, prestamos y devoluciones en el Sistema de Gestion de Biblioteca<\/span><\/li>\n<li><span style=\"color: #000000\">Verificar la eficiente ubicaci\u00f3n de las fichas en los textos.<\/span><\/li>\n<li><span style=\"color: #000000\">Precautelar el estado f\u00edsico de los libros.<\/span><\/li>\n<li><span style=\"color: #000000\">Cumplir con el horario asignado en su turno<\/span><\/li>\n<li><span style=\"color: #000000\">Sugerir la adquisici\u00f3n de los textos m\u00e1s solicitados.<\/span><\/li>\n<li><span style=\"color: #000000\">Reportar al Jefe de Biblioteca las p\u00e9rdidas o sustracci\u00f3n de textos.<\/span><\/li>\n<li><span style=\"color: #000000\">Recibir del personal de Procesos T\u00e9cnicos, los libros procesados para el pr\u00e9stamo en sala, mediante un listado de Entrega \u2013 Recepci\u00f3n.<\/span><\/li>\n<li><span style=\"color: #000000\">Registrar en la computadora, los textos prestados a domicilio antes de entregarlo al \u00e1rea de pr\u00e9stamos externos.<\/span><\/li>\n<li><span style=\"color: #000000\">Realizar otras actividades a fin a su puesto designado por el superior inmediato.<\/span><\/li>\n<li><span style=\"color: #000000\">Ayudar eventualmente al compa\u00f1ero (a), en ausencia o permiso temporal.<\/span><\/li>\n<\/ol>\n<p><span style=\"color: #000000\">FUNCIONES DEL REFERENCISTA:<\/span><\/p>\n<ol>\n<li><span style=\"color: #000000\">Recibir la credencial de los usuarios.<\/span><\/li>\n<li><span style=\"color: #000000\">Verificar la autenticidad de los documentos y los datos personales del usuario.<\/span><\/li>\n<li><span style=\"color: #000000\">Orientar al usuario sobre la b\u00fasqueda de informaci\u00f3n.\u00a0 Entregando los c\u00f3digos de ubicaci\u00f3n f\u00edsica apropiados.<\/span><\/li>\n<li><span style=\"color: #000000\">Elaborar la estad\u00edstica de usuarios de su respectivo turno.<\/span><\/li>\n<li><span style=\"color: #000000\">Coordinar con los compa\u00f1eros de circulaci\u00f3n y pr\u00e9stamos externos, las necesidades de material bibliogr\u00e1fico para su adquisici\u00f3n.<\/span><\/li>\n<\/ol>\n<p><span style=\"color: #000000\"><strong>PR\u00c9STAMOS EXTERNOS<\/strong><\/span><\/p>\n<p><span style=\"color: #000000\">FUNCIONES DEL PERSONAL DE PR\u00c9STAMOS EXTERNOS<\/span><\/p>\n<ol>\n<li><span style=\"color: #000000\">Registrar en la base de datos, los datos personales del usuario y de los textos que lleva a domicilio as\u00ed como la fecha de pr\u00e9stamo de entrega.<\/span><\/li>\n<li><span style=\"color: #000000\">Emitir el carnet de pr\u00e9stamo a domicilio, previo la presentaci\u00f3n de los documentos requeridos al usuario.<\/span><\/li>\n<li><span style=\"color: #000000\">Coordinar con el personal de circulaci\u00f3n, los pr\u00e9stamos de los textos a domicilio.<\/span><\/li>\n<li><span style=\"color: #000000\">Elaborar estad\u00edsticas diarias de los pr\u00e9stamos realizados, en su respectivo turno.<\/span><\/li>\n<li><span style=\"color: #000000\">Comunicar al Jefe de Biblioteca y emitir un informe semanal de los usuarios morosos con la biblioteca.<\/span><\/li>\n<li><span style=\"color: #000000\">Realizar otras actividades a fin a su puesto designado por el superior inmediato.<\/span><\/li>\n<\/ol>\n<p><span style=\"color: #000000\"><strong>HEMEROTECA<\/strong><\/span><\/p>\n<p><span style=\"color: #000000\">FUNCIONES PERSONAL HEMEROTECA<\/span><\/p>\n<ol>\n<li><span style=\"color: #000000\">Atender cordial y eficientemente a los usuarios.<\/span><\/li>\n<li><span style=\"color: #000000\">Registrar los datos del usuario y del material prestado<\/span><\/li>\n<li><span style=\"color: #000000\">Mantener en orden el material disponible para los pr\u00e9stamos<\/span><\/li>\n<li><span style=\"color: #000000\">Mantener un inventario actualizado sobre el fondo bibliogr\u00e1fico de hemeroteca<\/span><\/li>\n<li><span style=\"color: #000000\">Cuidar que las revistas y peri\u00f3dicos no sean mutilados por los usuarios<\/span><\/li>\n<li><span style=\"color: #000000\">No prestar tesis a domicilio.<\/span><\/li>\n<li><span style=\"color: #000000\">Llevar una estad\u00edstica diaria de los pr\u00e9stamos realizados, al interior de su secci\u00f3n<\/span><\/li>\n<li><span style=\"color: #000000\">Comunicar al Jefe de Biblioteca, cualquier novedad referente a sus funciones.<\/span><\/li>\n<li><span style=\"color: #000000\">Observar que cada tesis, contenga su respectiva ficha de identificaci\u00f3n, la misma que deber\u00e1 ser ubicada correctamente,<\/span><\/li>\n<li><span style=\"color: #000000\">Recibir del personal de Procesos T\u00e9cnicos, las tesis, revistas y otros documentos procesados para el pr\u00e9stamo en sala, mediante un listado entrega-recepci\u00f3n.<\/span><\/li>\n<\/ol>\n<p><span style=\"color: #000000\"><strong>PROCESOS T\u00c9CNICOS<\/strong><\/span><\/p>\n<ul>\n<li><span style=\"color: #000000\">Andrade Valdiviezo Varinia<\/span><\/li>\n<li><span style=\"color: #000000\">Cede\u00f1o Mac\u00edas Kerly del Roc\u00edo<\/span><\/li>\n<li><span style=\"color: #000000\">Mero Arteaga Gina Aurora<\/span><\/li>\n<\/ul>\n<p><span style=\"color: #000000\">FUNCIONES DEL PERSONAL DE PROCESOS T\u00c9CNICOS<\/span><\/p>\n<ol>\n<li><span style=\"color: #000000\">Clasificar los textos de acuerdo con el Sistema de Clasificaci\u00f3n DEWEY<\/span><\/li>\n<li><span style=\"color: #000000\">Catalogar e indizar de acuerdo con las normas de la HOJA CEPAL y los tesauros<\/span><\/li>\n<li><span style=\"color: #000000\">Hacer res\u00famenes de las tesis de grado<\/span><\/li>\n<li><span style=\"color: #000000\">Ingresar en la base de datos la informaci\u00f3n bibliogr\u00e1fica de los textos, utilizando el sistema Koha.<\/span><\/li>\n<li><span style=\"color: #000000\">Preparar f\u00edsicamente el material bibliogr\u00e1fico, sellando, pegando bolsillo, emitiendo la ficha interna y pegar los marbetes.<\/span><\/li>\n<li><span style=\"color: #000000\">Entregar al personal de circulaci\u00f3n, los libros procesados para su difusi\u00f3n mediante un listado de entrega-recepci\u00f3n.<\/span><\/li>\n<li><span style=\"color: #000000\">Elaborar los cat\u00e1logos colectivos del material bibliogr\u00e1fico disponible en Biblioteca.<\/span><\/li>\n<li><span style=\"color: #000000\">Tener el respaldo de la base de datos.<\/span><\/li>\n<li><span style=\"color: #000000\">Conversi\u00f3n de las tesis de grado del programa Word a PDF.<\/span><\/li>\n<li><span style=\"color: #000000\">Correcci\u00f3n ortogr\u00e1fica de las tesis digitalizadas.<\/span><\/li>\n<li><span style=\"color: #000000\">Asignaci\u00f3n de claves de accesos a cada tesis para su seguridad.<\/span><\/li>\n<li><span style=\"color: #000000\">Alimentaci\u00f3n de la bases de datos de la Biblioteca Digital.<\/span><\/li>\n<li><span style=\"color: #000000\">Realizar otras actividades a fin a su puesto designadas por el superior inmediato.<\/span><\/li>\n<\/ol>\n<p><span style=\"color: #000000\"><strong>SERVICIOS VARIOS<\/strong><\/span><\/p>\n<ul>\n<li><span style=\"color: #000000\">Zamora Sergio<\/span><\/li>\n<\/ul>\n<p><span style=\"color: #000000\">FUNCIONES<\/span><\/p>\n<ol>\n<li><span style=\"color: #000000\">Realizar la limpieza de las oficinas, sala de lectura, escritorios, sillas, mesas y otros de la secci\u00f3n de Biblioteca.<\/span><\/li>\n<li><span style=\"color: #000000\">Realizar el aseo y limpieza diaria de los sanitarios de las oficinas.<\/span><\/li>\n<li><span style=\"color: #000000\">Realizar el control de las oficinas al momento de salir del trabajo, especialmente agua, luz. Acondicionadores de aire, computadores y otros equipos que se encuentran apagados.<\/span><\/li>\n<li><span style=\"color: #000000\">Realizar la limpieza general de pisos, paredes, tumbados y ventanales por lo menos cada 15 d\u00edas.<\/span><\/li>\n<li><span style=\"color: #000000\">Realizar la limpieza perimetral del \u00e1rea asignada, tomando como referencia de diez a quince metros a la redonda.<\/span><\/li>\n<li><span style=\"color: #000000\">Depositar la basura y desperdicios, en el lugar de recolecci\u00f3n que realiza el servicio municipal, la basura deber\u00e1 ser depositada en fundas, cartones, por ning\u00fan motivo se deber\u00e1 quemar, ni dejar adjunto al lugar de trabajo.<\/span><\/li>\n<li><span style=\"color: #000000\">Custodiar los llaveros de acceso a las oficinas designadas, con total responsabilidad, no facilitar las llaves de la oficina a otra persona.<\/span><\/li>\n<li><span style=\"color: #000000\">Colaborar en labores de mantenimiento en las oficinas cuando se lo necesite.<\/span><\/li>\n<li><span style=\"color: #000000\">Informar a su jefe inmediato superior sobre desapariciones, deterioro en las instalaciones del sistema el\u00e9ctrico, fr\u00edo, agua y otros.<\/span><\/li>\n<li><span style=\"color: #000000\">Debe permanecer cerca a su lugar de trabajo, para estar listo a cualquier llamado, de igual manera tener un control y seguridad de las oficinas.<\/span><\/li>\n<li><span style=\"color: #000000\">Cuando se est\u00e1 realizando la limpieza y aseo de las oficinas, es necesario hacerlo solo ya que usted es el responsable del cuidado de la oficina ya que en las mismas existen documentos importantes.<\/span><\/li>\n<li><span style=\"color: #000000\">Realiza la mensajer\u00eda interna y externa del \u00e1rea que se desempe\u00f1a.<\/span><\/li>\n<li><span style=\"color: #000000\">Realiza otras tareas a fin a su puesto, asignadas por el superior inmediato.<\/span><\/li>\n<li><span style=\"color: #000000\">Cumplir con absoluta responsabilidad, su horario de trabajo asignado para sus funciones.<\/span><\/li>\n<li><span style=\"color: #000000\">Llegar a laborar en estado sobrio.<\/span><\/li>\n<\/ol>\n","protected":false},"excerpt":{"rendered":"<p>BIBLIOTECA GENERAL \u201cDR. MIGUEL MOR\u00c1N LUCIO\u201d DE LA UNIVERSIDAD LAICA \u201cELOY ALFARO\u201d DE MANAB\u00cd \u00a0JEFE DE BIBLIOTECA Lic. Jos\u00e9 Luis Mieles Palma FUNCIONES DEL JEFE DE BIBLIOTECA Organizar, planificar, controlar y ejecutar las actividades de la Biblioteca Supervisar el trabajo [&hellip;]<\/p>\n","protected":false},"author":2,"featured_media":0,"parent":0,"menu_order":0,"comment_status":"closed","ping_status":"closed","template":"","meta":{"footnotes":"","_links_to":"","_links_to_target":""},"class_list":["post-9","page","type-page","status-publish","hentry"],"_links":{"self":[{"href":"https:\/\/departamentos.uleam.edu.ec\/biblioteca-general\/wp-json\/wp\/v2\/pages\/9","targetHints":{"allow":["GET"]}}],"collection":[{"href":"https:\/\/departamentos.uleam.edu.ec\/biblioteca-general\/wp-json\/wp\/v2\/pages"}],"about":[{"href":"https:\/\/departamentos.uleam.edu.ec\/biblioteca-general\/wp-json\/wp\/v2\/types\/page"}],"author":[{"embeddable":true,"href":"https:\/\/departamentos.uleam.edu.ec\/biblioteca-general\/wp-json\/wp\/v2\/users\/2"}],"replies":[{"embeddable":true,"href":"https:\/\/departamentos.uleam.edu.ec\/biblioteca-general\/wp-json\/wp\/v2\/comments?post=9"}],"version-history":[{"count":17,"href":"https:\/\/departamentos.uleam.edu.ec\/biblioteca-general\/wp-json\/wp\/v2\/pages\/9\/revisions"}],"predecessor-version":[{"id":1276,"href":"https:\/\/departamentos.uleam.edu.ec\/biblioteca-general\/wp-json\/wp\/v2\/pages\/9\/revisions\/1276"}],"wp:attachment":[{"href":"https:\/\/departamentos.uleam.edu.ec\/biblioteca-general\/wp-json\/wp\/v2\/media?parent=9"}],"curies":[{"name":"wp","href":"https:\/\/api.w.org\/{rel}","templated":true}]}}