{"id":1103,"date":"2023-01-26T19:29:56","date_gmt":"2023-01-26T19:29:56","guid":{"rendered":"https:\/\/departamentos.uleam.edu.ec\/comunicacion-e-imagen\/?page_id=1103"},"modified":"2025-07-01T16:57:15","modified_gmt":"2025-07-01T16:57:15","slug":"productos-informativos-escritos","status":"publish","type":"page","link":"https:\/\/departamentos.uleam.edu.ec\/comunicacion-e-imagen\/productos-informativos-escritos\/","title":{"rendered":"Difusi\u00f3n en Medios"},"content":{"rendered":"\n<p><a href=\"https:\/\/departamentos.uleam.edu.ec\/comunicacion-e-imagen\/files\/2025\/07\/1.-INFORME-DE-GESTION-COMUNICACIONAL.pdf\" data-type=\"link\" data-id=\"https:\/\/departamentos.uleam.edu.ec\/comunicacion-e-imagen\/files\/2025\/07\/1.-INFORME-DE-GESTION-COMUNICACIONAL.pdf\">Difusi\u00f3n en Medios 2024<\/a><\/p>\n\n\n\n<p class=\"has-text-align-center\"><strong>PRODUCTOS ESCRITOS <\/strong><\/p>\n\n\n\n<p><a href=\"https:\/\/www.uleam.edu.ec\/category\/c85-noticias\/\">Boletines publicados en la Web Institucional <\/a><\/p>\n\n\n\n<p class=\"has-white-color has-vivid-cyan-blue-background-color has-text-color has-background\">Bolet\u00edn informativo, preparado con la finalidad de rendir cuentas a la sociedad ecuatoriana de la gesti\u00f3n realizada por la Uleam, a trav\u00e9s de sus funciones sustantivas.<\/p>\n\n\n<div class=\"wp-block-image\">\n<figure class=\"alignleft size-full is-resized\"><a href=\"https:\/\/www.uleam.edu.ec\/revista-digital-informativa-uleam\/\"><img fetchpriority=\"high\" decoding=\"async\" width=\"429\" height=\"610\" src=\"https:\/\/departamentos.uleam.edu.ec\/comunicacion-e-imagen\/files\/2023\/01\/rev-1.jpg\" alt=\"\" class=\"wp-image-1109\" style=\"width:180px;height:255px\" srcset=\"https:\/\/departamentos.uleam.edu.ec\/comunicacion-e-imagen\/files\/2023\/01\/rev-1.jpg 429w, https:\/\/departamentos.uleam.edu.ec\/comunicacion-e-imagen\/files\/2023\/01\/rev-1-211x300.jpg 211w\" sizes=\"(max-width: 429px) 100vw, 429px\" \/><\/a><figcaption class=\"wp-element-caption\"><strong>Enero 2021<\/strong><\/figcaption><\/figure>\n<\/div>\n\n<div class=\"wp-block-image\">\n<figure class=\"alignleft size-full is-resized\"><a href=\"https:\/\/departamentos.uleam.edu.ec\/comunicacion-e-imagen\/files\/2023\/01\/RECTORADO-Gaceta.pdf\"><img decoding=\"async\" width=\"271\" height=\"375\" src=\"https:\/\/departamentos.uleam.edu.ec\/comunicacion-e-imagen\/files\/2023\/01\/rr.jpg\" alt=\"\" class=\"wp-image-1113\" style=\"width:183px;height:253px\" srcset=\"https:\/\/departamentos.uleam.edu.ec\/comunicacion-e-imagen\/files\/2023\/01\/rr.jpg 271w, https:\/\/departamentos.uleam.edu.ec\/comunicacion-e-imagen\/files\/2023\/01\/rr-217x300.jpg 217w\" sizes=\"(max-width: 271px) 100vw, 271px\" \/><\/a><figcaption class=\"wp-element-caption\"><strong>Febrero 2022<\/strong><\/figcaption><\/figure>\n<\/div>","protected":false},"excerpt":{"rendered":"<p>Difusi\u00f3n en Medios 2024 PRODUCTOS ESCRITOS Boletines publicados en la Web Institucional Bolet\u00edn informativo, preparado con la finalidad de rendir cuentas a la sociedad ecuatoriana de la gesti\u00f3n realizada por la Uleam, a trav\u00e9s de sus funciones sustantivas.<\/p>\n","protected":false},"author":117,"featured_media":0,"parent":0,"menu_order":0,"comment_status":"closed","ping_status":"closed","template":"","meta":{"footnotes":"","_links_to":"","_links_to_target":""},"class_list":["post-1103","page","type-page","status-publish","hentry"],"_links":{"self":[{"href":"https:\/\/departamentos.uleam.edu.ec\/comunicacion-e-imagen\/wp-json\/wp\/v2\/pages\/1103","targetHints":{"allow":["GET"]}}],"collection":[{"href":"https:\/\/departamentos.uleam.edu.ec\/comunicacion-e-imagen\/wp-json\/wp\/v2\/pages"}],"about":[{"href":"https:\/\/departamentos.uleam.edu.ec\/comunicacion-e-imagen\/wp-json\/wp\/v2\/types\/page"}],"author":[{"embeddable":true,"href":"https:\/\/departamentos.uleam.edu.ec\/comunicacion-e-imagen\/wp-json\/wp\/v2\/users\/117"}],"replies":[{"embeddable":true,"href":"https:\/\/departamentos.uleam.edu.ec\/comunicacion-e-imagen\/wp-json\/wp\/v2\/comments?post=1103"}],"version-history":[{"count":14,"href":"https:\/\/departamentos.uleam.edu.ec\/comunicacion-e-imagen\/wp-json\/wp\/v2\/pages\/1103\/revisions"}],"predecessor-version":[{"id":1240,"href":"https:\/\/departamentos.uleam.edu.ec\/comunicacion-e-imagen\/wp-json\/wp\/v2\/pages\/1103\/revisions\/1240"}],"wp:attachment":[{"href":"https:\/\/departamentos.uleam.edu.ec\/comunicacion-e-imagen\/wp-json\/wp\/v2\/media?parent=1103"}],"curies":[{"name":"wp","href":"https:\/\/api.w.org\/{rel}","templated":true}]}}