{"id":949,"date":"2022-03-24T17:15:56","date_gmt":"2022-03-24T17:15:56","guid":{"rendered":"https:\/\/departamentos.uleam.edu.ec\/comunicacion-e-imagen\/?page_id=949"},"modified":"2023-04-04T14:56:56","modified_gmt":"2023-04-04T14:56:56","slug":"productos-comunicacionales-2","status":"publish","type":"page","link":"https:\/\/departamentos.uleam.edu.ec\/comunicacion-e-imagen\/productos-comunicacionales-2\/","title":{"rendered":"Productos Audiovisuales"},"content":{"rendered":"\n<p class=\"has-white-color has-vivid-cyan-blue-background-color has-text-color has-background\">Uleam en Vivo, revista informativa institucional de la Universidad Laica Eloy Alfaro de Manab\u00ed, producida por la Direcci\u00f3n  de Comunicaci\u00f3n (DIRCII), que se emite todos los jueves a la 16:00, por nuestras redes sociales oficiales.<\/p>\n\n\n<div class=\"wp-block-image\">\n<figure class=\"alignleft size-full is-resized\"><a href=\"https:\/\/www.facebook.com\/UleamEc\/videos\/866520621001654\"><img decoding=\"async\" src=\"https:\/\/departamentos.uleam.edu.ec\/comunicacion-e-imagen\/files\/2023\/01\/programa-1.jpg\" alt=\"\" class=\"wp-image-1081\" width=\"203\" height=\"165\" srcset=\"https:\/\/departamentos.uleam.edu.ec\/comunicacion-e-imagen\/files\/2023\/01\/programa-1.jpg 859w, https:\/\/departamentos.uleam.edu.ec\/comunicacion-e-imagen\/files\/2023\/01\/programa-1-300x246.jpg 300w, https:\/\/departamentos.uleam.edu.ec\/comunicacion-e-imagen\/files\/2023\/01\/programa-1-768x629.jpg 768w\" sizes=\"(max-width: 203px) 100vw, 203px\" \/><\/a><figcaption class=\"wp-element-caption\"><strong>Programa # 1<\/strong><\/figcaption><\/figure>\n<\/div>\n\n<div class=\"wp-block-image\">\n<figure class=\"alignleft size-full is-resized\"><a href=\"https:\/\/www.facebook.com\/UleamEc\/videos\/676394043924320\"><img decoding=\"async\" src=\"https:\/\/departamentos.uleam.edu.ec\/comunicacion-e-imagen\/files\/2023\/01\/segundo-nuevo.jpg\" alt=\"\" class=\"wp-image-1082\" width=\"194\" height=\"166\" srcset=\"https:\/\/departamentos.uleam.edu.ec\/comunicacion-e-imagen\/files\/2023\/01\/segundo-nuevo.jpg 855w, https:\/\/departamentos.uleam.edu.ec\/comunicacion-e-imagen\/files\/2023\/01\/segundo-nuevo-300x256.jpg 300w, https:\/\/departamentos.uleam.edu.ec\/comunicacion-e-imagen\/files\/2023\/01\/segundo-nuevo-768x657.jpg 768w\" sizes=\"(max-width: 194px) 100vw, 194px\" \/><\/a><figcaption class=\"wp-element-caption\"><strong>Programa # 2<\/strong><\/figcaption><\/figure>\n<\/div>\n\n<div class=\"wp-block-image\">\n<figure class=\"alignleft size-full is-resized\"><a href=\"https:\/\/www.facebook.com\/UleamEc\/videos\/603899651424232\"><img decoding=\"async\" src=\"https:\/\/departamentos.uleam.edu.ec\/comunicacion-e-imagen\/files\/2023\/01\/tercero.jpg\" alt=\"\" class=\"wp-image-1083\" width=\"207\" height=\"170\" srcset=\"https:\/\/departamentos.uleam.edu.ec\/comunicacion-e-imagen\/files\/2023\/01\/tercero.jpg 865w, https:\/\/departamentos.uleam.edu.ec\/comunicacion-e-imagen\/files\/2023\/01\/tercero-300x248.jpg 300w, https:\/\/departamentos.uleam.edu.ec\/comunicacion-e-imagen\/files\/2023\/01\/tercero-768x635.jpg 768w\" sizes=\"(max-width: 207px) 100vw, 207px\" \/><\/a><figcaption class=\"wp-element-caption\"><strong>Programa # 3<\/strong><\/figcaption><\/figure>\n<\/div>\n\n<div class=\"wp-block-image\">\n<figure class=\"alignleft size-full is-resized\"><a href=\"https:\/\/www.facebook.com\/UleamEc\/videos\/1091620148204253\"><img loading=\"lazy\" decoding=\"async\" src=\"https:\/\/departamentos.uleam.edu.ec\/comunicacion-e-imagen\/files\/2023\/01\/cuarto.jpg\" alt=\"\" class=\"wp-image-1084\" width=\"206\" height=\"170\" srcset=\"https:\/\/departamentos.uleam.edu.ec\/comunicacion-e-imagen\/files\/2023\/01\/cuarto.jpg 857w, https:\/\/departamentos.uleam.edu.ec\/comunicacion-e-imagen\/files\/2023\/01\/cuarto-300x247.jpg 300w, https:\/\/departamentos.uleam.edu.ec\/comunicacion-e-imagen\/files\/2023\/01\/cuarto-768x632.jpg 768w\" sizes=\"(max-width: 206px) 100vw, 206px\" \/><\/a><figcaption class=\"wp-element-caption\"><strong>Programa # 4 <\/strong><\/figcaption><\/figure>\n<\/div>\n\n<div class=\"wp-block-image\">\n<figure class=\"alignleft size-full is-resized\"><a href=\"https:\/\/www.facebook.com\/UleamEc\/videos\/667082708311573\"><img loading=\"lazy\" decoding=\"async\" src=\"https:\/\/departamentos.uleam.edu.ec\/comunicacion-e-imagen\/files\/2023\/01\/quinto.jpg\" alt=\"\" class=\"wp-image-1085\" width=\"196\" height=\"169\" srcset=\"https:\/\/departamentos.uleam.edu.ec\/comunicacion-e-imagen\/files\/2023\/01\/quinto.jpg 855w, https:\/\/departamentos.uleam.edu.ec\/comunicacion-e-imagen\/files\/2023\/01\/quinto-300x258.jpg 300w, https:\/\/departamentos.uleam.edu.ec\/comunicacion-e-imagen\/files\/2023\/01\/quinto-768x660.jpg 768w\" sizes=\"(max-width: 196px) 100vw, 196px\" \/><\/a><figcaption class=\"wp-element-caption\"><strong>Programa # 5<\/strong><\/figcaption><\/figure>\n<\/div>\n\n<div class=\"wp-block-image\">\n<figure class=\"alignleft size-full is-resized\"><a href=\"https:\/\/www.facebook.com\/UleamEc\/videos\/1956388081419718\"><img loading=\"lazy\" decoding=\"async\" src=\"https:\/\/departamentos.uleam.edu.ec\/comunicacion-e-imagen\/files\/2023\/01\/sexto.jpg\" alt=\"\" class=\"wp-image-1086\" width=\"207\" height=\"175\" srcset=\"https:\/\/departamentos.uleam.edu.ec\/comunicacion-e-imagen\/files\/2023\/01\/sexto.jpg 855w, https:\/\/departamentos.uleam.edu.ec\/comunicacion-e-imagen\/files\/2023\/01\/sexto-300x254.jpg 300w, https:\/\/departamentos.uleam.edu.ec\/comunicacion-e-imagen\/files\/2023\/01\/sexto-768x649.jpg 768w\" sizes=\"(max-width: 207px) 100vw, 207px\" \/><\/a><figcaption class=\"wp-element-caption\"><strong>Programa # 6<\/strong><\/figcaption><\/figure>\n<\/div>\n\n<div class=\"wp-block-image\">\n<figure class=\"alignleft size-full is-resized\"><a href=\"https:\/\/www.facebook.com\/UleamEc\/videos\/438834268320407\"><img loading=\"lazy\" decoding=\"async\" src=\"https:\/\/departamentos.uleam.edu.ec\/comunicacion-e-imagen\/files\/2023\/01\/septimo.jpg\" alt=\"\" class=\"wp-image-1087\" width=\"205\" height=\"170\" srcset=\"https:\/\/departamentos.uleam.edu.ec\/comunicacion-e-imagen\/files\/2023\/01\/septimo.jpg 853w, https:\/\/departamentos.uleam.edu.ec\/comunicacion-e-imagen\/files\/2023\/01\/septimo-300x249.jpg 300w, https:\/\/departamentos.uleam.edu.ec\/comunicacion-e-imagen\/files\/2023\/01\/septimo-768x638.jpg 768w\" sizes=\"(max-width: 205px) 100vw, 205px\" \/><\/a><figcaption class=\"wp-element-caption\"><strong>Programa # 7<\/strong><\/figcaption><\/figure>\n<\/div>\n\n<div class=\"wp-block-image\">\n<figure class=\"alignleft size-full is-resized\"><a href=\"https:\/\/www.facebook.com\/UleamEc\/videos\/676249657293120\"><img loading=\"lazy\" decoding=\"async\" src=\"https:\/\/departamentos.uleam.edu.ec\/comunicacion-e-imagen\/files\/2023\/01\/octavo.jpg\" alt=\"\" class=\"wp-image-1088\" width=\"200\" height=\"170\" srcset=\"https:\/\/departamentos.uleam.edu.ec\/comunicacion-e-imagen\/files\/2023\/01\/octavo.jpg 853w, https:\/\/departamentos.uleam.edu.ec\/comunicacion-e-imagen\/files\/2023\/01\/octavo-300x256.jpg 300w, https:\/\/departamentos.uleam.edu.ec\/comunicacion-e-imagen\/files\/2023\/01\/octavo-768x656.jpg 768w\" sizes=\"(max-width: 200px) 100vw, 200px\" \/><\/a><figcaption class=\"wp-element-caption\"><strong>Programa # 8<\/strong><\/figcaption><\/figure>\n<\/div>\n\n<div class=\"wp-block-image\">\n<figure class=\"alignleft size-full is-resized\"><a href=\"https:\/\/www.facebook.com\/UleamEc\/videos\/456619133311736\"><img loading=\"lazy\" decoding=\"async\" src=\"https:\/\/departamentos.uleam.edu.ec\/comunicacion-e-imagen\/files\/2023\/01\/noveno.jpg\" alt=\"\" class=\"wp-image-1089\" width=\"206\" height=\"172\" srcset=\"https:\/\/departamentos.uleam.edu.ec\/comunicacion-e-imagen\/files\/2023\/01\/noveno.jpg 859w, https:\/\/departamentos.uleam.edu.ec\/comunicacion-e-imagen\/files\/2023\/01\/noveno-300x250.jpg 300w, https:\/\/departamentos.uleam.edu.ec\/comunicacion-e-imagen\/files\/2023\/01\/noveno-768x639.jpg 768w\" sizes=\"(max-width: 206px) 100vw, 206px\" \/><\/a><figcaption class=\"wp-element-caption\"><strong>Programa # 9<\/strong><\/figcaption><\/figure>\n<\/div>\n\n<div class=\"wp-block-image\">\n<figure class=\"alignleft size-full is-resized\"><a href=\"https:\/\/www.facebook.com\/UleamEc\/videos\/6451883338173090\"><img loading=\"lazy\" decoding=\"async\" src=\"https:\/\/departamentos.uleam.edu.ec\/comunicacion-e-imagen\/files\/2023\/01\/decimo.jpg\" alt=\"\" class=\"wp-image-1090\" width=\"206\" height=\"172\" srcset=\"https:\/\/departamentos.uleam.edu.ec\/comunicacion-e-imagen\/files\/2023\/01\/decimo.jpg 857w, https:\/\/departamentos.uleam.edu.ec\/comunicacion-e-imagen\/files\/2023\/01\/decimo-300x251.jpg 300w, https:\/\/departamentos.uleam.edu.ec\/comunicacion-e-imagen\/files\/2023\/01\/decimo-768x643.jpg 768w\" sizes=\"(max-width: 206px) 100vw, 206px\" \/><\/a><figcaption class=\"wp-element-caption\"><strong>Programa # 10<\/strong><\/figcaption><\/figure>\n<\/div>\n\n<div class=\"wp-block-image\">\n<figure class=\"alignleft size-full is-resized\"><a href=\"https:\/\/www.facebook.com\/UleamEc\/videos\/1596481810811230\"><img loading=\"lazy\" decoding=\"async\" src=\"https:\/\/departamentos.uleam.edu.ec\/comunicacion-e-imagen\/files\/2023\/01\/11.jpg\" alt=\"\" class=\"wp-image-1091\" width=\"208\" height=\"171\" srcset=\"https:\/\/departamentos.uleam.edu.ec\/comunicacion-e-imagen\/files\/2023\/01\/11.jpg 849w, https:\/\/departamentos.uleam.edu.ec\/comunicacion-e-imagen\/files\/2023\/01\/11-300x248.jpg 300w, https:\/\/departamentos.uleam.edu.ec\/comunicacion-e-imagen\/files\/2023\/01\/11-768x636.jpg 768w\" sizes=\"(max-width: 208px) 100vw, 208px\" \/><\/a><figcaption class=\"wp-element-caption\"><strong>Programa # 11<\/strong><\/figcaption><\/figure>\n<\/div>\n\n<div class=\"wp-block-image\">\n<figure class=\"alignleft size-full is-resized\"><a href=\"https:\/\/www.facebook.com\/UleamEc\/videos\/1208751146714046\"><img loading=\"lazy\" decoding=\"async\" src=\"https:\/\/departamentos.uleam.edu.ec\/comunicacion-e-imagen\/files\/2023\/01\/12.jpg\" alt=\"\" class=\"wp-image-1092\" width=\"203\" height=\"177\" srcset=\"https:\/\/departamentos.uleam.edu.ec\/comunicacion-e-imagen\/files\/2023\/01\/12.jpg 853w, https:\/\/departamentos.uleam.edu.ec\/comunicacion-e-imagen\/files\/2023\/01\/12-300x263.jpg 300w, https:\/\/departamentos.uleam.edu.ec\/comunicacion-e-imagen\/files\/2023\/01\/12-768x673.jpg 768w\" sizes=\"(max-width: 203px) 100vw, 203px\" \/><\/a><figcaption class=\"wp-element-caption\"><strong>Programa #<\/strong> <strong>12<\/strong><\/figcaption><\/figure>\n<\/div>\n\n<div class=\"wp-block-image\">\n<figure class=\"alignleft size-full is-resized\"><a href=\"https:\/\/www.facebook.com\/UleamEc\/videos\/875152713632129\"><img loading=\"lazy\" decoding=\"async\" src=\"https:\/\/departamentos.uleam.edu.ec\/comunicacion-e-imagen\/files\/2023\/01\/13.jpg\" alt=\"\" class=\"wp-image-1093\" width=\"211\" height=\"175\" srcset=\"https:\/\/departamentos.uleam.edu.ec\/comunicacion-e-imagen\/files\/2023\/01\/13.jpg 851w, https:\/\/departamentos.uleam.edu.ec\/comunicacion-e-imagen\/files\/2023\/01\/13-300x250.jpg 300w, https:\/\/departamentos.uleam.edu.ec\/comunicacion-e-imagen\/files\/2023\/01\/13-768x640.jpg 768w\" sizes=\"(max-width: 211px) 100vw, 211px\" \/><\/a><figcaption class=\"wp-element-caption\"><strong>Programa # 13<\/strong><\/figcaption><\/figure>\n<\/div>\n\n<div class=\"wp-block-image\">\n<figure class=\"alignleft size-full is-resized\"><a href=\"https:\/\/www.facebook.com\/UleamEc\/videos\/6057255927630458\" target=\"_blank\" rel=\"noreferrer noopener\"><img loading=\"lazy\" decoding=\"async\" src=\"https:\/\/departamentos.uleam.edu.ec\/comunicacion-e-imagen\/files\/2023\/02\/pop-4.jpg\" alt=\"\" class=\"wp-image-1126\" width=\"214\" height=\"175\" srcset=\"https:\/\/departamentos.uleam.edu.ec\/comunicacion-e-imagen\/files\/2023\/02\/pop-4.jpg 837w, https:\/\/departamentos.uleam.edu.ec\/comunicacion-e-imagen\/files\/2023\/02\/pop-4-300x245.jpg 300w, https:\/\/departamentos.uleam.edu.ec\/comunicacion-e-imagen\/files\/2023\/02\/pop-4-768x627.jpg 768w\" sizes=\"(max-width: 214px) 100vw, 214px\" \/><\/a><figcaption class=\"wp-element-caption\"><strong>Programa #14<\/strong><\/figcaption><\/figure>\n<\/div>\n\n<div class=\"wp-block-image\">\n<figure class=\"alignleft size-full is-resized\"><a href=\"https:\/\/www.facebook.com\/UleamEc\/videos\/849828123101686\"><img loading=\"lazy\" decoding=\"async\" src=\"https:\/\/departamentos.uleam.edu.ec\/comunicacion-e-imagen\/files\/2023\/02\/qq.jpg\" alt=\"\" class=\"wp-image-1127\" width=\"218\" height=\"177\" srcset=\"https:\/\/departamentos.uleam.edu.ec\/comunicacion-e-imagen\/files\/2023\/02\/qq.jpg 829w, https:\/\/departamentos.uleam.edu.ec\/comunicacion-e-imagen\/files\/2023\/02\/qq-300x244.jpg 300w, https:\/\/departamentos.uleam.edu.ec\/comunicacion-e-imagen\/files\/2023\/02\/qq-768x623.jpg 768w\" sizes=\"(max-width: 218px) 100vw, 218px\" \/><\/a><figcaption class=\"wp-element-caption\"><strong>Programa # 15<\/strong><\/figcaption><\/figure>\n<\/div>\n\n<div class=\"wp-block-image\">\n<figure class=\"alignleft size-full is-resized\"><a href=\"https:\/\/www.facebook.com\/UleamEc\/videos\/731594202015703\"><img loading=\"lazy\" decoding=\"async\" src=\"https:\/\/departamentos.uleam.edu.ec\/comunicacion-e-imagen\/files\/2023\/02\/16.jpg\" alt=\"\" class=\"wp-image-1131\" width=\"209\" height=\"152\" srcset=\"https:\/\/departamentos.uleam.edu.ec\/comunicacion-e-imagen\/files\/2023\/02\/16.jpg 819w, https:\/\/departamentos.uleam.edu.ec\/comunicacion-e-imagen\/files\/2023\/02\/16-300x219.jpg 300w, https:\/\/departamentos.uleam.edu.ec\/comunicacion-e-imagen\/files\/2023\/02\/16-768x560.jpg 768w\" sizes=\"(max-width: 209px) 100vw, 209px\" \/><\/a><figcaption class=\"wp-element-caption\">Programa # 16<\/figcaption><\/figure>\n<\/div>\n\n<div class=\"wp-block-image\">\n<figure class=\"alignleft size-full is-resized\"><a href=\"https:\/\/www.facebook.com\/UleamEc\/videos\/494394532890011\"><img loading=\"lazy\" decoding=\"async\" src=\"https:\/\/departamentos.uleam.edu.ec\/comunicacion-e-imagen\/files\/2023\/04\/2.jpg\" alt=\"\" class=\"wp-image-1136\" width=\"213\" height=\"158\" srcset=\"https:\/\/departamentos.uleam.edu.ec\/comunicacion-e-imagen\/files\/2023\/04\/2.jpg 862w, https:\/\/departamentos.uleam.edu.ec\/comunicacion-e-imagen\/files\/2023\/04\/2-300x222.jpg 300w, https:\/\/departamentos.uleam.edu.ec\/comunicacion-e-imagen\/files\/2023\/04\/2-768x569.jpg 768w\" sizes=\"(max-width: 213px) 100vw, 213px\" \/><\/a><figcaption class=\"wp-element-caption\">Programa # 17<\/figcaption><\/figure>\n<\/div>\n\n<div class=\"wp-block-image\">\n<figure class=\"alignleft size-full is-resized\"><a href=\"https:\/\/www.facebook.com\/UleamEc\/videos\/544380917828306\"><img loading=\"lazy\" decoding=\"async\" src=\"https:\/\/departamentos.uleam.edu.ec\/comunicacion-e-imagen\/files\/2023\/04\/6.jpg\" alt=\"\" class=\"wp-image-1140\" width=\"207\" height=\"166\" srcset=\"https:\/\/departamentos.uleam.edu.ec\/comunicacion-e-imagen\/files\/2023\/04\/6.jpg 851w, https:\/\/departamentos.uleam.edu.ec\/comunicacion-e-imagen\/files\/2023\/04\/6-300x240.jpg 300w, https:\/\/departamentos.uleam.edu.ec\/comunicacion-e-imagen\/files\/2023\/04\/6-768x615.jpg 768w\" sizes=\"(max-width: 207px) 100vw, 207px\" \/><\/a><figcaption class=\"wp-element-caption\">Programa # 18<\/figcaption><\/figure>\n<\/div>\n\n\n<p>\ufeff<\/p>\n\n\n<div class=\"wp-block-image\">\n<figure class=\"alignleft size-full is-resized\"><a href=\"https:\/\/www.facebook.com\/UleamEc\/videos\/105399202512001\"><img loading=\"lazy\" decoding=\"async\" src=\"https:\/\/departamentos.uleam.edu.ec\/comunicacion-e-imagen\/files\/2023\/04\/3.jpg\" alt=\"\" class=\"wp-image-1146\" width=\"206\" height=\"162\" srcset=\"https:\/\/departamentos.uleam.edu.ec\/comunicacion-e-imagen\/files\/2023\/04\/3.jpg 857w, https:\/\/departamentos.uleam.edu.ec\/comunicacion-e-imagen\/files\/2023\/04\/3-300x237.jpg 300w, https:\/\/departamentos.uleam.edu.ec\/comunicacion-e-imagen\/files\/2023\/04\/3-768x607.jpg 768w\" sizes=\"(max-width: 206px) 100vw, 206px\" \/><\/a><figcaption class=\"wp-element-caption\">Programa# 19<\/figcaption><\/figure>\n<\/div>","protected":false},"excerpt":{"rendered":"<p>Uleam en Vivo, revista informativa institucional de la Universidad Laica Eloy Alfaro de Manab\u00ed, producida por la Direcci\u00f3n de Comunicaci\u00f3n (DIRCII), que se emite todos los jueves a la 16:00, por nuestras redes sociales oficiales. \ufeff<\/p>\n","protected":false},"author":117,"featured_media":0,"parent":0,"menu_order":0,"comment_status":"closed","ping_status":"closed","template":"","meta":{"footnotes":"","_links_to":"","_links_to_target":""},"class_list":["post-949","page","type-page","status-publish","hentry"],"_links":{"self":[{"href":"https:\/\/departamentos.uleam.edu.ec\/comunicacion-e-imagen\/wp-json\/wp\/v2\/pages\/949","targetHints":{"allow":["GET"]}}],"collection":[{"href":"https:\/\/departamentos.uleam.edu.ec\/comunicacion-e-imagen\/wp-json\/wp\/v2\/pages"}],"about":[{"href":"https:\/\/departamentos.uleam.edu.ec\/comunicacion-e-imagen\/wp-json\/wp\/v2\/types\/page"}],"author":[{"embeddable":true,"href":"https:\/\/departamentos.uleam.edu.ec\/comunicacion-e-imagen\/wp-json\/wp\/v2\/users\/117"}],"replies":[{"embeddable":true,"href":"https:\/\/departamentos.uleam.edu.ec\/comunicacion-e-imagen\/wp-json\/wp\/v2\/comments?post=949"}],"version-history":[{"count":19,"href":"https:\/\/departamentos.uleam.edu.ec\/comunicacion-e-imagen\/wp-json\/wp\/v2\/pages\/949\/revisions"}],"predecessor-version":[{"id":1237,"href":"https:\/\/departamentos.uleam.edu.ec\/comunicacion-e-imagen\/wp-json\/wp\/v2\/pages\/949\/revisions\/1237"}],"wp:attachment":[{"href":"https:\/\/departamentos.uleam.edu.ec\/comunicacion-e-imagen\/wp-json\/wp\/v2\/media?parent=949"}],"curies":[{"name":"wp","href":"https:\/\/api.w.org\/{rel}","templated":true}]}}