{"id":10,"date":"2024-02-14T16:42:27","date_gmt":"2024-02-14T16:42:27","guid":{"rendered":"https:\/\/departamentos.uleam.edu.ec\/consultoriojuridico\/?page_id=10"},"modified":"2026-03-07T00:17:20","modified_gmt":"2026-03-07T00:17:20","slug":"estructura-organica","status":"publish","type":"page","link":"https:\/\/departamentos.uleam.edu.ec\/consultoriojuridico\/estructura-organica\/","title":{"rendered":"Asesor\u00eda Jur\u00eddica."},"content":{"rendered":"\n<h3 class=\"wp-block-heading has-text-align-center\"><mark style=\"background-color:#ffffff00;color:#e93737e3\" class=\"has-inline-color\"><strong>\u00b4\u00b4Orientaci\u00f3n legal gratuita con respaldo profesional.\u00b4\u00b4<\/strong><\/mark><\/h3>\n\n\n\n<p class=\"has-text-align-center\">Brindamos orientaci\u00f3n legal gratuita, responsable y confidencial, dirigida a personas que requieren apoyo jur\u00eddico y no cuentan con los recursos para acceder a servicios legales privados, nuestro consultorio ofrece acompa\u00f1amiento profesional a trav\u00e9s de abogados tutores y estudiantes de Derecho bajo supervisi\u00f3n especializada.<\/p>\n\n\n\n<div style=\"height:39px\" aria-hidden=\"true\" class=\"wp-block-spacer is-style-default\"><\/div>\n\n\n\n<div class=\"wp-block-columns is-layout-flex wp-container-core-columns-is-layout-9d6595d7 wp-block-columns-is-layout-flex\">\n<div class=\"wp-block-column is-layout-flow wp-block-column-is-layout-flow\">\n<div class=\"wp-block-cover is-light\"><img fetchpriority=\"high\" decoding=\"async\" width=\"960\" height=\"640\" class=\"wp-block-cover__image-background wp-image-259 size-full\" alt=\"\" src=\"https:\/\/departamentos.uleam.edu.ec\/consultoriojuridico\/files\/2026\/02\/AB-1.jpg\" data-object-fit=\"cover\" srcset=\"https:\/\/departamentos.uleam.edu.ec\/consultoriojuridico\/files\/2026\/02\/AB-1.jpg 960w, https:\/\/departamentos.uleam.edu.ec\/consultoriojuridico\/files\/2026\/02\/AB-1-300x200.jpg 300w, https:\/\/departamentos.uleam.edu.ec\/consultoriojuridico\/files\/2026\/02\/AB-1-768x512.jpg 768w\" sizes=\"(max-width: 960px) 100vw, 960px\" \/><span aria-hidden=\"true\" class=\"wp-block-cover__background has-background-dim\" style=\"background-color:#9c9090\"><\/span><div class=\"wp-block-cover__inner-container is-layout-constrained wp-block-cover-is-layout-constrained\">\n<h1 class=\"wp-block-heading has-text-align-center\"><mark style=\"background-color:#ffffff00\" class=\"has-inline-color has-white-color\"><strong>Atenci\u00f3n Profesional<\/strong><\/mark><\/h1>\n\n\n\n<p class=\"has-text-align-center\"><strong><em><mark style=\"background-color:#ffffff08\" class=\"has-inline-color has-white-color\">Abogados Tutores Especializados<\/mark>.<\/em><\/strong><\/p>\n<\/div><\/div>\n<\/div>\n\n\n\n<div class=\"wp-block-column is-layout-flow wp-block-column-is-layout-flow\">\n<div class=\"wp-block-cover is-light\"><img decoding=\"async\" width=\"1024\" height=\"683\" class=\"wp-block-cover__image-background wp-image-336 size-large\" alt=\"\" src=\"https:\/\/departamentos.uleam.edu.ec\/consultoriojuridico\/files\/2026\/02\/back-school-concept-with-woman-studying-library-1-1024x683.jpg\" data-object-fit=\"cover\" srcset=\"https:\/\/departamentos.uleam.edu.ec\/consultoriojuridico\/files\/2026\/02\/back-school-concept-with-woman-studying-library-1-1024x683.jpg 1024w, https:\/\/departamentos.uleam.edu.ec\/consultoriojuridico\/files\/2026\/02\/back-school-concept-with-woman-studying-library-1-300x200.jpg 300w, https:\/\/departamentos.uleam.edu.ec\/consultoriojuridico\/files\/2026\/02\/back-school-concept-with-woman-studying-library-1-768x512.jpg 768w, https:\/\/departamentos.uleam.edu.ec\/consultoriojuridico\/files\/2026\/02\/back-school-concept-with-woman-studying-library-1-1536x1024.jpg 1536w, https:\/\/departamentos.uleam.edu.ec\/consultoriojuridico\/files\/2026\/02\/back-school-concept-with-woman-studying-library-1-2048x1365.jpg 2048w\" sizes=\"(max-width: 1024px) 100vw, 1024px\" \/><span aria-hidden=\"true\" class=\"wp-block-cover__background has-background-dim\" style=\"background-color:#a99588\"><\/span><div class=\"wp-block-cover__inner-container is-layout-constrained wp-block-cover-is-layout-constrained\">\n<h2 class=\"wp-block-heading has-text-align-center has-large-font-size\"><strong><mark style=\"background-color:#ffffff00\" class=\"has-inline-color has-white-color\">Formaci\u00f3n Acad\u00e9mica<\/mark><\/strong><\/h2>\n\n\n\n<p class=\"has-text-align-center\"><strong><em><mark style=\"background-color:#ffffff00\" class=\"has-inline-color has-white-color\">Apoyo de Estudiantes de Derecho Supervisados.<\/mark><\/em><\/strong><\/p>\n<\/div><\/div>\n<\/div>\n\n\n\n<div class=\"wp-block-column is-layout-flow wp-block-column-is-layout-flow\">\n<div class=\"wp-block-cover is-light\"><img decoding=\"async\" width=\"1707\" height=\"2560\" class=\"wp-block-cover__image-background wp-image-364 size-full\" alt=\"\" src=\"https:\/\/departamentos.uleam.edu.ec\/consultoriojuridico\/files\/2026\/02\/still-life-with-scales-justice-1-scaled.jpg\" data-object-fit=\"cover\" srcset=\"https:\/\/departamentos.uleam.edu.ec\/consultoriojuridico\/files\/2026\/02\/still-life-with-scales-justice-1-scaled.jpg 1707w, https:\/\/departamentos.uleam.edu.ec\/consultoriojuridico\/files\/2026\/02\/still-life-with-scales-justice-1-200x300.jpg 200w, https:\/\/departamentos.uleam.edu.ec\/consultoriojuridico\/files\/2026\/02\/still-life-with-scales-justice-1-683x1024.jpg 683w, https:\/\/departamentos.uleam.edu.ec\/consultoriojuridico\/files\/2026\/02\/still-life-with-scales-justice-1-768x1152.jpg 768w, https:\/\/departamentos.uleam.edu.ec\/consultoriojuridico\/files\/2026\/02\/still-life-with-scales-justice-1-1024x1536.jpg 1024w, https:\/\/departamentos.uleam.edu.ec\/consultoriojuridico\/files\/2026\/02\/still-life-with-scales-justice-1-1365x2048.jpg 1365w\" sizes=\"(max-width: 1707px) 100vw, 1707px\" \/><span aria-hidden=\"true\" class=\"wp-block-cover__background has-background-dim\" style=\"background-color:#b2aaa2\"><\/span><div class=\"wp-block-cover__inner-container is-layout-constrained wp-block-cover-is-layout-constrained\">\n<h2 class=\"wp-block-heading has-text-align-center has-large-font-size\"><strong><mark style=\"background-color:#ffffff00\" class=\"has-inline-color has-white-color\">Acceso a la Justicia<\/mark><\/strong><\/h2>\n\n\n\n<p class=\"has-text-align-center\"><em><strong><mark style=\"background-color:#ffffff00\" class=\"has-inline-color has-white-color\">Servicio Gratuito para la Comunidad.<\/mark><\/strong><\/em><\/p>\n<\/div><\/div>\n<\/div>\n<\/div>\n\n\n\n<div style=\"height:40px\" aria-hidden=\"true\" class=\"wp-block-spacer\"><\/div>\n\n\n\n<h3 class=\"wp-block-heading\"><strong><strong><mark style=\"background-color:#ffffff0a\" class=\"has-inline-color has-black-color\">\u00bfPor qu\u00e9 acudir a nuestro Consultorio jur\u00eddico?<\/mark><\/strong><\/strong><\/h3>\n\n\n\n<div style=\"height:25px\" aria-hidden=\"true\" class=\"wp-block-spacer\"><\/div>\n\n\n\n<div class=\"wp-block-columns is-layout-flex wp-container-core-columns-is-layout-9d6595d7 wp-block-columns-is-layout-flex\">\n<div class=\"wp-block-column is-vertically-aligned-stretch is-layout-flow wp-block-column-is-layout-flow\" style=\"flex-basis:33.33%\"><div class=\"wp-block-image\">\n<figure class=\"aligncenter size-full is-resized\"><img loading=\"lazy\" decoding=\"async\" width=\"845\" height=\"1280\" src=\"https:\/\/departamentos.uleam.edu.ec\/consultoriojuridico\/files\/2026\/03\/foto-16.jpeg\" alt=\"\" class=\"wp-image-751\" style=\"aspect-ratio:0.6454197560392251;width:261px;height:auto\" srcset=\"https:\/\/departamentos.uleam.edu.ec\/consultoriojuridico\/files\/2026\/03\/foto-16.jpeg 845w, https:\/\/departamentos.uleam.edu.ec\/consultoriojuridico\/files\/2026\/03\/foto-16-198x300.jpeg 198w, https:\/\/departamentos.uleam.edu.ec\/consultoriojuridico\/files\/2026\/03\/foto-16-676x1024.jpeg 676w, https:\/\/departamentos.uleam.edu.ec\/consultoriojuridico\/files\/2026\/03\/foto-16-768x1163.jpeg 768w\" sizes=\"(max-width: 845px) 100vw, 845px\" \/><\/figure>\n<\/div><\/div>\n\n\n\n<div class=\"wp-block-column is-layout-flow wp-block-column-is-layout-flow\" style=\"flex-basis:66.66%\">\n<div class=\"wp-block-cover\" style=\"min-height:405px;aspect-ratio:unset;\"><span aria-hidden=\"true\" class=\"wp-block-cover__background has-vivid-red-background-color has-background-dim-100 has-background-dim\"><\/span><div class=\"wp-block-cover__inner-container is-layout-constrained wp-block-cover-is-layout-constrained\">\n<h5 class=\"wp-block-heading has-text-align-left\">\u2022 <strong>Servicio Gratuito y accesible.<\/strong><\/h5>\n\n\n\n<h5 class=\"wp-block-heading has-text-align-left\">\u2022 <strong>Atenci\u00f3n \u00e9tica, responsable y confidencial.<\/strong><\/h5>\n\n\n\n<h5 class=\"wp-block-heading has-text-align-left\">\u2022 <strong>Respaldo de profesionales especializados.<\/strong><\/h5>\n\n\n\n<h5 class=\"wp-block-heading has-text-align-left\">\u2022 <strong>Orientaci\u00f3n sobre en procedimientos legales.<\/strong><\/h5>\n\n\n\n<h5 class=\"wp-block-heading has-text-align-left\">\u2022 <strong>Compromiso social y acad\u00e9mico de la universidad.<\/strong><\/h5>\n<\/div><\/div>\n<\/div>\n<\/div>\n\n\n\n<hr class=\"wp-block-separator has-alpha-channel-opacity is-style-wide\" \/>\n\n\n\n<h3 class=\"wp-block-heading\"><strong><mark style=\"background-color:#ffffff08\" class=\"has-inline-color has-black-color\">Acompa\u00f1amiento Jur\u00eddico Responsable<\/mark><\/strong><\/h3>\n\n\n\n<p class=\"has-text-align-left\">El consultorio jur\u00eddico ofrece orientaci\u00f3n legal clara y oportuna para facilitar la comprensi\u00f3n de cada situaci\u00f3n jur\u00eddica y las alternativas disponibles, el servicio se brinda con responsabilidad profesional, confidencialidad y respeto, proporcionando apoyo en la toma de decisiones relacionadas con cada caso.<\/p>\n\n\n\n<div style=\"height:40px\" aria-hidden=\"true\" class=\"wp-block-spacer\"><\/div>\n\n\n\n<div class=\"wp-block-cover\" style=\"min-height:287px;aspect-ratio:unset;\"><img loading=\"lazy\" decoding=\"async\" width=\"579\" height=\"368\" class=\"wp-block-cover__image-background wp-image-426 size-full\" alt=\"\" src=\"https:\/\/departamentos.uleam.edu.ec\/consultoriojuridico\/files\/2026\/02\/Captura-de-pantalla-201.png\" data-object-fit=\"cover\" srcset=\"https:\/\/departamentos.uleam.edu.ec\/consultoriojuridico\/files\/2026\/02\/Captura-de-pantalla-201.png 579w, https:\/\/departamentos.uleam.edu.ec\/consultoriojuridico\/files\/2026\/02\/Captura-de-pantalla-201-300x191.png 300w\" sizes=\"(max-width: 579px) 100vw, 579px\" \/><span aria-hidden=\"true\" class=\"wp-block-cover__background has-background-dim\" style=\"background-color:#a66852\"><\/span><div class=\"wp-block-cover__inner-container is-layout-constrained wp-block-cover-is-layout-constrained\">\n<h3 class=\"wp-block-heading has-text-align-center has-large-font-size\"><strong>Compromiso Institucional<\/strong><\/h3>\n\n\n\n<p><\/p>\n\n\n\n<p class=\"has-text-align-center\">La universidad reafirma su responsabilidad social mediante un servicio jur\u00eddico accesible, responsable y orientado al respeto de los derechos y al acceso a la justicia.<\/p>\n\n\n\n<h5 class=\"wp-block-heading has-text-align-center\"><strong><em><mark style=\"background-color:#ffffff00\" class=\"has-inline-color has-white-color\">Te invitamos a acercarte al consultorio jur\u00eddico para recibir orientaci\u00f3n legal profesional.<\/mark><\/em><\/strong><\/h5>\n<\/div><\/div>\n\n\n\n<p class=\"has-text-align-center\"><\/p>\n\n\n\n<p><\/p>\n","protected":false},"excerpt":{"rendered":"<p>\u00b4\u00b4Orientaci\u00f3n legal gratuita con respaldo profesional.\u00b4\u00b4 Brindamos orientaci\u00f3n legal gratuita, responsable y confidencial, dirigida a personas que requieren apoyo jur\u00eddico y no cuentan con los recursos para acceder a servicios legales privados, nuestro consultorio ofrece acompa\u00f1amiento profesional a trav\u00e9s de [&hellip;]<\/p>\n","protected":false},"author":47,"featured_media":0,"parent":0,"menu_order":0,"comment_status":"closed","ping_status":"closed","template":"","meta":{"footnotes":"","_links_to":"","_links_to_target":""},"class_list":["post-10","page","type-page","status-publish","hentry"],"_links":{"self":[{"href":"https:\/\/departamentos.uleam.edu.ec\/consultoriojuridico\/wp-json\/wp\/v2\/pages\/10","targetHints":{"allow":["GET"]}}],"collection":[{"href":"https:\/\/departamentos.uleam.edu.ec\/consultoriojuridico\/wp-json\/wp\/v2\/pages"}],"about":[{"href":"https:\/\/departamentos.uleam.edu.ec\/consultoriojuridico\/wp-json\/wp\/v2\/types\/page"}],"author":[{"embeddable":true,"href":"https:\/\/departamentos.uleam.edu.ec\/consultoriojuridico\/wp-json\/wp\/v2\/users\/47"}],"replies":[{"embeddable":true,"href":"https:\/\/departamentos.uleam.edu.ec\/consultoriojuridico\/wp-json\/wp\/v2\/comments?post=10"}],"version-history":[{"count":199,"href":"https:\/\/departamentos.uleam.edu.ec\/consultoriojuridico\/wp-json\/wp\/v2\/pages\/10\/revisions"}],"predecessor-version":[{"id":774,"href":"https:\/\/departamentos.uleam.edu.ec\/consultoriojuridico\/wp-json\/wp\/v2\/pages\/10\/revisions\/774"}],"wp:attachment":[{"href":"https:\/\/departamentos.uleam.edu.ec\/consultoriojuridico\/wp-json\/wp\/v2\/media?parent=10"}],"curies":[{"name":"wp","href":"https:\/\/api.w.org\/{rel}","templated":true}]}}