{"id":14,"date":"2024-02-14T16:43:20","date_gmt":"2024-02-14T16:43:20","guid":{"rendered":"https:\/\/departamentos.uleam.edu.ec\/consultoriojuridico\/?page_id=14"},"modified":"2026-03-19T01:51:25","modified_gmt":"2026-03-19T01:51:25","slug":"personal-que-labora","status":"publish","type":"page","link":"https:\/\/departamentos.uleam.edu.ec\/consultoriojuridico\/personal-que-labora\/","title":{"rendered":"Equipo de trabajo"},"content":{"rendered":"\n<div class=\"wp-block-group\"><div class=\"wp-block-group__inner-container is-layout-constrained wp-block-group-is-layout-constrained\">\n<div class=\"wp-block-columns is-layout-flex wp-container-core-columns-is-layout-9d6595d7 wp-block-columns-is-layout-flex\">\n<div class=\"wp-block-column is-layout-flow wp-block-column-is-layout-flow\" style=\"flex-basis:100%\">\n<figure class=\"wp-block-table is-style-stripes\"><table class=\"has-fixed-layout\"><tbody><tr><td><mark style=\"background-color:#abb7c200\" class=\"has-inline-color has-black-color\"><strong><strong>Director<\/strong><\/strong><\/mark><\/td><\/tr><tr><td><\/td><\/tr><\/tbody><\/table><\/figure>\n<\/div>\n\n\n\n<div class=\"wp-block-column is-layout-flow wp-block-column-is-layout-flow\"><\/div>\n<\/div>\n\n\n\n<div class=\"wp-block-media-text is-stacked-on-mobile is-vertically-aligned-center\" style=\"grid-template-columns:25% auto\"><figure class=\"wp-block-media-text__media\"><img fetchpriority=\"high\" decoding=\"async\" width=\"764\" height=\"1024\" src=\"https:\/\/departamentos.uleam.edu.ec\/consultoriojuridico\/files\/2026\/03\/foto-jefe-764x1024.png\" alt=\"\" class=\"wp-image-747 size-full\" srcset=\"https:\/\/departamentos.uleam.edu.ec\/consultoriojuridico\/files\/2026\/03\/foto-jefe-764x1024.png 764w, https:\/\/departamentos.uleam.edu.ec\/consultoriojuridico\/files\/2026\/03\/foto-jefe-224x300.png 224w, https:\/\/departamentos.uleam.edu.ec\/consultoriojuridico\/files\/2026\/03\/foto-jefe-768x1029.png 768w, https:\/\/departamentos.uleam.edu.ec\/consultoriojuridico\/files\/2026\/03\/foto-jefe.png 1024w\" sizes=\"(max-width: 764px) 100vw, 764px\" \/><\/figure><div class=\"wp-block-media-text__content\">\n<figure class=\"wp-block-table is-style-stripes\"><table><tbody><tr><td class=\"has-text-align-left\" data-align=\"left\"><strong>Dr. Patricio Jaime Vargas Rodr\u00edguez, PhD.<\/strong><\/td><\/tr><tr><td class=\"has-text-align-left\" data-align=\"left\"><strong>Formaci\u00f3n:<\/strong><br>-Abogado de los Juzgados y Tribunales de la Rep\u00fablica.<br>-Licenciado en Ciencias Sociales y Pol\u00edticas.<br>-Profesor de Segunda Ense\u00f1anza Especialidad Pedagog\u00eda.<br>-Licenciado En Ciencias de la Educaci\u00f3n.<br>-Magister en Derecho Constitucional Pol\u00edtico y Administrativo.<br>-Doctor en el Programa de Doctorado en Ciencias Sociales y Jur\u00eddicas.<\/td><\/tr><\/tbody><\/table><\/figure>\n<\/div><\/div>\n<\/div><\/div>\n\n\n\n<hr class=\"wp-block-separator has-alpha-channel-opacity is-style-dots\" \/>\n\n\n\n<figure class=\"wp-block-table is-style-stripes\"><table class=\"has-fixed-layout\"><tbody><tr><td><mark style=\"background-color:#abb7c200\" class=\"has-inline-color has-black-color\"><strong><strong>Administrativo<\/strong><\/strong><\/mark><\/td><\/tr><tr><td><\/td><\/tr><\/tbody><\/table><\/figure>\n\n\n\n<figure class=\"wp-block-table is-style-stripes\"><table class=\"has-fixed-layout\"><tbody><tr><td><strong>Abg. Segundo Luis Palma Orellana.<\/strong><\/td><\/tr><tr><td><strong>Formaci\u00f3n:<\/strong><br>-Abogado de los Juzgados y Tribunales de la Rep\u00fablica.<\/td><\/tr><\/tbody><\/table><\/figure>\n\n\n\n<figure class=\"wp-block-table is-style-stripes\"><table class=\"has-fixed-layout\"><tbody><tr><td><mark style=\"background-color:#abb7c200\" class=\"has-inline-color has-black-color\"><strong><strong>Secretario<\/strong><\/strong><\/mark><\/td><\/tr><tr><td><\/td><\/tr><\/tbody><\/table><\/figure>\n\n\n\n<div class=\"wp-block-media-text is-stacked-on-mobile\" style=\"grid-template-columns:25% auto\"><figure class=\"wp-block-media-text__media\"><img decoding=\"async\" width=\"825\" height=\"1024\" src=\"https:\/\/departamentos.uleam.edu.ec\/consultoriojuridico\/files\/2026\/03\/foto-5-.png-version-2-825x1024.png\" alt=\"\" class=\"wp-image-775 size-full\" srcset=\"https:\/\/departamentos.uleam.edu.ec\/consultoriojuridico\/files\/2026\/03\/foto-5-.png-version-2-825x1024.png 825w, https:\/\/departamentos.uleam.edu.ec\/consultoriojuridico\/files\/2026\/03\/foto-5-.png-version-2-242x300.png 242w, https:\/\/departamentos.uleam.edu.ec\/consultoriojuridico\/files\/2026\/03\/foto-5-.png-version-2-768x953.png 768w, https:\/\/departamentos.uleam.edu.ec\/consultoriojuridico\/files\/2026\/03\/foto-5-.png-version-2.png 1024w\" sizes=\"(max-width: 825px) 100vw, 825px\" \/><\/figure><div class=\"wp-block-media-text__content\">\n<figure class=\"wp-block-table is-style-stripes\"><table class=\"has-fixed-layout\"><tbody><tr><td><strong>Abg. Luis Rolando Casta\u00f1o Saltos.<\/strong><\/td><\/tr><tr><td><strong>Formaci\u00f3n:<\/strong><br>-Abogado de los Juzgados y Tribunales de la Rep\u00fablica.<\/td><\/tr><\/tbody><\/table><\/figure>\n<\/div><\/div>\n\n\n\n<div class=\"wp-block-columns is-layout-flex wp-container-core-columns-is-layout-9d6595d7 wp-block-columns-is-layout-flex\">\n<div class=\"wp-block-column is-layout-flow wp-block-column-is-layout-flow\" style=\"flex-basis:100%\">\n<hr class=\"wp-block-separator has-alpha-channel-opacity is-style-dots\" \/>\n\n\n\n<figure class=\"wp-block-table is-style-stripes\"><table class=\"has-fixed-layout\"><tbody><tr><td><strong><strong>Abogados Patrocinadores<\/strong><\/strong>.<\/td><\/tr><tr><td><\/td><\/tr><\/tbody><\/table><\/figure>\n\n\n\n<div class=\"wp-block-media-text is-stacked-on-mobile\" style=\"grid-template-columns:26% auto\"><figure class=\"wp-block-media-text__media\"><img decoding=\"async\" width=\"875\" height=\"1024\" src=\"https:\/\/departamentos.uleam.edu.ec\/consultoriojuridico\/files\/2026\/03\/foto-2-2-875x1024.png\" alt=\"\" class=\"wp-image-708 size-full\" srcset=\"https:\/\/departamentos.uleam.edu.ec\/consultoriojuridico\/files\/2026\/03\/foto-2-2-875x1024.png 875w, https:\/\/departamentos.uleam.edu.ec\/consultoriojuridico\/files\/2026\/03\/foto-2-2-256x300.png 256w, https:\/\/departamentos.uleam.edu.ec\/consultoriojuridico\/files\/2026\/03\/foto-2-2-768x899.png 768w, https:\/\/departamentos.uleam.edu.ec\/consultoriojuridico\/files\/2026\/03\/foto-2-2.png 1024w\" sizes=\"(max-width: 875px) 100vw, 875px\" \/><\/figure><div class=\"wp-block-media-text__content\">\n<figure class=\"wp-block-table is-style-stripes\"><table class=\"has-fixed-layout\"><tbody><tr><td><strong>Abg. Jessenia Trinidad Espinoza Cede\u00f1o, Mgtr.<\/strong><\/td><\/tr><tr><td><strong>Formaci\u00f3n:<\/strong><br>-Abogado de los Juzgados y Tribunales de la Rep\u00fablica.<br>-Licenciada en Secretariado Ejecutivo.<br>-Ingeniera Comercial.<br>-Especialista en Dise\u00f1o Curricular por Competencias.<br>-Magister en Derecho De Empresa.<br>-Magister en Derecho Administrativo Menci\u00f3n en Contrataci\u00f3n P\u00fablica.<\/td><\/tr><\/tbody><\/table><\/figure>\n<\/div><\/div>\n\n\n\n<hr class=\"wp-block-separator has-alpha-channel-opacity is-style-dots\" \/>\n\n\n\n<div class=\"wp-block-media-text is-stacked-on-mobile\" style=\"grid-template-columns:26% auto\"><figure class=\"wp-block-media-text__media\"><img loading=\"lazy\" decoding=\"async\" width=\"736\" height=\"1024\" src=\"https:\/\/departamentos.uleam.edu.ec\/consultoriojuridico\/files\/2026\/03\/foto-4-1-736x1024.png\" alt=\"\" class=\"wp-image-745 size-full\" srcset=\"https:\/\/departamentos.uleam.edu.ec\/consultoriojuridico\/files\/2026\/03\/foto-4-1-736x1024.png 736w, https:\/\/departamentos.uleam.edu.ec\/consultoriojuridico\/files\/2026\/03\/foto-4-1-216x300.png 216w, https:\/\/departamentos.uleam.edu.ec\/consultoriojuridico\/files\/2026\/03\/foto-4-1-768x1069.png 768w, https:\/\/departamentos.uleam.edu.ec\/consultoriojuridico\/files\/2026\/03\/foto-4-1.png 1024w\" sizes=\"(max-width: 736px) 100vw, 736px\" \/><\/figure><div class=\"wp-block-media-text__content\">\n<figure class=\"wp-block-table is-style-stripes\"><table class=\"has-fixed-layout\"><tbody><tr><td><strong><strong>Abg. Richard Humberto Delgado Castro.<\/strong><\/strong><\/td><\/tr><tr><td><strong>Formaci\u00f3n:<\/strong><br>-Abogado de los Juzgados y Tribunales de la Rep\u00fablica.<br>-Licenciado en Administraci\u00f3n de Empresas Tur\u00edsticas.<br>-Ingeniero en Administraci\u00f3n de Empresas Hoteleras.<\/td><\/tr><\/tbody><\/table><\/figure>\n<\/div><\/div>\n\n\n\n<hr class=\"wp-block-separator has-alpha-channel-opacity is-style-dots\" \/>\n\n\n\n<div class=\"wp-block-media-text is-stacked-on-mobile\" style=\"grid-template-columns:26% auto\"><figure class=\"wp-block-media-text__media\"><img loading=\"lazy\" decoding=\"async\" width=\"986\" height=\"1024\" src=\"https:\/\/departamentos.uleam.edu.ec\/consultoriojuridico\/files\/2026\/03\/foto-1-986x1024.png\" alt=\"\" class=\"wp-image-714 size-full\" srcset=\"https:\/\/departamentos.uleam.edu.ec\/consultoriojuridico\/files\/2026\/03\/foto-1-986x1024.png 986w, https:\/\/departamentos.uleam.edu.ec\/consultoriojuridico\/files\/2026\/03\/foto-1-289x300.png 289w, https:\/\/departamentos.uleam.edu.ec\/consultoriojuridico\/files\/2026\/03\/foto-1-768x798.png 768w, https:\/\/departamentos.uleam.edu.ec\/consultoriojuridico\/files\/2026\/03\/foto-1.png 1024w\" sizes=\"(max-width: 986px) 100vw, 986px\" \/><\/figure><div class=\"wp-block-media-text__content\">\n<figure class=\"wp-block-table is-style-stripes\"><table class=\"has-fixed-layout\"><tbody><tr><td><strong><strong>Abg.<strong> Santiago Jos\u00e9 Andrade S\u00e1nchez, Mgtr.<\/strong><\/strong><\/strong><\/td><\/tr><tr><td><strong>Formaci\u00f3n:<\/strong><br>-Abogado de los Juzgados y Tribunales de la Rep\u00fablica.<br>-Magister en Derecho Menci\u00f3n en Derecho Procesal Constitucional<\/td><\/tr><\/tbody><\/table><\/figure>\n<\/div><\/div>\n\n\n\n<hr class=\"wp-block-separator has-alpha-channel-opacity is-style-dots\" \/>\n\n\n\n<div class=\"wp-block-media-text is-stacked-on-mobile\" style=\"grid-template-columns:26% auto\"><figure class=\"wp-block-media-text__media\"><img loading=\"lazy\" decoding=\"async\" width=\"945\" height=\"1024\" src=\"https:\/\/departamentos.uleam.edu.ec\/consultoriojuridico\/files\/2026\/03\/foto-6.png-version-2-945x1024.png\" alt=\"\" class=\"wp-image-778 size-full\" srcset=\"https:\/\/departamentos.uleam.edu.ec\/consultoriojuridico\/files\/2026\/03\/foto-6.png-version-2-945x1024.png 945w, https:\/\/departamentos.uleam.edu.ec\/consultoriojuridico\/files\/2026\/03\/foto-6.png-version-2-277x300.png 277w, https:\/\/departamentos.uleam.edu.ec\/consultoriojuridico\/files\/2026\/03\/foto-6.png-version-2-768x833.png 768w, https:\/\/departamentos.uleam.edu.ec\/consultoriojuridico\/files\/2026\/03\/foto-6.png-version-2.png 1024w\" sizes=\"(max-width: 945px) 100vw, 945px\" \/><\/figure><div class=\"wp-block-media-text__content\">\n<figure class=\"wp-block-table is-style-stripes\"><table class=\"has-fixed-layout\"><tbody><tr><td><strong><strong>Abg. <strong><strong>John Carlos L\u00f3pez Mero.<\/strong><\/strong><\/strong><\/strong><\/td><\/tr><tr><td><strong>Formaci\u00f3n:<\/strong><br>-Abogado de los Juzgados y Tribunales de la Rep\u00fablica.<br>-Licenciado En Comunicaci\u00f3n.<\/td><\/tr><\/tbody><\/table><\/figure>\n<\/div><\/div>\n\n\n\n<p><\/p>\n<\/div>\n\n\n\n<div class=\"wp-block-column is-layout-flow wp-block-column-is-layout-flow\"><\/div>\n\n\n\n<div class=\"wp-block-column is-layout-flow wp-block-column-is-layout-flow\"><\/div>\n<\/div>\n","protected":false},"excerpt":{"rendered":"<p>Director Dr. Patricio Jaime Vargas Rodr\u00edguez, PhD. Formaci\u00f3n:-Abogado de los Juzgados y Tribunales de la Rep\u00fablica.-Licenciado en Ciencias Sociales y Pol\u00edticas.-Profesor de Segunda Ense\u00f1anza Especialidad Pedagog\u00eda.-Licenciado En Ciencias de la Educaci\u00f3n.-Magister en Derecho Constitucional Pol\u00edtico y Administrativo.-Doctor en el Programa [&hellip;]<\/p>\n","protected":false},"author":47,"featured_media":0,"parent":0,"menu_order":0,"comment_status":"closed","ping_status":"closed","template":"","meta":{"footnotes":"","_links_to":"","_links_to_target":""},"class_list":["post-14","page","type-page","status-publish","hentry"],"_links":{"self":[{"href":"https:\/\/departamentos.uleam.edu.ec\/consultoriojuridico\/wp-json\/wp\/v2\/pages\/14","targetHints":{"allow":["GET"]}}],"collection":[{"href":"https:\/\/departamentos.uleam.edu.ec\/consultoriojuridico\/wp-json\/wp\/v2\/pages"}],"about":[{"href":"https:\/\/departamentos.uleam.edu.ec\/consultoriojuridico\/wp-json\/wp\/v2\/types\/page"}],"author":[{"embeddable":true,"href":"https:\/\/departamentos.uleam.edu.ec\/consultoriojuridico\/wp-json\/wp\/v2\/users\/47"}],"replies":[{"embeddable":true,"href":"https:\/\/departamentos.uleam.edu.ec\/consultoriojuridico\/wp-json\/wp\/v2\/comments?post=14"}],"version-history":[{"count":96,"href":"https:\/\/departamentos.uleam.edu.ec\/consultoriojuridico\/wp-json\/wp\/v2\/pages\/14\/revisions"}],"predecessor-version":[{"id":781,"href":"https:\/\/departamentos.uleam.edu.ec\/consultoriojuridico\/wp-json\/wp\/v2\/pages\/14\/revisions\/781"}],"wp:attachment":[{"href":"https:\/\/departamentos.uleam.edu.ec\/consultoriojuridico\/wp-json\/wp\/v2\/media?parent=14"}],"curies":[{"name":"wp","href":"https:\/\/api.w.org\/{rel}","templated":true}]}}