{"id":22,"date":"2024-02-14T16:48:51","date_gmt":"2024-02-14T16:48:51","guid":{"rendered":"https:\/\/departamentos.uleam.edu.ec\/consultoriojuridico\/?page_id=22"},"modified":"2026-02-19T17:44:23","modified_gmt":"2026-02-19T17:44:23","slug":"casos-en-tramites","status":"publish","type":"page","link":"https:\/\/departamentos.uleam.edu.ec\/consultoriojuridico\/casos-en-tramites\/","title":{"rendered":"\u00c1reas de Atenci\u00f3n."},"content":{"rendered":"\n<p class=\"has-text-align-center\">El Consultorio Jur\u00eddico brinda asesor\u00eda y patrocinio legal gratuito, ofreciendo orientaci\u00f3n y representaci\u00f3n en las \u00e1reas autorizadas, con el prop\u00f3sito de garantizar el acceso a la justicia y la defensa de los derechos de la comunidad.<\/p>\n\n\n\n<div style=\"height:40px\" aria-hidden=\"true\" class=\"wp-block-spacer\"><\/div>\n\n\n\n<div class=\"wp-block-columns is-layout-flex wp-container-core-columns-is-layout-9d6595d7 wp-block-columns-is-layout-flex\">\n<div class=\"wp-block-column is-layout-flow wp-block-column-is-layout-flow\">\n<div class=\"wp-block-cover\"><img fetchpriority=\"high\" decoding=\"async\" width=\"1024\" height=\"686\" class=\"wp-block-cover__image-background wp-image-271 size-large\" alt=\"\" src=\"https:\/\/departamentos.uleam.edu.ec\/consultoriojuridico\/files\/2026\/02\/closeup-gavel-judgement-concept-1024x686.jpg\" data-object-fit=\"cover\" srcset=\"https:\/\/departamentos.uleam.edu.ec\/consultoriojuridico\/files\/2026\/02\/closeup-gavel-judgement-concept-1024x686.jpg 1024w, https:\/\/departamentos.uleam.edu.ec\/consultoriojuridico\/files\/2026\/02\/closeup-gavel-judgement-concept-300x201.jpg 300w, https:\/\/departamentos.uleam.edu.ec\/consultoriojuridico\/files\/2026\/02\/closeup-gavel-judgement-concept-768x515.jpg 768w, https:\/\/departamentos.uleam.edu.ec\/consultoriojuridico\/files\/2026\/02\/closeup-gavel-judgement-concept-1536x1030.jpg 1536w, https:\/\/departamentos.uleam.edu.ec\/consultoriojuridico\/files\/2026\/02\/closeup-gavel-judgement-concept-2048x1373.jpg 2048w\" sizes=\"(max-width: 1024px) 100vw, 1024px\" \/><span aria-hidden=\"true\" class=\"wp-block-cover__background has-background-dim\" style=\"background-color:#443c35\"><\/span><div class=\"wp-block-cover__inner-container is-layout-constrained wp-block-cover-is-layout-constrained\">\n<p class=\"has-text-align-center has-large-font-size\"><strong>CIVIL<\/strong><\/p>\n\n\n\n<p><strong>\u2022 Conflictos entre particulares<\/strong><\/p>\n\n\n\n<p>\u2022 <strong>Elaboraci\u00f3n y revisi\u00f3n de documentos civiles<\/strong><\/p>\n\n\n\n<p>\u2022 <strong>Obligaciones y acuerdos entre personas<\/strong><\/p>\n\n\n\n<p>\u2022 <strong>Orientaci\u00f3n sobre bienes y propiedad<\/strong><\/p>\n\n\n\n<p>\u2022 <strong>Indemnizaci\u00f3n por da\u00f1os y perjuicios<\/strong><\/p>\n\n\n\n<p>\u2022 <strong>Responsabilidad civil<\/strong><\/p>\n\n\n\n<p><mark style=\"background-color:#ffffff00;color:#ffffff05\" class=\"has-inline-color\">\u2022<\/mark><\/p>\n\n\n\n<p><mark style=\"background-color:#ffffff00;color:#ffffff05\" class=\"has-inline-color\">\u2022<\/mark><\/p>\n\n\n\n<p><mark style=\"background-color:#ffffff00;color:#ffffff05\" class=\"has-inline-color\">\u2022<\/mark><\/p>\n\n\n\n<p><mark style=\"background-color:#ffffff00;color:#ffffff05\" class=\"has-inline-color\">\u2022<\/mark><\/p>\n<\/div><\/div>\n<\/div>\n\n\n\n<div class=\"wp-block-column is-layout-flow wp-block-column-is-layout-flow\">\n<div class=\"wp-block-cover\"><img decoding=\"async\" width=\"1707\" height=\"2560\" class=\"wp-block-cover__image-background wp-image-475 size-full\" alt=\"\" src=\"https:\/\/departamentos.uleam.edu.ec\/consultoriojuridico\/files\/2026\/02\/front-view-kids-school-scaled.jpg\" data-object-fit=\"cover\" srcset=\"https:\/\/departamentos.uleam.edu.ec\/consultoriojuridico\/files\/2026\/02\/front-view-kids-school-scaled.jpg 1707w, https:\/\/departamentos.uleam.edu.ec\/consultoriojuridico\/files\/2026\/02\/front-view-kids-school-200x300.jpg 200w, https:\/\/departamentos.uleam.edu.ec\/consultoriojuridico\/files\/2026\/02\/front-view-kids-school-683x1024.jpg 683w, https:\/\/departamentos.uleam.edu.ec\/consultoriojuridico\/files\/2026\/02\/front-view-kids-school-768x1152.jpg 768w, https:\/\/departamentos.uleam.edu.ec\/consultoriojuridico\/files\/2026\/02\/front-view-kids-school-1024x1536.jpg 1024w, https:\/\/departamentos.uleam.edu.ec\/consultoriojuridico\/files\/2026\/02\/front-view-kids-school-1365x2048.jpg 1365w\" sizes=\"(max-width: 1707px) 100vw, 1707px\" \/><span aria-hidden=\"true\" class=\"wp-block-cover__background has-background-dim\" style=\"background-color:#89796e\"><\/span><div class=\"wp-block-cover__inner-container is-layout-constrained wp-block-cover-is-layout-constrained\">\n<h3 class=\"wp-block-heading has-text-align-center\"><strong><mark style=\"background-color:#ffffff0a\" class=\"has-inline-color has-white-color\">FAMILIA, MUJER, NI\u00d1EZ Y ADOLESCENCIA<\/mark><\/strong><\/h3>\n\n\n\n<div class=\"wp-block-group\"><div class=\"wp-block-group__inner-container is-layout-constrained wp-block-group-is-layout-constrained\">\n<div class=\"wp-block-group\"><div class=\"wp-block-group__inner-container is-layout-constrained wp-block-group-is-layout-constrained\">\n<p><mark style=\"background-color:#ffffff08\" class=\"has-inline-color has-white-color\"><strong>\u2022 Divorcio y separaci\u00f3n<\/strong><\/mark><\/p>\n\n\n\n<p><mark style=\"background-color:#ffffff03\" class=\"has-inline-color has-white-color\"><strong>\u2022 Procesos de pensi\u00f3n alimenticia<\/strong><\/mark><\/p>\n\n\n\n<p><mark style=\"background-color:#ffffff03\" class=\"has-inline-color has-white-color\"><strong>\u2022 Tenencia y r\u00e9gimen de visitas de hijos<\/strong><\/mark><\/p>\n\n\n\n<p><mark style=\"background-color:#ffffff05\" class=\"has-inline-color has-white-color\"><strong>\u2022 Reconocimiento de paternidad<\/strong><\/mark><\/p>\n\n\n\n<p><mark style=\"background-color:#ffffff03\" class=\"has-inline-color has-white-color\"><strong>\u2022 Ejercicio y regulaci\u00f3n de la patria potestad<\/strong><\/mark><\/p>\n\n\n\n<p><mark style=\"background-color:#ffffff00\" class=\"has-inline-color has-white-color\"><strong>\u2022 Medidas de protecci\u00f3n en el \u00e1mbito familiar<\/strong><\/mark><\/p>\n\n\n\n<p><mark style=\"background-color:#ffffff00\" class=\"has-inline-color has-white-color\"><strong>\u2022 Protecci\u00f3n de derechos de ni\u00f1os, ni\u00f1as y adolescentes<\/strong><\/mark><\/p>\n<\/div><\/div>\n\n\n\n<p><mark style=\"background-color:#ffffff00\" class=\"has-inline-color has-white-color\"><strong>\u2022 Protecci\u00f3n de derechos de la mujer en el entorno familiar<\/strong><\/mark><\/p>\n<\/div><\/div>\n<\/div><\/div>\n<\/div>\n\n\n\n<div class=\"wp-block-column is-layout-flow wp-block-column-is-layout-flow\">\n<div class=\"wp-block-cover is-light\"><img decoding=\"async\" width=\"253\" height=\"373\" class=\"wp-block-cover__image-background wp-image-450 size-full\" alt=\"\" src=\"https:\/\/departamentos.uleam.edu.ec\/consultoriojuridico\/files\/2026\/02\/Captura-de-pantalla-209.png\" data-object-fit=\"cover\" srcset=\"https:\/\/departamentos.uleam.edu.ec\/consultoriojuridico\/files\/2026\/02\/Captura-de-pantalla-209.png 253w, https:\/\/departamentos.uleam.edu.ec\/consultoriojuridico\/files\/2026\/02\/Captura-de-pantalla-209-203x300.png 203w\" sizes=\"(max-width: 253px) 100vw, 253px\" \/><span aria-hidden=\"true\" class=\"wp-block-cover__background has-background-dim\" style=\"background-color:#a18275\"><\/span><div class=\"wp-block-cover__inner-container is-layout-constrained wp-block-cover-is-layout-constrained\">\n<h2 class=\"wp-block-heading has-text-align-center has-large-font-size\"><mark style=\"background-color:#ffffff00\" class=\"has-inline-color has-white-color\"><strong>INQUILINATO<\/strong><\/mark><\/h2>\n\n\n\n<p><mark style=\"background-color:#ffffff03\" class=\"has-inline-color has-white-color\"><strong>\u2022 Conflictos entre arrendador e inquilino<\/strong><\/mark><\/p>\n\n\n\n<p><mark style=\"background-color:#ffffff05\" class=\"has-inline-color has-white-color\"><strong>\u2022 Elaboraci\u00f3n y revisi\u00f3n de contratos de arrendamiento<\/strong><\/mark><\/p>\n\n\n\n<p><strong><mark style=\"background-color:#ffffff05\" class=\"has-inline-color has-white-color\">\u2022<\/mark> <mark style=\"background-color:#ffffff00\" class=\"has-inline-color has-white-color\">Falta de pago de pensiones de arriendo<\/mark><\/strong><\/p>\n\n\n\n<p><mark style=\"background-color:#ffffff05\" class=\"has-inline-color has-white-color\"><strong>\u2022 Devoluci\u00f3n de garant\u00edas<\/strong><\/mark><\/p>\n\n\n\n<p><mark style=\"background-color:#ffffff00\" class=\"has-inline-color has-white-color\"><strong>\u2022 Derechos y obligaciones del arrendador y arrendatario<\/strong><\/mark><\/p>\n\n\n\n<p><mark style=\"background-color:#ffffff00\" class=\"has-inline-color has-white-color\"><strong>\u2022 Medidas de protecci\u00f3n<\/strong><\/mark><\/p>\n\n\n\n<p><strong><mark style=\"background-color:#ffffff00\" class=\"has-inline-color has-white-color\">\u2022<\/mark> <mark style=\"background-color:#ffffff00\" class=\"has-inline-color has-white-color\">Controversias por uso u ocupaci\u00f3n de inmuebles arrendados<\/mark><\/strong><\/p>\n\n\n\n<p><mark style=\"background-color:#ffffff00;color:#ffffff05\" class=\"has-inline-color\">\u2022<\/mark><\/p>\n\n\n\n<p><mark style=\"background-color:#ffffff00;color:#ffffff05\" class=\"has-inline-color\">\u2022<\/mark><\/p>\n<\/div><\/div>\n<\/div>\n<\/div>\n\n\n\n<div class=\"wp-block-columns is-layout-flex wp-container-core-columns-is-layout-9d6595d7 wp-block-columns-is-layout-flex\">\n<div class=\"wp-block-column is-layout-flow wp-block-column-is-layout-flow\">\n<div class=\"wp-block-cover is-light\"><img loading=\"lazy\" decoding=\"async\" width=\"593\" height=\"385\" class=\"wp-block-cover__image-background wp-image-451 size-full\" alt=\"\" src=\"https:\/\/departamentos.uleam.edu.ec\/consultoriojuridico\/files\/2026\/02\/Captura-de-pantalla-210.png\" data-object-fit=\"cover\" srcset=\"https:\/\/departamentos.uleam.edu.ec\/consultoriojuridico\/files\/2026\/02\/Captura-de-pantalla-210.png 593w, https:\/\/departamentos.uleam.edu.ec\/consultoriojuridico\/files\/2026\/02\/Captura-de-pantalla-210-300x195.png 300w\" sizes=\"(max-width: 593px) 100vw, 593px\" \/><span aria-hidden=\"true\" class=\"wp-block-cover__background has-background-dim\" style=\"background-color:#b6adab\"><\/span><div class=\"wp-block-cover__inner-container is-layout-constrained wp-block-cover-is-layout-constrained\">\n<h2 class=\"wp-block-heading has-text-align-center\"><mark style=\"background-color:#ffffff0d\" class=\"has-inline-color has-white-color\"><strong>MOVILIDAD HUMANA<\/strong><\/mark><\/h2>\n\n\n\n<p><mark style=\"background-color:#ffffff00\" class=\"has-inline-color has-white-color\"><strong>\u2022 Orientaci\u00f3n a personas extranjeras y migrantes<\/strong><\/mark><\/p>\n\n\n\n<p><mark style=\"background-color:#ffffff00\" class=\"has-inline-color has-white-color\"><strong>\u2022 Informaci\u00f3n sobre permanencia legal en el pa\u00eds<\/strong><\/mark><\/p>\n\n\n\n<p><mark style=\"background-color:#ffffff00\" class=\"has-inline-color has-white-color\"><strong>\u2022 Orientaci\u00f3n en procesos de refugio y protecci\u00f3n internacional<\/strong><\/mark><\/p>\n\n\n\n<p><mark style=\"background-color:#ffffff00\" class=\"has-inline-color has-white-color\"><strong>\u2022 Asesor\u00eda en reunificaci\u00f3n familiar<\/strong><\/mark><\/p>\n\n\n\n<p><mark style=\"background-color:#ffffff00;color:#ffffff00\" class=\"has-inline-color\">\u2022<\/mark><\/p>\n\n\n\n<p><mark style=\"background-color:#ffffff00;color:#ffffff00\" class=\"has-inline-color\">\u2022<\/mark><\/p>\n\n\n\n<p><mark style=\"background-color:#ffffff00;color:#ffffff00\" class=\"has-inline-color\">\u2022<\/mark><\/p>\n\n\n\n<p><mark style=\"background-color:#ffffff00;color:#ffffff05\" class=\"has-inline-color\">\u2022<\/mark><\/p>\n<\/div><\/div>\n<\/div>\n\n\n\n<div class=\"wp-block-column is-layout-flow wp-block-column-is-layout-flow\">\n<div class=\"wp-block-cover\"><img loading=\"lazy\" decoding=\"async\" width=\"258\" height=\"382\" class=\"wp-block-cover__image-background wp-image-452 size-full\" alt=\"\" src=\"https:\/\/departamentos.uleam.edu.ec\/consultoriojuridico\/files\/2026\/02\/Captura-de-pantalla-205.png\" data-object-fit=\"cover\" srcset=\"https:\/\/departamentos.uleam.edu.ec\/consultoriojuridico\/files\/2026\/02\/Captura-de-pantalla-205.png 258w, https:\/\/departamentos.uleam.edu.ec\/consultoriojuridico\/files\/2026\/02\/Captura-de-pantalla-205-203x300.png 203w\" sizes=\"(max-width: 258px) 100vw, 258px\" \/><span aria-hidden=\"true\" class=\"wp-block-cover__background has-background-dim\" style=\"background-color:#6e6359\"><\/span><div class=\"wp-block-cover__inner-container is-layout-constrained wp-block-cover-is-layout-constrained\">\n<h2 class=\"wp-block-heading has-text-align-center\"><strong>PENAL<\/strong><\/h2>\n\n\n\n<p><strong>\u2022 Asesor\u00eda en materia penal para personas adultas<\/strong><\/p>\n\n\n\n<p><strong>\u2022 Asesor\u00eda a adolescentes en conflicto con la ley<\/strong><\/p>\n\n\n\n<p><strong>\u2022 Orientaci\u00f3n sobre el proceso penal<\/strong><\/p>\n\n\n\n<p><strong>\u2022Informaci\u00f3n sobre derechos y garant\u00edas del procesado<\/strong><\/p>\n\n\n\n<p><strong>\u2022 Patrocinio legal seg\u00fan autorizaci\u00f3n del consultorio jur\u00eddico<\/strong><\/p>\n\n\n\n<p><strong>\u2022 Orientaci\u00f3n sobre medidas socioeducativas para adolescentes infractores<\/strong><\/p>\n<\/div><\/div>\n<\/div>\n\n\n\n<div class=\"wp-block-column is-layout-flow wp-block-column-is-layout-flow\">\n<div class=\"wp-block-cover\"><img loading=\"lazy\" decoding=\"async\" width=\"214\" height=\"348\" class=\"wp-block-cover__image-background wp-image-453 size-full\" alt=\"\" src=\"https:\/\/departamentos.uleam.edu.ec\/consultoriojuridico\/files\/2026\/02\/Captura-de-pantalla-206-1.png\" data-object-fit=\"cover\" srcset=\"https:\/\/departamentos.uleam.edu.ec\/consultoriojuridico\/files\/2026\/02\/Captura-de-pantalla-206-1.png 214w, https:\/\/departamentos.uleam.edu.ec\/consultoriojuridico\/files\/2026\/02\/Captura-de-pantalla-206-1-184x300.png 184w\" sizes=\"(max-width: 214px) 100vw, 214px\" \/><span aria-hidden=\"true\" class=\"wp-block-cover__background has-background-dim\" style=\"background-color:#75584e\"><\/span><div class=\"wp-block-cover__inner-container is-layout-constrained wp-block-cover-is-layout-constrained\">\n<h2 class=\"wp-block-heading has-text-align-center\"><strong>VIOLENCIA INTRAFAMILIAR <\/strong><\/h2>\n\n\n\n<p><strong>\u2022 Asesor\u00eda en casos de violencia intrafamiliar<\/strong><\/p>\n\n\n\n<p><strong>\u2022 Orientaci\u00f3n sobre medidas de protecci\u00f3n<\/strong><\/p>\n\n\n\n<p><strong>\u2022 Informaci\u00f3n sobre derechos de las v\u00edctimas<\/strong><\/p>\n\n\n\n<p><strong>\u2022 Orientaci\u00f3n para la presentaci\u00f3n de denuncias<\/strong><\/p>\n\n\n\n<p><strong>\u2022 Protecci\u00f3n de derechos de los integrantes del n\u00facleo familiar<\/strong><\/p>\n\n\n\n<p><mark style=\"background-color:#ffffff00;color:#ffffff00\" class=\"has-inline-color\">\u2022<\/mark><\/p>\n\n\n\n<p><mark style=\"background-color:#ffffff00;color:#ffffff00\" class=\"has-inline-color\">\u2022<\/mark><\/p>\n<\/div><\/div>\n<\/div>\n<\/div>\n\n\n\n<p><\/p>\n","protected":false},"excerpt":{"rendered":"<p>El Consultorio Jur\u00eddico brinda asesor\u00eda y patrocinio legal gratuito, ofreciendo orientaci\u00f3n y representaci\u00f3n en las \u00e1reas autorizadas, con el prop\u00f3sito de garantizar el acceso a la justicia y la defensa de los derechos de la comunidad.<\/p>\n","protected":false},"author":47,"featured_media":0,"parent":0,"menu_order":0,"comment_status":"closed","ping_status":"closed","template":"","meta":{"footnotes":"","_links_to":"","_links_to_target":""},"class_list":["post-22","page","type-page","status-publish","hentry"],"_links":{"self":[{"href":"https:\/\/departamentos.uleam.edu.ec\/consultoriojuridico\/wp-json\/wp\/v2\/pages\/22","targetHints":{"allow":["GET"]}}],"collection":[{"href":"https:\/\/departamentos.uleam.edu.ec\/consultoriojuridico\/wp-json\/wp\/v2\/pages"}],"about":[{"href":"https:\/\/departamentos.uleam.edu.ec\/consultoriojuridico\/wp-json\/wp\/v2\/types\/page"}],"author":[{"embeddable":true,"href":"https:\/\/departamentos.uleam.edu.ec\/consultoriojuridico\/wp-json\/wp\/v2\/users\/47"}],"replies":[{"embeddable":true,"href":"https:\/\/departamentos.uleam.edu.ec\/consultoriojuridico\/wp-json\/wp\/v2\/comments?post=22"}],"version-history":[{"count":49,"href":"https:\/\/departamentos.uleam.edu.ec\/consultoriojuridico\/wp-json\/wp\/v2\/pages\/22\/revisions"}],"predecessor-version":[{"id":499,"href":"https:\/\/departamentos.uleam.edu.ec\/consultoriojuridico\/wp-json\/wp\/v2\/pages\/22\/revisions\/499"}],"wp:attachment":[{"href":"https:\/\/departamentos.uleam.edu.ec\/consultoriojuridico\/wp-json\/wp\/v2\/media?parent=22"}],"curies":[{"name":"wp","href":"https:\/\/api.w.org\/{rel}","templated":true}]}}