{"id":24,"date":"2024-02-14T16:49:32","date_gmt":"2024-02-14T16:49:32","guid":{"rendered":"https:\/\/departamentos.uleam.edu.ec\/consultoriojuridico\/?page_id=24"},"modified":"2026-02-23T22:26:50","modified_gmt":"2026-02-23T22:26:50","slug":"casos-realizados","status":"publish","type":"page","link":"https:\/\/departamentos.uleam.edu.ec\/consultoriojuridico\/casos-realizados\/","title":{"rendered":"Brigadas Jur\u00eddicas"},"content":{"rendered":"\n<h3 class=\"wp-block-heading has-text-align-center\"><strong><mark style=\"background-color:#ffffff00;color:#ee2222d6\" class=\"has-inline-color\">Formaci\u00f3n acad\u00e9mica al servicio de la comunidad<\/mark><\/strong><\/h3>\n\n\n\n<p>Las Brigadas Jur\u00eddicas son una labor social del Consultorio Jur\u00eddico mediante la cual estudiantes de Derecho que realizan sus pr\u00e1cticas preprofesionales, bajo supervisi\u00f3n de profesionales, brindan asesor\u00eda y orientaci\u00f3n legal gratuita a la comunidad. A trav\u00e9s de este servicio, el consultorio cumple su funci\u00f3n social universitaria, fortaleciendo el acceso a la justicia y apoyando a personas con recursos limitados en la defensa de sus derechos.<\/p>\n\n\n\n<div style=\"height:40px\" aria-hidden=\"true\" class=\"wp-block-spacer\"><\/div>\n\n\n\n<figure class=\"wp-block-gallery alignwide has-nested-images columns-default is-cropped wp-block-gallery-1 is-layout-flex wp-block-gallery-is-layout-flex\">\n<figure class=\"wp-block-image size-full\"><img fetchpriority=\"high\" decoding=\"async\" width=\"697\" height=\"997\" data-id=\"577\" src=\"https:\/\/departamentos.uleam.edu.ec\/consultoriojuridico\/files\/2026\/02\/1001697527.jpg\" alt=\"\" class=\"wp-image-577\" srcset=\"https:\/\/departamentos.uleam.edu.ec\/consultoriojuridico\/files\/2026\/02\/1001697527.jpg 697w, https:\/\/departamentos.uleam.edu.ec\/consultoriojuridico\/files\/2026\/02\/1001697527-210x300.jpg 210w\" sizes=\"(max-width: 697px) 100vw, 697px\" \/><\/figure>\n\n\n\n<figure class=\"wp-block-image size-large\"><img decoding=\"async\" width=\"1024\" height=\"768\" data-id=\"582\" src=\"https:\/\/departamentos.uleam.edu.ec\/consultoriojuridico\/files\/2026\/02\/1001697536-1-1024x768.jpg\" alt=\"\" class=\"wp-image-582\" srcset=\"https:\/\/departamentos.uleam.edu.ec\/consultoriojuridico\/files\/2026\/02\/1001697536-1-1024x768.jpg 1024w, https:\/\/departamentos.uleam.edu.ec\/consultoriojuridico\/files\/2026\/02\/1001697536-1-300x225.jpg 300w, https:\/\/departamentos.uleam.edu.ec\/consultoriojuridico\/files\/2026\/02\/1001697536-1-768x576.jpg 768w, https:\/\/departamentos.uleam.edu.ec\/consultoriojuridico\/files\/2026\/02\/1001697536-1-1536x1152.jpg 1536w, https:\/\/departamentos.uleam.edu.ec\/consultoriojuridico\/files\/2026\/02\/1001697536-1.jpg 1600w\" sizes=\"(max-width: 1024px) 100vw, 1024px\" \/><\/figure>\n<\/figure>\n\n\n\n<figure class=\"wp-block-gallery alignwide has-nested-images columns-default is-cropped wp-block-gallery-2 is-layout-flex wp-block-gallery-is-layout-flex\">\n<figure class=\"wp-block-image size-large\"><img decoding=\"async\" width=\"1024\" height=\"768\" data-id=\"580\" src=\"https:\/\/departamentos.uleam.edu.ec\/consultoriojuridico\/files\/2026\/02\/1001697530-1024x768.jpg\" alt=\"\" class=\"wp-image-580\" srcset=\"https:\/\/departamentos.uleam.edu.ec\/consultoriojuridico\/files\/2026\/02\/1001697530-1024x768.jpg 1024w, https:\/\/departamentos.uleam.edu.ec\/consultoriojuridico\/files\/2026\/02\/1001697530-300x225.jpg 300w, https:\/\/departamentos.uleam.edu.ec\/consultoriojuridico\/files\/2026\/02\/1001697530-768x576.jpg 768w, https:\/\/departamentos.uleam.edu.ec\/consultoriojuridico\/files\/2026\/02\/1001697530.jpg 1280w\" sizes=\"(max-width: 1024px) 100vw, 1024px\" \/><\/figure>\n\n\n\n<figure class=\"wp-block-image size-large\"><img loading=\"lazy\" decoding=\"async\" width=\"1024\" height=\"768\" data-id=\"581\" src=\"https:\/\/departamentos.uleam.edu.ec\/consultoriojuridico\/files\/2026\/02\/1001697529-1024x768.jpg\" alt=\"\" class=\"wp-image-581\" srcset=\"https:\/\/departamentos.uleam.edu.ec\/consultoriojuridico\/files\/2026\/02\/1001697529-1024x768.jpg 1024w, https:\/\/departamentos.uleam.edu.ec\/consultoriojuridico\/files\/2026\/02\/1001697529-300x225.jpg 300w, https:\/\/departamentos.uleam.edu.ec\/consultoriojuridico\/files\/2026\/02\/1001697529-768x576.jpg 768w, https:\/\/departamentos.uleam.edu.ec\/consultoriojuridico\/files\/2026\/02\/1001697529.jpg 1280w\" sizes=\"(max-width: 1024px) 100vw, 1024px\" \/><\/figure>\n<\/figure>\n\n\n\n<blockquote class=\"wp-block-quote is-layout-flow wp-block-quote-is-layout-flow\">\n<p class=\"has-text-align-center\"><em>Brigada Jur\u00eddica realizada por practicantes del Consultorio Jur\u00eddico Gratuito en la Casa de la Mujer<\/em><\/p>\n<\/blockquote>\n\n\n\n<div style=\"height:40px\" aria-hidden=\"true\" class=\"wp-block-spacer\"><\/div>\n\n\n\n<h3 class=\"wp-block-heading\"><mark style=\"background-color:#ffffff00;color:#e93232d9\" class=\"has-inline-color\"><strong>Aporte del Consultorio a la Comunidad<\/strong><\/mark><\/h3>\n\n\n\n<div style=\"height:25px\" aria-hidden=\"true\" class=\"wp-block-spacer\"><\/div>\n\n\n\n<p>\ud83d\udd3a Brinda servicios de asesor\u00eda legal gratuita a sectores vulnerables.<\/p>\n\n\n\n<p>\ud83d\udd3a Facilita la aplicaci\u00f3n de conocimientos jur\u00eddicos en casos reales por parte de estudiantes en pr\u00e1cticas preprofesionales, bajo supervisi\u00f3n profesional.<\/p>\n\n\n\n<p>\ud83d\udd3a Orienta a la ciudadan\u00eda sobre sus derechos y procedimientos legales.<\/p>\n\n\n\n<p>\ud83d\udd3a Promueve la educaci\u00f3n jur\u00eddica para prevenir conflictos.<\/p>\n\n\n\n<p>\ud83d\udd3a Contribuye al bienestar social mediante servicio legal solidario.<\/p>\n\n\n\n<div style=\"height:27px\" aria-hidden=\"true\" class=\"wp-block-spacer\"><\/div>\n\n\n\n<hr class=\"wp-block-separator has-alpha-channel-opacity\" \/>\n\n\n\n<p class=\"has-text-align-center\"><strong><em>Las Brigadas Jur\u00eddicas integran la formaci\u00f3n profesional de los estudiantes con el servicio a la sociedad, generando apoyo legal directo y fortaleciendo el compromiso social del Consultorio Jur\u00eddico con la comunidad.<\/em><\/strong><\/p>\n","protected":false},"excerpt":{"rendered":"<p>Formaci\u00f3n acad\u00e9mica al servicio de la comunidad Las Brigadas Jur\u00eddicas son una labor social del Consultorio Jur\u00eddico mediante la cual estudiantes de Derecho que realizan sus pr\u00e1cticas preprofesionales, bajo supervisi\u00f3n de profesionales, brindan asesor\u00eda y orientaci\u00f3n legal gratuita a la [&hellip;]<\/p>\n","protected":false},"author":47,"featured_media":0,"parent":0,"menu_order":0,"comment_status":"closed","ping_status":"closed","template":"","meta":{"footnotes":"","_links_to":"","_links_to_target":""},"class_list":["post-24","page","type-page","status-publish","hentry"],"_links":{"self":[{"href":"https:\/\/departamentos.uleam.edu.ec\/consultoriojuridico\/wp-json\/wp\/v2\/pages\/24","targetHints":{"allow":["GET"]}}],"collection":[{"href":"https:\/\/departamentos.uleam.edu.ec\/consultoriojuridico\/wp-json\/wp\/v2\/pages"}],"about":[{"href":"https:\/\/departamentos.uleam.edu.ec\/consultoriojuridico\/wp-json\/wp\/v2\/types\/page"}],"author":[{"embeddable":true,"href":"https:\/\/departamentos.uleam.edu.ec\/consultoriojuridico\/wp-json\/wp\/v2\/users\/47"}],"replies":[{"embeddable":true,"href":"https:\/\/departamentos.uleam.edu.ec\/consultoriojuridico\/wp-json\/wp\/v2\/comments?post=24"}],"version-history":[{"count":28,"href":"https:\/\/departamentos.uleam.edu.ec\/consultoriojuridico\/wp-json\/wp\/v2\/pages\/24\/revisions"}],"predecessor-version":[{"id":594,"href":"https:\/\/departamentos.uleam.edu.ec\/consultoriojuridico\/wp-json\/wp\/v2\/pages\/24\/revisions\/594"}],"wp:attachment":[{"href":"https:\/\/departamentos.uleam.edu.ec\/consultoriojuridico\/wp-json\/wp\/v2\/media?parent=24"}],"curies":[{"name":"wp","href":"https:\/\/api.w.org\/{rel}","templated":true}]}}