{"id":37,"date":"2024-02-14T16:56:48","date_gmt":"2024-02-14T16:56:48","guid":{"rendered":"https:\/\/departamentos.uleam.edu.ec\/consultoriojuridico\/?page_id=37"},"modified":"2026-02-27T18:38:25","modified_gmt":"2026-02-27T18:38:25","slug":"patrocinio","status":"publish","type":"page","link":"https:\/\/departamentos.uleam.edu.ec\/consultoriojuridico\/patrocinio\/","title":{"rendered":"Patrocinio Legal"},"content":{"rendered":"\n<p class=\"has-text-align-center\">Brindamos patrocinio legal gratuito, ofreciendo representaci\u00f3n y acompa\u00f1amiento jur\u00eddico a personas que no cuentan con recursos para contratar un abogado particular, garantizando la defensa de sus derechos conforme a la normativa vigente.<\/p>\n\n\n\n<div style=\"height:40px\" aria-hidden=\"true\" class=\"wp-block-spacer\"><\/div>\n\n\n\n<div class=\"wp-block-media-text is-stacked-on-mobile is-vertically-aligned-center\"><figure class=\"wp-block-media-text__media\"><img fetchpriority=\"high\" decoding=\"async\" width=\"580\" height=\"381\" src=\"https:\/\/departamentos.uleam.edu.ec\/consultoriojuridico\/files\/2026\/02\/Captura-de-pantalla-192-3.png\" alt=\"\" class=\"wp-image-529 size-full\" srcset=\"https:\/\/departamentos.uleam.edu.ec\/consultoriojuridico\/files\/2026\/02\/Captura-de-pantalla-192-3.png 580w, https:\/\/departamentos.uleam.edu.ec\/consultoriojuridico\/files\/2026\/02\/Captura-de-pantalla-192-3-300x197.png 300w\" sizes=\"(max-width: 580px) 100vw, 580px\" \/><\/figure><div class=\"wp-block-media-text__content\">\n<h3 class=\"wp-block-heading\"><strong>\u00bfQu\u00e9 Comprende el Servicio?<\/strong><\/h3>\n\n\n\n<p><\/p>\n\n\n\n<p class=\"has-text-align-left\">\ud83d\udd3a Representaci\u00f3n legal en procesos dentro de las \u00e1reas autorizadas.<\/p>\n\n\n\n<p class=\"has-text-align-left\">\ud83d\udd3a Elaboraci\u00f3n de escritos y documentaci\u00f3n jur\u00eddica.<\/p>\n\n\n\n<p class=\"has-text-align-left\">\ud83d\udd3a Orientaci\u00f3n y acompa\u00f1amiento durante el proceso.<\/p>\n\n\n\n<p class=\"has-text-align-left\">\ud83d\udd3a Seguimiento del caso conforme a las competencias del consultorio.<\/p>\n<\/div><\/div>\n\n\n\n<div style=\"height:38px\" aria-hidden=\"true\" class=\"wp-block-spacer\"><\/div>\n\n\n\n<div class=\"wp-block-cover\" style=\"min-height:247px;aspect-ratio:unset;\"><span aria-hidden=\"true\" class=\"wp-block-cover__background has-vivid-red-background-color has-background-dim-100 has-background-dim\"><\/span><div class=\"wp-block-cover__inner-container is-layout-constrained wp-block-cover-is-layout-constrained\">\n<h3 class=\"wp-block-heading\"><strong>Beneficiarios<\/strong><\/h3>\n\n\n\n<p><mark style=\"background-color:#ffffff00\" class=\"has-inline-color has-white-color\">Este servicio est\u00e1 dirigido a personas que requieren asistencia legal y no disponen de recursos econ\u00f3micos para contratar defensa privada, cuyos casos correspondan a las \u00e1reas de atenci\u00f3n del consultorio.<\/mark><\/p>\n<\/div><\/div>\n\n\n\n<div style=\"height:40px\" aria-hidden=\"true\" class=\"wp-block-spacer\"><\/div>\n\n\n\n<hr class=\"wp-block-separator has-alpha-channel-opacity\" \/>\n\n\n\n<h6 class=\"wp-block-heading has-text-align-center\"><em><strong>El Consultorio Jur\u00eddico invita a la comunidad a acceder a este servicio gratuito, orientado a garantizar el acceso a la justicia y la protecci\u00f3n de sus derechos mediante atenci\u00f3n profesional y especializada.<\/strong><\/em><\/h6>\n","protected":false},"excerpt":{"rendered":"<p>Brindamos patrocinio legal gratuito, ofreciendo representaci\u00f3n y acompa\u00f1amiento jur\u00eddico a personas que no cuentan con recursos para contratar un abogado particular, garantizando la defensa de sus derechos conforme a la normativa vigente. \u00bfQu\u00e9 Comprende el Servicio? \ud83d\udd3a Representaci\u00f3n legal en [&hellip;]<\/p>\n","protected":false},"author":47,"featured_media":0,"parent":0,"menu_order":0,"comment_status":"closed","ping_status":"closed","template":"","meta":{"footnotes":"","_links_to":"","_links_to_target":""},"class_list":["post-37","page","type-page","status-publish","hentry"],"_links":{"self":[{"href":"https:\/\/departamentos.uleam.edu.ec\/consultoriojuridico\/wp-json\/wp\/v2\/pages\/37","targetHints":{"allow":["GET"]}}],"collection":[{"href":"https:\/\/departamentos.uleam.edu.ec\/consultoriojuridico\/wp-json\/wp\/v2\/pages"}],"about":[{"href":"https:\/\/departamentos.uleam.edu.ec\/consultoriojuridico\/wp-json\/wp\/v2\/types\/page"}],"author":[{"embeddable":true,"href":"https:\/\/departamentos.uleam.edu.ec\/consultoriojuridico\/wp-json\/wp\/v2\/users\/47"}],"replies":[{"embeddable":true,"href":"https:\/\/departamentos.uleam.edu.ec\/consultoriojuridico\/wp-json\/wp\/v2\/comments?post=37"}],"version-history":[{"count":47,"href":"https:\/\/departamentos.uleam.edu.ec\/consultoriojuridico\/wp-json\/wp\/v2\/pages\/37\/revisions"}],"predecessor-version":[{"id":668,"href":"https:\/\/departamentos.uleam.edu.ec\/consultoriojuridico\/wp-json\/wp\/v2\/pages\/37\/revisions\/668"}],"wp:attachment":[{"href":"https:\/\/departamentos.uleam.edu.ec\/consultoriojuridico\/wp-json\/wp\/v2\/media?parent=37"}],"curies":[{"name":"wp","href":"https:\/\/api.w.org\/{rel}","templated":true}]}}