{"id":8,"date":"2024-02-14T16:41:48","date_gmt":"2024-02-14T16:41:48","guid":{"rendered":"https:\/\/departamentos.uleam.edu.ec\/consultoriojuridico\/?page_id=8"},"modified":"2026-02-12T16:49:58","modified_gmt":"2026-02-12T16:49:58","slug":"objetivos","status":"publish","type":"page","link":"https:\/\/departamentos.uleam.edu.ec\/consultoriojuridico\/objetivos\/","title":{"rendered":"Objetivos"},"content":{"rendered":"\n<div class=\"wp-block-group is-vertical is-layout-flex wp-container-core-group-is-layout-8cf370e7 wp-block-group-is-layout-flex\">\n<p class=\"has-text-align-left\">\ud83d\udd3a Brindar asesor\u00eda y patrocinio legal gratuito a personas de escasos recursos econ\u00f3micos, promoviendo el acceso a la justicia y fortaleciendo la formaci\u00f3n pr\u00e1ctica de los estudiantes de la carrera de Derecho en el marco del servicio a la comunidad.<\/p>\n\n\n\n<p><\/p>\n\n\n\n<p class=\"has-text-align-left\">\ud83d\udd3a Garantizar el acceso a la justicia de personas en situaci\u00f3n de vulnerabilidad, a trav\u00e9s de la atenci\u00f3n legal gratuita y oportuna.<\/p>\n\n\n\n<p><\/p>\n\n\n\n<p class=\"has-text-align-left\">\ud83d\udd3a Ofrecer orientaci\u00f3n jur\u00eddica en diversas \u00e1reas del Derecho (civil, penal, laboral, familia, constitucional, movilidad, entre otras)<\/p>\n\n\n\n<p><\/p>\n\n\n\n<p class=\"has-text-align-left\">\ud83d\udd3a Fortalecer los conocimientos te\u00f3rico-pr\u00e1cticos acad\u00e9micos adquiridos por los estudiantes durante el proceso de ense\u00f1anza-aprendizaje impartidos en las aulas de la Carrera de Derecho de la ULEAM.<\/p>\n\n\n\n<p><\/p>\n\n\n\n<p class=\"has-text-align-left\">\ud83d\udd3a Lograr que los estudiantes durante su per\u00edodo de pr\u00e1cticas preprofesionales en el Consultorio Jur\u00eddico Gratuito de la ULEAM se familiaricen con las teor\u00edas jur\u00eddicas que en materia procesal se aplican en nuestro ordenamiento jur\u00eddico.<\/p>\n\n\n\n<p><\/p>\n\n\n\n<p class=\"has-text-align-left\">\ud83d\udd3a Consolidar con la pr\u00e1ctica, los conocimientos adquiridos en la Carrera de Derecho, mejorando las destrezas en materia de litigaci\u00f3n oral a fin de que inicie con seguridad su ejercicio profesional.<\/p>\n\n\n\n<p><\/p>\n\n\n\n<p class=\"has-text-align-left\">\ud83d\udd3a Contribuir a trav\u00e9s de un proceso de capacitaci\u00f3n, al desarrollo de un sistema de t\u00e9cnicas de argumentaci\u00f3n jur\u00eddica, para que est\u00e9n preparados para el ejercicio profesional.<\/p>\n\n\n\n<p><\/p>\n\n\n\n<p class=\"has-text-align-left\">\ud83d\udd3a Brindar a los estudiantes la oportunidad de asistir, con autorizaci\u00f3n del Director del Consultorio Jur\u00eddico Gratuito a los diferentes Juzgados, Fiscal\u00edas, y dem\u00e1s dependencias de la Judicatura en la Ciudad de Manta,incluyendo el per\u00edmetro a las dependencias administrativas.<\/p>\n\n\n\n<p><\/p>\n\n\n\n<p class=\"has-text-align-left\">\ud83d\udd3a Dar asesor\u00edas jur\u00eddicas en todas las \u00e1reas o materias legales, debidamente autorizadas por la Defensor\u00eda P\u00fablica y las Autoridades competentes de la ULEAM.<\/p>\n\n\n\n<p><\/p>\n\n\n\n<p class=\"has-text-align-left\">\ud83d\udd3a Proporcionar patrocinio legal a los ciudadanos de escasos recursos econ\u00f3micos en las \u00e1reas autorizadas por la Defensor\u00eda P\u00fablica y las Autoridades Pertinentes de la ULEAM.<\/p>\n\n\n\n<p><\/p>\n\n\n\n<p class=\"has-text-align-left\">\ud83d\udd3a Brindar asesor\u00eda y patrocinio legal gratuito a personas de escasos recursos econ\u00f3micos, promoviendo el acceso a la justicia y fortaleciendo la formaci\u00f3n pr\u00e1ctica de los estudiantes de la carrera de Derecho en el marco del servicio a la comunidad.<\/p>\n\n\n\n<p><\/p>\n\n\n\n<p class=\"has-text-align-left\">\ud83d\udd3a Garantizar el acceso a la justicia de personas en situaci\u00f3n de vulnerabilidad, a trav\u00e9s de la atenci\u00f3n legal gratuita y oportuna.<\/p>\n\n\n\n<p><\/p>\n\n\n\n<p class=\"has-text-align-left\">\ud83d\udd3a Ofrecer orientaci\u00f3n jur\u00eddica en diversas \u00e1reas del Derecho (civil, penal, laboral, familia, constitucional, movilidad, entre otras)<\/p>\n\n\n\n<p><\/p>\n\n\n\n<p class=\"has-text-align-left\">\ud83d\udd3a Fortalecer los conocimientos te\u00f3rico-pr\u00e1cticos acad\u00e9micos adquiridos por los estudiantes durante el proceso de ense\u00f1anza-aprendizaje impartidos en las aulas de la Carrera de Derecho de la ULEAM.<\/p>\n\n\n\n<p><\/p>\n\n\n\n<p class=\"has-text-align-left\">\ud83d\udd3a Lograr que los estudiantes durante su per\u00edodo de pr\u00e1cticas preprofesionales en el Consultorio Jur\u00eddico Gratuito de la ULEAM se familiaricen con las teor\u00edas jur\u00eddicas que en materia procesal se aplican en nuestro ordenamiento jur\u00eddico.<\/p>\n\n\n\n<p><\/p>\n\n\n\n<p class=\"has-text-align-left\">\ud83d\udd3a Consolidar con la pr\u00e1ctica, los conocimientos adquiridos en la Carrera de Derecho, mejorando las destrezas en materia de litigaci\u00f3n oral a fin de que inicie con seguridad su ejercicio profesional.<\/p>\n\n\n\n<p><\/p>\n\n\n\n<p class=\"has-text-align-left\">\ud83d\udd3a Contribuir a trav\u00e9s de un proceso de capacitaci\u00f3n, al desarrollo de un sistema de t\u00e9cnicas de argumentaci\u00f3n jur\u00eddica, para que est\u00e9n preparados para el ejercicio profesional.<\/p>\n\n\n\n<p><\/p>\n\n\n\n<p class=\"has-text-align-left\">\ud83d\udd3a Brindar a los estudiantes la oportunidad de asistir, con autorizaci\u00f3n del Director del Consultorio Jur\u00eddico Gratuito a los diferentes Juzgados, Fiscal\u00edas, y dem\u00e1s dependencias de la Judicatura en la Ciudad de Manta,incluyendo el per\u00edmetro a las dependencias administrativas.<\/p>\n\n\n\n<p><\/p>\n\n\n\n<p class=\"has-text-align-left\">\ud83d\udd3a Dar asesor\u00edas jur\u00eddicas en todas las \u00e1reas o materias legales, debidamente autorizadas por la Defensor\u00eda P\u00fablica y las Autoridades competentes de la ULEAM.<\/p>\n\n\n\n<p><\/p>\n\n\n\n<p class=\"has-text-align-left\">\ud83d\udd3a Proporcionar patrocinio legal a los ciudadanos de escasos recursos econ\u00f3micos en las \u00e1reas autorizadas por la Defensor\u00eda P\u00fablica y las Autoridades Pertinentes de la ULEAM.<\/p>\n\n\n\n<p><\/p>\n\n\n\n<p class=\"has-text-align-left\">\ud83d\udd3a Brindar asistencias jur\u00eddicas en cualquier \u00e1rea, a personas que se encuentran en estado vulnerable, previa evaluaci\u00f3n de un equipo t\u00e9cnico social que se conformar\u00e1 para efecto.<\/p>\n<\/div>\n\n\n\n<h4 class=\"wp-block-heading has-text-align-left\"><\/h4>\n\n\n\n<p><\/p>\n\n\n\n<p><\/p>\n","protected":false},"excerpt":{"rendered":"<p>\ud83d\udd3a Brindar asesor\u00eda y patrocinio legal gratuito a personas de escasos recursos econ\u00f3micos, promoviendo el acceso a la justicia y fortaleciendo la formaci\u00f3n pr\u00e1ctica de los estudiantes de la carrera de Derecho en el marco del servicio a la comunidad. [&hellip;]<\/p>\n","protected":false},"author":47,"featured_media":0,"parent":0,"menu_order":0,"comment_status":"closed","ping_status":"closed","template":"","meta":{"footnotes":"","_links_to":"","_links_to_target":""},"class_list":["post-8","page","type-page","status-publish","hentry"],"_links":{"self":[{"href":"https:\/\/departamentos.uleam.edu.ec\/consultoriojuridico\/wp-json\/wp\/v2\/pages\/8","targetHints":{"allow":["GET"]}}],"collection":[{"href":"https:\/\/departamentos.uleam.edu.ec\/consultoriojuridico\/wp-json\/wp\/v2\/pages"}],"about":[{"href":"https:\/\/departamentos.uleam.edu.ec\/consultoriojuridico\/wp-json\/wp\/v2\/types\/page"}],"author":[{"embeddable":true,"href":"https:\/\/departamentos.uleam.edu.ec\/consultoriojuridico\/wp-json\/wp\/v2\/users\/47"}],"replies":[{"embeddable":true,"href":"https:\/\/departamentos.uleam.edu.ec\/consultoriojuridico\/wp-json\/wp\/v2\/comments?post=8"}],"version-history":[{"count":30,"href":"https:\/\/departamentos.uleam.edu.ec\/consultoriojuridico\/wp-json\/wp\/v2\/pages\/8\/revisions"}],"predecessor-version":[{"id":223,"href":"https:\/\/departamentos.uleam.edu.ec\/consultoriojuridico\/wp-json\/wp\/v2\/pages\/8\/revisions\/223"}],"wp:attachment":[{"href":"https:\/\/departamentos.uleam.edu.ec\/consultoriojuridico\/wp-json\/wp\/v2\/media?parent=8"}],"curies":[{"name":"wp","href":"https:\/\/api.w.org\/{rel}","templated":true}]}}