{"id":89,"date":"2026-02-06T16:07:21","date_gmt":"2026-02-06T16:07:21","guid":{"rendered":"https:\/\/departamentos.uleam.edu.ec\/consultoriojuridico\/?page_id=89"},"modified":"2026-02-26T18:57:29","modified_gmt":"2026-02-26T18:57:29","slug":"casos-ejecutados-2025","status":"publish","type":"page","link":"https:\/\/departamentos.uleam.edu.ec\/consultoriojuridico\/casos-ejecutados-2025\/","title":{"rendered":"\u00bfC\u00f3mo Acceder al Servicio?"},"content":{"rendered":"\n<p class=\"has-text-align-left\">El Consultorio Jur\u00eddico de nuestra universidad ofrece asesor\u00eda y patrocinio legal gratuito a la comunidad. Para acceder, los interesados deben cumplir con algunos requisitos b\u00e1sicos que permiten brindar una atenci\u00f3n ordenada, profesional y ajustada a las \u00e1reas de especialidad del consultorio.<\/p>\n\n\n\n<p>\ud83d\udccc <strong>La documentaci\u00f3n ser\u00e1 revisada por el equipo jur\u00eddico para determinar la procedencia del patrocinio.<\/strong><\/p>\n\n\n\n<div class=\"wp-block-cover\" style=\"min-height:427px;aspect-ratio:unset;\"><span aria-hidden=\"true\" class=\"wp-block-cover__background has-vivid-red-background-color has-background-dim-100 has-background-dim\"><\/span><div class=\"wp-block-cover__inner-container is-layout-constrained wp-block-cover-is-layout-constrained\">\n<figure class=\"wp-block-image size-large\"><img fetchpriority=\"high\" decoding=\"async\" width=\"1024\" height=\"465\" src=\"https:\/\/departamentos.uleam.edu.ec\/consultoriojuridico\/files\/2026\/02\/office-discussion-busines-group-business-1-1024x465.jpg\" alt=\"\" class=\"wp-image-651\" srcset=\"https:\/\/departamentos.uleam.edu.ec\/consultoriojuridico\/files\/2026\/02\/office-discussion-busines-group-business-1-1024x465.jpg 1024w, https:\/\/departamentos.uleam.edu.ec\/consultoriojuridico\/files\/2026\/02\/office-discussion-busines-group-business-1-300x136.jpg 300w, https:\/\/departamentos.uleam.edu.ec\/consultoriojuridico\/files\/2026\/02\/office-discussion-busines-group-business-1-768x349.jpg 768w, https:\/\/departamentos.uleam.edu.ec\/consultoriojuridico\/files\/2026\/02\/office-discussion-busines-group-business-1-1536x697.jpg 1536w, https:\/\/departamentos.uleam.edu.ec\/consultoriojuridico\/files\/2026\/02\/office-discussion-busines-group-business-1-2048x929.jpg 2048w\" sizes=\"(max-width: 1024px) 100vw, 1024px\" \/><\/figure>\n<\/div><\/div>\n\n\n\n<div style=\"height:50px\" aria-hidden=\"true\" class=\"wp-block-spacer\"><\/div>\n\n\n\n<h2 class=\"wp-block-heading\"><mark style=\"background-color:#ffffff00;color:#e32929e8\" class=\"has-inline-color\"><strong>REQUISITOS<\/strong><\/mark><\/h2>\n\n\n\n<figure class=\"wp-block-table is-style-stripes\"><table class=\"has-fixed-layout\"><tbody><tr><td><strong>\ud83d\udd3a Presentar tu c\u00e9dula de identidad para registro y control del caso.<\/strong><\/td><\/tr><tr><td><\/td><\/tr><\/tbody><\/table><\/figure>\n\n\n\n<figure class=\"wp-block-table is-style-stripes\"><table class=\"has-fixed-layout\"><tbody><tr><td><strong>\ud83d\udd3a Exponer de manera clara los hechos o la situaci\u00f3n legal para recibir la orientaci\u00f3n correspondiente.<\/strong><\/td><\/tr><tr><td><\/td><\/tr><\/tbody><\/table><\/figure>\n\n\n\n<figure class=\"wp-block-table is-style-stripes\"><table class=\"has-fixed-layout\"><tbody><tr><td><strong>\ud83d\udd3aPresentar la documentaci\u00f3n relacionada que respalde el caso, cuando exista.<\/strong><\/td><\/tr><tr><td><\/td><\/tr><\/tbody><\/table><\/figure>\n\n\n\n<figure class=\"wp-block-table is-style-stripes\"><table class=\"has-fixed-layout\"><tbody><tr><td><strong>\ud83d\udd3a Verificar que el caso se encuentre dentro de las \u00e1reas de atenci\u00f3n del consultorio.<\/strong><\/td><\/tr><tr><td><\/td><\/tr><\/tbody><\/table><\/figure>\n\n\n\n<figure class=\"wp-block-table is-style-stripes\"><table class=\"has-fixed-layout\"><tbody><tr><td><strong>\ud83d\udd3a Cumplir con los criterios establecidos para la atenci\u00f3n gratuita.<\/strong><\/td><\/tr><tr><td>\ud83d\udd3a Ser una persona que no puede costear un abogado privado.<br><br>\ud83d\udd3a Encontrarse en una situaci\u00f3n econ\u00f3mica que justifique recibir apoyo del consultorio.<br><br>\ud83d\udd3a No contar con representaci\u00f3n legal particular en el mismo proceso.<\/td><\/tr><\/tbody><\/table><\/figure>\n\n\n\n<p><\/p>\n","protected":false},"excerpt":{"rendered":"<p>El Consultorio Jur\u00eddico de nuestra universidad ofrece asesor\u00eda y patrocinio legal gratuito a la comunidad. Para acceder, los interesados deben cumplir con algunos requisitos b\u00e1sicos que permiten brindar una atenci\u00f3n ordenada, profesional y ajustada a las \u00e1reas de especialidad del [&hellip;]<\/p>\n","protected":false},"author":47,"featured_media":0,"parent":0,"menu_order":0,"comment_status":"closed","ping_status":"closed","template":"","meta":{"footnotes":"","_links_to":"","_links_to_target":""},"class_list":["post-89","page","type-page","status-publish","hentry"],"_links":{"self":[{"href":"https:\/\/departamentos.uleam.edu.ec\/consultoriojuridico\/wp-json\/wp\/v2\/pages\/89","targetHints":{"allow":["GET"]}}],"collection":[{"href":"https:\/\/departamentos.uleam.edu.ec\/consultoriojuridico\/wp-json\/wp\/v2\/pages"}],"about":[{"href":"https:\/\/departamentos.uleam.edu.ec\/consultoriojuridico\/wp-json\/wp\/v2\/types\/page"}],"author":[{"embeddable":true,"href":"https:\/\/departamentos.uleam.edu.ec\/consultoriojuridico\/wp-json\/wp\/v2\/users\/47"}],"replies":[{"embeddable":true,"href":"https:\/\/departamentos.uleam.edu.ec\/consultoriojuridico\/wp-json\/wp\/v2\/comments?post=89"}],"version-history":[{"count":28,"href":"https:\/\/departamentos.uleam.edu.ec\/consultoriojuridico\/wp-json\/wp\/v2\/pages\/89\/revisions"}],"predecessor-version":[{"id":659,"href":"https:\/\/departamentos.uleam.edu.ec\/consultoriojuridico\/wp-json\/wp\/v2\/pages\/89\/revisions\/659"}],"wp:attachment":[{"href":"https:\/\/departamentos.uleam.edu.ec\/consultoriojuridico\/wp-json\/wp\/v2\/media?parent=89"}],"curies":[{"name":"wp","href":"https:\/\/api.w.org\/{rel}","templated":true}]}}