{"id":94,"date":"2026-02-06T16:15:56","date_gmt":"2026-02-06T16:15:56","guid":{"rendered":"https:\/\/departamentos.uleam.edu.ec\/consultoriojuridico\/?page_id=94"},"modified":"2026-02-12T16:12:45","modified_gmt":"2026-02-12T16:12:45","slug":"proceso-de-practicas-preprofesionales","status":"publish","type":"page","link":"https:\/\/departamentos.uleam.edu.ec\/consultoriojuridico\/proceso-de-practicas-preprofesionales\/","title":{"rendered":"Transparencia Institucional."},"content":{"rendered":"\n<h3 class=\"wp-block-heading\">\ud83d\udcc4 <strong>Permiso de Funcionamiento.<\/strong><\/h3>\n\n\n\n<p>Documento emitido por la Defensor\u00eda P\u00fablica que autoriza el funcionamiento del Consultorio Jur\u00eddico y respalda su servicio a la comunidad.<\/p>\n\n\n\n<div class=\"wp-block-file\"><a id=\"wp-block-file--media-698ef4de-dab9-4043-80a6-60773e8a9338\" href=\"https:\/\/departamentos.uleam.edu.ec\/consultoriojuridico\/files\/2026\/02\/PERMISO-DE-FUNCIONAMIENTO.pdf\">-&gt;PERMISO DE FUNCIONAMIENTO <\/a><\/div>\n\n\n\n<h3 class=\"wp-block-heading\">\ud83d\udcc4 <strong>Reglamento Interno y Resoluci\u00f3n Institucional.  <\/strong><\/h3>\n\n\n\n<p>Documento oficial que establece las normas de funcionamiento, organizaci\u00f3n y disposiciones legales del Consultorio Jur\u00eddico.<\/p>\n\n\n\n<div class=\"wp-block-file\"><a id=\"wp-block-file--media-1f01385e-1abb-435a-b655-f978a5109c2b\" href=\"https:\/\/departamentos.uleam.edu.ec\/consultoriojuridico\/files\/2026\/02\/REGLAMENTO-INT-Y-RESOLUCION.pdf\">-&gt;REGLAMENTO INTERNO Y RESOLUCI\u00d3N<\/a><\/div>\n\n\n\n<p><\/p>\n","protected":false},"excerpt":{"rendered":"<p>\ud83d\udcc4 Permiso de Funcionamiento. Documento emitido por la Defensor\u00eda P\u00fablica que autoriza el funcionamiento del Consultorio Jur\u00eddico y respalda su servicio a la comunidad. \ud83d\udcc4 Reglamento Interno y Resoluci\u00f3n Institucional. Documento oficial que establece las normas de funcionamiento, organizaci\u00f3n y [&hellip;]<\/p>\n","protected":false},"author":47,"featured_media":0,"parent":0,"menu_order":0,"comment_status":"closed","ping_status":"closed","template":"","meta":{"footnotes":"","_links_to":"","_links_to_target":""},"class_list":["post-94","page","type-page","status-publish","hentry"],"_links":{"self":[{"href":"https:\/\/departamentos.uleam.edu.ec\/consultoriojuridico\/wp-json\/wp\/v2\/pages\/94","targetHints":{"allow":["GET"]}}],"collection":[{"href":"https:\/\/departamentos.uleam.edu.ec\/consultoriojuridico\/wp-json\/wp\/v2\/pages"}],"about":[{"href":"https:\/\/departamentos.uleam.edu.ec\/consultoriojuridico\/wp-json\/wp\/v2\/types\/page"}],"author":[{"embeddable":true,"href":"https:\/\/departamentos.uleam.edu.ec\/consultoriojuridico\/wp-json\/wp\/v2\/users\/47"}],"replies":[{"embeddable":true,"href":"https:\/\/departamentos.uleam.edu.ec\/consultoriojuridico\/wp-json\/wp\/v2\/comments?post=94"}],"version-history":[{"count":22,"href":"https:\/\/departamentos.uleam.edu.ec\/consultoriojuridico\/wp-json\/wp\/v2\/pages\/94\/revisions"}],"predecessor-version":[{"id":204,"href":"https:\/\/departamentos.uleam.edu.ec\/consultoriojuridico\/wp-json\/wp\/v2\/pages\/94\/revisions\/204"}],"wp:attachment":[{"href":"https:\/\/departamentos.uleam.edu.ec\/consultoriojuridico\/wp-json\/wp\/v2\/media?parent=94"}],"curies":[{"name":"wp","href":"https:\/\/api.w.org\/{rel}","templated":true}]}}