{"id":1739,"date":"2020-01-11T13:15:20","date_gmt":"2020-01-11T18:15:20","guid":{"rendered":"https:\/\/departamentos.uleam.edu.ec\/departamento-planeamiento\/?page_id=1739"},"modified":"2025-10-02T17:21:11","modified_gmt":"2025-10-02T22:21:11","slug":"pedi-2","status":"publish","type":"page","link":"https:\/\/departamentos.uleam.edu.ec\/departamento-planeamiento\/pedi-2\/","title":{"rendered":"PEDI"},"content":{"rendered":"\n<h4 class=\"wp-block-heading\">PEDI 2026-2030<\/h4>\n\n\n\n<div class=\"wp-block-file\"><a id=\"wp-block-file--media-c9ff5d7a-4764-43c5-9731-2cb8d5f8e562\" href=\"https:\/\/departamentos.uleam.edu.ec\/departamento-planeamiento\/files\/2025\/10\/INDICADORES_FOPEDEUPO_MODELO_EVALUACION_CACES-PEDI-2024.xlsx\" target=\"_blank\" rel=\"noreferrer noopener\"><mark style=\"background-color:rgba(0, 0, 0, 0)\" class=\"has-inline-color has-vivid-cyan-blue-color\">INDICADORES FOPEDEUPO MODELO EVALUACI\u00d3N CACES PEDI-2024<\/mark><\/a><\/div>\n\n\n\n<div class=\"wp-block-file\"><a id=\"wp-block-file--media-d040b765-933c-447c-9af3-bf8b49831018\" href=\"https:\/\/departamentos.uleam.edu.ec\/departamento-planeamiento\/files\/2025\/10\/CODIFICACION-DEL-ESTATUTO-ULEAM-2023-1.pdf\">CODIFICACION DEL ESTATUTO ULEAM-2023-1<\/a><\/div>\n\n\n\n<div class=\"wp-block-file\"><a id=\"wp-block-file--media-36e1a87d-07c0-4153-8016-844458de7299\" href=\"https:\/\/departamentos.uleam.edu.ec\/departamento-planeamiento\/files\/2025\/10\/MODELO-EDUCATIVO-ULEAM-2025.pdf\">MODELO EDUCATIVO ULEAM-2025<\/a><\/div>\n\n\n\n<div class=\"wp-block-file\"><a id=\"wp-block-file--media-6980484e-fa20-46a5-a398-49871674f5b5\" href=\"https:\/\/departamentos.uleam.edu.ec\/departamento-planeamiento\/files\/2025\/10\/SNP-GUIA-METODOLOGICA-DE-PLANIFICACION-INSTITUCIONAL.pdf\">SNP-GU\u00cdA METODOL\u00d3GICA DE PLANIFICACI\u00d3N INSTITUCIONAL<\/a><\/div>\n\n\n\n<div class=\"wp-block-file\"><a id=\"wp-block-file--media-bc4db115-b07d-425a-be30-148224140d83\" href=\"https:\/\/departamentos.uleam.edu.ec\/departamento-planeamiento\/files\/2025\/10\/GUIA-METODOLOGICA-PARA-LA-PLANIFICACION-ESTRATEGICA-2026-2030.pdf\">ULEAM-GU\u00cdA METODOL\u00d3GICA PARA LA PLANIFICACI\u00d3N ESTRAT\u00c9GICA 2026-2030<\/a><\/div>\n\n\n\n<h4 class=\"wp-block-heading\">PEDI 2021- 2025<\/h4>\n\n\n\n<p class=\"has-small-font-size\"><a rel=\"noreferrer noopener\" href=\"https:\/\/departamentos.uleam.edu.ec\/departamento-planeamiento\/files\/2023\/04\/1-SNP-VALIDACION-METODOLOGICA-PEDI-2021-2025-OF-SNP-SGP-SPN-2023-0107-OF.pdf\" target=\"_blank\"> SNP-VALIDACI\u00d3N METODOL\u00d3GICA PEDI 2021-2025-OF-SNP-SGP-SPN-2023-0107-OF<\/a><\/p>\n\n\n\n<p class=\"has-small-font-size\"><a rel=\"noreferrer noopener\" href=\"https:\/\/departamentos.uleam.edu.ec\/departamento-planeamiento\/files\/2023\/04\/2-SNP-Registro-PEDI-2021-2025-OF-SNP-SGP-SPN-2023-0193-OF.pdf\" target=\"_blank\">SNP Registro PEDI 2021-2025 OF-SNP-SGP-SPN-2023-0193-OF<\/a><\/p>\n\n\n\n<p class=\"has-small-font-size\"><a rel=\"noreferrer noopener\" href=\"https:\/\/departamentos.uleam.edu.ec\/departamento-planeamiento\/files\/2023\/04\/3-SNP-INFORME-FAVORABLE-DE-VALIDACION-TECNICA-DEL-PI_ULEAM_03mar2023-signed-signed.pdf\" target=\"_blank\">SNP-INFORME FAVORABLE DE VALIDACI\u00d3N T\u00c9CNICA DEL PI_ULEAM_03mar2023-signed-signed<\/a><\/p>\n\n\n\n<p class=\"has-small-font-size\"><a rel=\"noreferrer noopener\" href=\"https:\/\/departamentos.uleam.edu.ec\/departamento-planeamiento\/files\/2023\/04\/4-ULEAM-PLAN-ESTRATETICO-DE-DESARROLLO-INSTITUCIONAL-2021-2025.pdf\" target=\"_blank\">ULEAM PLAN ESTRAT\u00c9TICO DE DESARROLLO INSTITUCIONAL 2021-2025<\/a><\/p>\n\n\n\n<p class=\"has-small-font-size\"><a rel=\"noreferrer noopener\" href=\"https:\/\/departamentos.uleam.edu.ec\/departamento-planeamiento\/files\/2023\/04\/5-ULEAM-APROBACION-PEDI-2021-2025-RESOLUCION-OCS-S0-002-No.026-2023.pdf\" target=\"_blank\">ULEAM-APROBACI\u00d3N PEDI 2021-2025-RESOLUCION OCS-S0-002-No.026-2023<\/a><\/p>\n\n\n\n<p class=\"has-small-font-size\"><a rel=\"noreferrer noopener\" href=\"https:\/\/departamentos.uleam.edu.ec\/departamento-planeamiento\/files\/2023\/04\/6-SNP-SISTEMATIZACION-PEDI-2021-2025-en-SIPeIP.pdf\" target=\"_blank\">SNP-SISTEMATIZACI\u00d3N PEDI 2021-2025 en SIPeIP<\/a><\/p>\n\n\n\n<h4 class=\"wp-block-heading\">PEDI 2016- 2020<\/h4>\n\n\n<pre><a href=\"https:\/\/departamentos.uleam.edu.ec\/departamento-planeamiento\/files\/2019\/06\/PEDI-2016.-2020.ULEAM_.VERIFICADO2018.1.pdf\">PLAN ESTRAT\u00c9GICO\u00a0DE DESARROLLO INSTITUCIONAL<\/a><span style=\"color: #3366ff;\"><strong><a style=\"color: #3366ff;\" href=\"https:\/\/departamentos.uleam.edu.ec\/departamento-planeamiento\/files\/2019\/06\/PEDI-2016.-2020.ULEAM_.VERIFICADO2018.1.pdf\">\u2013<\/a><\/strong><a style=\"color: #3366ff;\" href=\"https:\/\/departamentos.uleam.edu.ec\/departamento-planeamiento\/files\/2019\/06\/PEDI-2016.-2020.ULEAM_.VERIFICADO2018.1.pdf\">2016.-2020 ULEAM<\/a><\/span><\/pre>\n\n\n<p class=\"black-text has-vivid-cyan-blue-color has-text-color has-link-color has-small-font-size wp-elements-515b750bb1f2ac0829023513fb688eb2\"><a class=\"black-text\" href=\"https:\/\/departamentos.uleam.edu.ec\/departamento-planeamiento\/files\/2019\/06\/Resolucui%C3%B3n-1-CONSEJO.pdf\"><a href=\"https:\/\/departamentos.uleam.edu.ec\/departamento-planeamiento\/files\/2019\/06\/Resolucui%C3%B3n-1-CONSEJO.pdf\"><mark style=\"background-color:rgba(0, 0, 0, 0)\" class=\"has-inline-color has-vivid-cyan-blue-color\">RESOLUCI\u00d3N DE CONSEJO UNIVERSITARIO PARA APROBAR EL PEDI<\/mark><\/a><mark style=\"background-color:rgba(0, 0, 0, 0)\" class=\"has-inline-color has-vivid-cyan-blue-color\"> <\/mark><\/a><\/p>\n\n\n\n<p class=\"has-small-font-size\"><span style=\"color: #3366ff;\"><a style=\"color: #3366ff;\" href=\"https:\/\/departamentos.uleam.edu.ec\/departamento-planeamiento\/files\/2020\/09\/Taller-Integraci\u00f3n-de-funciones-sustantivas.pdf\"><a href=\"https:\/\/departamentos.uleam.edu.ec\/departamento-planeamiento\/files\/2020\/09\/Taller-Integraci\u00f3n-de-funciones-sustantivas.pdf\">TALLER INTEGRACI\u00d3N DE FUNCIONES SUSTANTIVAS<\/a><\/a><\/span><\/p>\n\n\n\n<p class=\"has-small-font-size\"><span style=\"color: #3366ff;\"><a style=\"color: #3366ff;\" href=\"https:\/\/departamentos.uleam.edu.ec\/departamento-planeamiento\/files\/2020\/09\/Socializaci\u00f3n-de-resultados-PEDI-POA-2018-primer-semestre_.pdf\"><\/a><a href=\"https:\/\/departamentos.uleam.edu.ec\/departamento-planeamiento\/files\/2020\/09\/Socializaci\u00f3n-de-resultados-PEDI-POA-2018-primer-semestre_.pdf\">SOCIALIZACI\u00d3N DE RESULTADOS PEDI-POA 2018 PRIMER SEMESTRE<\/a><\/span><\/p>\n\n\n\n<p class=\"has-small-font-size\"><span style=\"color: #3366ff;\"><a style=\"color: #3366ff;\" href=\"https:\/\/departamentos.uleam.edu.ec\/departamento-planeamiento\/files\/2020\/09\/Informe-de-Socializaci\u00f3n-del-PEDI-POA-2018-segundo-semestre-1.pdf\">I<a href=\"https:\/\/departamentos.uleam.edu.ec\/departamento-planeamiento\/files\/2020\/09\/Informe-de-Socializaci\u00f3n-del-PEDI-POA-2018-segundo-semestre-1.pdf\">NFORME DE SOCIALIZACI\u00d3N DEL PEDI-POA 2018-SEGUNDO SEMESTR<\/a>E<\/a><\/span><\/p>\n\n\n\n<h4 class=\"wp-block-heading text-uppercase\"> PEDI 2013- 2015 <\/h4>\n\n\n\n<p class=\"black-text has-vivid-cyan-blue-color has-text-color has-link-color has-small-font-size wp-elements-4c0d5d7b9926c04e83c9ce6cd2ef3376\"><a class=\"black-text\" href=\"https:\/\/departamentos.uleam.edu.ec\/departamento-planeamiento\/files\/2016\/12\/PLAN-ESTRATEGICO-2013-\u2013-2015_opt2.pdf\"><mark style=\"background-color:rgba(0, 0, 0, 0)\" class=\"has-inline-color has-vivid-cyan-blue-color\">PLAN ESTRAT\u00c9GICO DESARROLLO INSTITUCIONAL PERIODO 2013 \u2013 2015<\/mark><\/a><\/p>\n\n\n\n<p class=\"has-vivid-cyan-blue-color has-text-color has-link-color has-small-font-size wp-elements-1afab1b5ec9789d7ea6757cbf03d23df\"><a class=\"black-text\" href=\"https:\/\/departamentos.uleam.edu.ec\/departamento-planeamiento\/files\/2017\/01\/PLANIFICACI\u00d3N-ESTRAT\u00c9GICA-PEDI-2016-2020.-ACTUALIZADO_opt.pdf\"><mark style=\"background-color:rgba(0, 0, 0, 0)\" class=\"has-inline-color has-vivid-cyan-blue-color\">PLAN ESTRAT\u00c9GICO DESARROLLO INSTITUCIONAL PERIODO 2016 \u2013 2020<\/mark><\/a><\/p>\n\n\n\n<p><\/p>\n","protected":false},"excerpt":{"rendered":"<p>PEDI 2026-2030 PEDI 2021- 2025 SNP-VALIDACI\u00d3N METODOL\u00d3GICA PEDI 2021-2025-OF-SNP-SGP-SPN-2023-0107-OF SNP Registro PEDI 2021-2025 OF-SNP-SGP-SPN-2023-0193-OF SNP-INFORME FAVORABLE DE VALIDACI\u00d3N T\u00c9CNICA DEL PI_ULEAM_03mar2023-signed-signed ULEAM PLAN ESTRAT\u00c9TICO DE DESARROLLO INSTITUCIONAL 2021-2025 ULEAM-APROBACI\u00d3N PEDI 2021-2025-RESOLUCION OCS-S0-002-No.026-2023 SNP-SISTEMATIZACI\u00d3N PEDI 2021-2025 en SIPeIP PEDI 2016- 2020 [&hellip;]<\/p>\n","protected":false},"author":116,"featured_media":0,"parent":0,"menu_order":0,"comment_status":"closed","ping_status":"closed","template":"","meta":{"footnotes":"","_links_to":"","_links_to_target":""},"class_list":["post-1739","page","type-page","status-publish","hentry"],"_links":{"self":[{"href":"https:\/\/departamentos.uleam.edu.ec\/departamento-planeamiento\/wp-json\/wp\/v2\/pages\/1739","targetHints":{"allow":["GET"]}}],"collection":[{"href":"https:\/\/departamentos.uleam.edu.ec\/departamento-planeamiento\/wp-json\/wp\/v2\/pages"}],"about":[{"href":"https:\/\/departamentos.uleam.edu.ec\/departamento-planeamiento\/wp-json\/wp\/v2\/types\/page"}],"author":[{"embeddable":true,"href":"https:\/\/departamentos.uleam.edu.ec\/departamento-planeamiento\/wp-json\/wp\/v2\/users\/116"}],"replies":[{"embeddable":true,"href":"https:\/\/departamentos.uleam.edu.ec\/departamento-planeamiento\/wp-json\/wp\/v2\/comments?post=1739"}],"version-history":[{"count":54,"href":"https:\/\/departamentos.uleam.edu.ec\/departamento-planeamiento\/wp-json\/wp\/v2\/pages\/1739\/revisions"}],"predecessor-version":[{"id":2328,"href":"https:\/\/departamentos.uleam.edu.ec\/departamento-planeamiento\/wp-json\/wp\/v2\/pages\/1739\/revisions\/2328"}],"wp:attachment":[{"href":"https:\/\/departamentos.uleam.edu.ec\/departamento-planeamiento\/wp-json\/wp\/v2\/media?parent=1739"}],"curies":[{"name":"wp","href":"https:\/\/api.w.org\/{rel}","templated":true}]}}