{"id":1874,"date":"2022-06-14T11:29:43","date_gmt":"2022-06-14T16:29:43","guid":{"rendered":"https:\/\/departamentos.uleam.edu.ec\/departamento-planeamiento\/?page_id=1874"},"modified":"2024-07-22T09:32:31","modified_gmt":"2024-07-22T14:32:31","slug":"poa-2022","status":"publish","type":"page","link":"https:\/\/departamentos.uleam.edu.ec\/departamento-planeamiento\/poa-2022\/","title":{"rendered":"POA 2022"},"content":{"rendered":"\n<p><a href=\"https:\/\/departamentos.uleam.edu.ec\/departamento-planeamiento\/files\/2022\/05\/RESOLUCION-OCS-SE-001-No.001-2022-POA-APROBADO-2022.pdf\">Resoluci\u00f3n \u00d3rgano Colegiado Superior OCS -SE-001-No.001-2022 POA Aprobado 2022<\/a> <\/p>\n\n\n\n<p><a href=\"https:\/\/departamentos.uleam.edu.ec\/departamento-planeamiento\/files\/2022\/08\/DIRECTRICES-DE-PLANIFICACION-Y-PRESUPUESTO-INSTITUCIONAL-PARA-EL-EJERICIO-FISCAL-2022.pdf\" target=\"_blank\" rel=\"noreferrer noopener\">Directrices de Planificaci\u00f3n y Presupuesto Institucional para el ejercicio fiscal 2022<\/a><\/p>\n\n\n\n<p><a href=\"https:\/\/departamentos.uleam.edu.ec\/departamento-planeamiento\/files\/2022\/10\/POA-APROBADO-POR-OCS-2022.pdf\" target=\"_blank\" rel=\"noreferrer noopener\">Plan Operativo Anual   2022 <\/a><\/p>\n\n\n\n<p><\/p>\n","protected":false},"excerpt":{"rendered":"<p>Resoluci\u00f3n \u00d3rgano Colegiado Superior OCS -SE-001-No.001-2022 POA Aprobado 2022 Directrices de Planificaci\u00f3n y Presupuesto Institucional para el ejercicio fiscal 2022 Plan Operativo Anual 2022<\/p>\n","protected":false},"author":117,"featured_media":0,"parent":0,"menu_order":0,"comment_status":"closed","ping_status":"closed","template":"","meta":{"footnotes":"","_links_to":"","_links_to_target":""},"class_list":["post-1874","page","type-page","status-publish","hentry"],"_links":{"self":[{"href":"https:\/\/departamentos.uleam.edu.ec\/departamento-planeamiento\/wp-json\/wp\/v2\/pages\/1874","targetHints":{"allow":["GET"]}}],"collection":[{"href":"https:\/\/departamentos.uleam.edu.ec\/departamento-planeamiento\/wp-json\/wp\/v2\/pages"}],"about":[{"href":"https:\/\/departamentos.uleam.edu.ec\/departamento-planeamiento\/wp-json\/wp\/v2\/types\/page"}],"author":[{"embeddable":true,"href":"https:\/\/departamentos.uleam.edu.ec\/departamento-planeamiento\/wp-json\/wp\/v2\/users\/117"}],"replies":[{"embeddable":true,"href":"https:\/\/departamentos.uleam.edu.ec\/departamento-planeamiento\/wp-json\/wp\/v2\/comments?post=1874"}],"version-history":[{"count":9,"href":"https:\/\/departamentos.uleam.edu.ec\/departamento-planeamiento\/wp-json\/wp\/v2\/pages\/1874\/revisions"}],"predecessor-version":[{"id":2161,"href":"https:\/\/departamentos.uleam.edu.ec\/departamento-planeamiento\/wp-json\/wp\/v2\/pages\/1874\/revisions\/2161"}],"wp:attachment":[{"href":"https:\/\/departamentos.uleam.edu.ec\/departamento-planeamiento\/wp-json\/wp\/v2\/media?parent=1874"}],"curies":[{"name":"wp","href":"https:\/\/api.w.org\/{rel}","templated":true}]}}