{"id":1878,"date":"2022-06-14T11:34:04","date_gmt":"2022-06-14T16:34:04","guid":{"rendered":"https:\/\/departamentos.uleam.edu.ec\/departamento-planeamiento\/?page_id=1878"},"modified":"2022-07-15T15:17:00","modified_gmt":"2022-07-15T20:17:00","slug":"poa-2021","status":"publish","type":"page","link":"https:\/\/departamentos.uleam.edu.ec\/departamento-planeamiento\/poa-2021\/","title":{"rendered":"POA 2021"},"content":{"rendered":"\n<p> <a href=\"https:\/\/departamentos.uleam.edu.ec\/departamento-planeamiento\/files\/2021\/10\/POA-APROBADO-POR-OCS.pdf\">Plan Operativo Anual 2021<\/a> <\/p>\n\n\n\n<p> <a href=\"https:\/\/departamentos.uleam.edu.ec\/departamento-planeamiento\/files\/2021\/09\/RESOLUCION-OCS-SO-003-No.019-2021-DEL-POA-2021.pdf\">Resoluci\u00f3n del \u00d3rgano Colegiado Superior-OCS-SO-003-No.019-2021 DEL POA 2021<\/a> <\/p>\n\n\n\n<p> <a href=\"https:\/\/departamentos.uleam.edu.ec\/departamento-planeamiento\/files\/2022\/02\/RESOLUCION-DE-APROBACION-DEL-POA-MODIFICADO.pdf\">Resoluci\u00f3n de Aprobaci\u00f3n del POA Modificado<\/a> <\/p>\n\n\n\n<p><a href=\"https:\/\/departamentos.uleam.edu.ec\/departamento-planeamiento\/files\/2022\/07\/RESOLUCION-OCS-SE-018-No.097-2021-Con-las-directrices.pdf\"> Resoluci\u00f3n-OCS-SE-018-No.-097-2021 (Modif<\/a><a href=\"https:\/\/departamentos.uleam.edu.ec\/departamento-planeamiento\/files\/2022\/02\/RESOLUCION-OCS-SE-018-No.-097-2021-MODIFICACION-POA-DEL-30-DE-NOVIEMBRE-2021.pdf\">icaci\u00f3n POA del 30 de noviembre- 2021)<\/a> <\/p>\n\n\n\n<p> <a href=\"https:\/\/departamentos.uleam.edu.ec\/departamento-planeamiento\/files\/2022\/05\/POA-MODIFICADO-AL-30-DE-JULIO-DEL-2021.pdf\">POA Modificado al 30 de julio 2021<\/a> <\/p>\n\n\n\n<p> <a href=\"https:\/\/departamentos.uleam.edu.ec\/departamento-planeamiento\/files\/2022\/05\/POA-MODIFICADO-AL-30-DE-NOVIEMBRE-2021.pdf\">POA Modificado al 30 de noviembre 2021<\/a> <\/p>\n","protected":false},"excerpt":{"rendered":"<p>Plan Operativo Anual 2021 Resoluci\u00f3n del \u00d3rgano Colegiado Superior-OCS-SO-003-No.019-2021 DEL POA 2021 Resoluci\u00f3n de Aprobaci\u00f3n del POA Modificado Resoluci\u00f3n-OCS-SE-018-No.-097-2021 (Modificaci\u00f3n POA del 30 de noviembre- 2021) POA Modificado al 30 de julio 2021 POA Modificado al 30 de noviembre 2021<\/p>\n","protected":false},"author":117,"featured_media":0,"parent":0,"menu_order":0,"comment_status":"closed","ping_status":"closed","template":"","meta":{"footnotes":"","_links_to":"","_links_to_target":""},"class_list":["post-1878","page","type-page","status-publish","hentry"],"_links":{"self":[{"href":"https:\/\/departamentos.uleam.edu.ec\/departamento-planeamiento\/wp-json\/wp\/v2\/pages\/1878","targetHints":{"allow":["GET"]}}],"collection":[{"href":"https:\/\/departamentos.uleam.edu.ec\/departamento-planeamiento\/wp-json\/wp\/v2\/pages"}],"about":[{"href":"https:\/\/departamentos.uleam.edu.ec\/departamento-planeamiento\/wp-json\/wp\/v2\/types\/page"}],"author":[{"embeddable":true,"href":"https:\/\/departamentos.uleam.edu.ec\/departamento-planeamiento\/wp-json\/wp\/v2\/users\/117"}],"replies":[{"embeddable":true,"href":"https:\/\/departamentos.uleam.edu.ec\/departamento-planeamiento\/wp-json\/wp\/v2\/comments?post=1878"}],"version-history":[{"count":5,"href":"https:\/\/departamentos.uleam.edu.ec\/departamento-planeamiento\/wp-json\/wp\/v2\/pages\/1878\/revisions"}],"predecessor-version":[{"id":1910,"href":"https:\/\/departamentos.uleam.edu.ec\/departamento-planeamiento\/wp-json\/wp\/v2\/pages\/1878\/revisions\/1910"}],"wp:attachment":[{"href":"https:\/\/departamentos.uleam.edu.ec\/departamento-planeamiento\/wp-json\/wp\/v2\/media?parent=1878"}],"curies":[{"name":"wp","href":"https:\/\/api.w.org\/{rel}","templated":true}]}}