{"id":192,"date":"2015-04-28T11:28:15","date_gmt":"2015-04-28T16:28:15","guid":{"rendered":"http:\/\/departamentos.uleam.edu.ec\/departamento-planeamiento\/?page_id=192"},"modified":"2016-04-04T18:17:13","modified_gmt":"2016-04-04T23:17:13","slug":"base-legal","status":"publish","type":"page","link":"https:\/\/departamentos.uleam.edu.ec\/departamento-planeamiento\/datos-generales\/normativa\/base-legal\/","title":{"rendered":"Base Legal"},"content":{"rendered":"<p style=\"text-align: center\"><a href=\"https:\/\/departamentos.uleam.edu.ec\/departamento-planeamiento\/files\/2015\/04\/ULEAM.png\"><img decoding=\"async\" class=\"aligncenter  wp-image-607\" src=\"https:\/\/departamentos.uleam.edu.ec\/departamento-planeamiento\/files\/2015\/04\/ULEAM.png\" alt=\"ULEAM\" width=\"92\" height=\"140\" srcset=\"https:\/\/departamentos.uleam.edu.ec\/departamento-planeamiento\/files\/2015\/04\/ULEAM.png 264w, https:\/\/departamentos.uleam.edu.ec\/departamento-planeamiento\/files\/2015\/04\/ULEAM-198x300.png 198w\" sizes=\"(max-width: 92px) 100vw, 92px\" \/><\/a><\/p>\n<p style=\"text-align: center\"><strong>UNIVERSIDAD LAICA \u00abELOY ALFARO\u00bb DE MANABI<\/strong><\/p>\n<p style=\"text-align: center\"><strong>ESTATUTO<\/strong><\/p>\n<p style=\"text-align: center\"><strong>CAPITULO III<\/strong><\/p>\n<p style=\"text-align: center\"><strong>DEPARTAMENTO DE PLANEAMIENTO\u00a0<\/strong><b>ACAD\u00c9MICO<\/b><\/p>\n<p style=\"text-align: justify\"><strong>Art. 73. El Departamento de Planeamiento Acad\u00e9mico.- <\/strong>Es un \u00f3rgano t\u00e9cnico para la planificaci\u00f3n, evaluaci\u00f3n y control de planes, programas y proyectos de desarrollo especialmente acad\u00e9mico de la Universidad. Estar\u00e1 conformado por profesionales t\u00e9cnicos en: programaci\u00f3n, evaluaci\u00f3n y estad\u00edsticas.<\/p>\n<p style=\"text-align: justify\"><strong>Conformaci\u00f3n y estructura.- <\/strong>Tendr\u00e1 un\/a Director\/a que laborar\u00e1 a tiempo completo y no podr\u00e1 desempe\u00f1ar otro cargo en la Universidad, excepto el de su condici\u00f3n de profesor\/a. Ser\u00e1 nombrado\/a por el Consejo Universitario de una terna presentada por el Rector\/a de la Universidad. Durar\u00e1 cinco a\u00f1os en sus funciones y podr\u00e1 ser reelegido\/a.<\/p>\n<p style=\"text-align: justify\">Para desempe\u00f1ar las funciones de Director\/a del Departamento de Planeamiento se deben reunir los mismos requisitos exigidos para ser Decano\/a.<\/p>\n<p>Es un \u00f3rgano asesor t\u00e9cnico para la planeaci\u00f3n, evaluaci\u00f3n y control de planes, programas y proyectos de educaci\u00f3n superior de la Universidad y conformado por las siguientes unidades:<\/p>\n<p><strong>a) <\/strong>De Programaci\u00f3n y Evaluaci\u00f3n;<\/p>\n<p><strong>b) <\/strong>Programaci\u00f3n Presupuestaria y Estad\u00edstica.<\/p>\n<p style=\"text-align: justify\"><strong>Art. 74 Atribuciones y responsabilidades.- <\/strong>Son las siguientes:<\/p>\n<ol>\n<li style=\"text-align: justify\">Presentar al Consejo Acad\u00e9mico al finalizar el a\u00f1o calendario, la Programaci\u00f3n anual de actividades del Departamento, para su aprobaci\u00f3n e implementaci\u00f3n del a\u00f1o siguiente;<\/li>\n<li style=\"text-align: justify\">Elaborar el Proyecto de Plan Estrat\u00e9gico de Desarrollo Institucional, a mediano y largo plazo, que ser\u00e1 estructurado en coordinaci\u00f3n con las autoridades, funcionarios\/as, Unidades Acad\u00e9micas y Departamentos Centrales de Coordinaci\u00f3n, para an\u00e1lisis y aprobaci\u00f3n del Consejo Universitario;<\/li>\n<li style=\"text-align: justify\">Organizar, sistematizar y custodiar la informaci\u00f3n estad\u00edstica de la Universidad y sus principales indicadores;<\/li>\n<li style=\"text-align: justify\">Instrumentar un sistema de seguimiento a los\/las graduados\/as de la Universidad y presentar informes anuales al Consejo Universitario;<\/li>\n<li style=\"text-align: justify\">Elaborar estudios de an\u00e1lisis, proyecci\u00f3n y desarrollo, a solicitud de sus autoridades u \u00f3rganos;<\/li>\n<li style=\"text-align: justify\">Realizar estudios de campo para establecer la necesidad de implementaci\u00f3n de nuevas carreras o supresi\u00f3n de las existentes, como justificativo t\u00e9cnico del informe de Consejo Acad\u00e9mico, as\u00ed como recopilar y sistematizar la informaci\u00f3n estad\u00edstica de la educaci\u00f3n superior a nivel nacional e internacional;<\/li>\n<li style=\"text-align: justify\">Presentar al Rectorado el informe anual evaluatorio del cumplimiento de la Programaci\u00f3n anual de actividades del Departamento, para conocimiento y aprobaci\u00f3n del Consejo Universitario; y,<\/li>\n<li style=\"text-align: justify\">Las dem\u00e1s que se establezcan en el Reglamento Org\u00e1nico por Procesos.<\/li>\n<\/ol>\n<p>&nbsp;<\/p>\n","protected":false},"excerpt":{"rendered":"<p>UNIVERSIDAD LAICA \u00abELOY ALFARO\u00bb DE MANABI ESTATUTO CAPITULO III DEPARTAMENTO DE PLANEAMIENTO\u00a0ACAD\u00c9MICO Art. 73. El Departamento de Planeamiento Acad\u00e9mico.- Es un \u00f3rgano t\u00e9cnico para la planificaci\u00f3n, evaluaci\u00f3n y control de planes, programas y proyectos de desarrollo especialmente acad\u00e9mico de la [&hellip;]<\/p>\n","protected":false},"author":3,"featured_media":0,"parent":189,"menu_order":0,"comment_status":"closed","ping_status":"closed","template":"","meta":{"footnotes":"","_links_to":"","_links_to_target":""},"class_list":["post-192","page","type-page","status-publish","hentry"],"_links":{"self":[{"href":"https:\/\/departamentos.uleam.edu.ec\/departamento-planeamiento\/wp-json\/wp\/v2\/pages\/192","targetHints":{"allow":["GET"]}}],"collection":[{"href":"https:\/\/departamentos.uleam.edu.ec\/departamento-planeamiento\/wp-json\/wp\/v2\/pages"}],"about":[{"href":"https:\/\/departamentos.uleam.edu.ec\/departamento-planeamiento\/wp-json\/wp\/v2\/types\/page"}],"author":[{"embeddable":true,"href":"https:\/\/departamentos.uleam.edu.ec\/departamento-planeamiento\/wp-json\/wp\/v2\/users\/3"}],"replies":[{"embeddable":true,"href":"https:\/\/departamentos.uleam.edu.ec\/departamento-planeamiento\/wp-json\/wp\/v2\/comments?post=192"}],"version-history":[{"count":14,"href":"https:\/\/departamentos.uleam.edu.ec\/departamento-planeamiento\/wp-json\/wp\/v2\/pages\/192\/revisions"}],"predecessor-version":[{"id":608,"href":"https:\/\/departamentos.uleam.edu.ec\/departamento-planeamiento\/wp-json\/wp\/v2\/pages\/192\/revisions\/608"}],"up":[{"embeddable":true,"href":"https:\/\/departamentos.uleam.edu.ec\/departamento-planeamiento\/wp-json\/wp\/v2\/pages\/189"}],"wp:attachment":[{"href":"https:\/\/departamentos.uleam.edu.ec\/departamento-planeamiento\/wp-json\/wp\/v2\/media?parent=192"}],"curies":[{"name":"wp","href":"https:\/\/api.w.org\/{rel}","templated":true}]}}