{"id":1941,"date":"2022-09-23T15:07:59","date_gmt":"2022-09-23T20:07:59","guid":{"rendered":"https:\/\/departamentos.uleam.edu.ec\/departamento-planeamiento\/?page_id=1941"},"modified":"2024-07-22T09:50:00","modified_gmt":"2024-07-22T14:50:00","slug":"manuales-y-procedimientos","status":"publish","type":"page","link":"https:\/\/departamentos.uleam.edu.ec\/departamento-planeamiento\/manuales-y-procedimientos\/","title":{"rendered":"Manuales y Procedimientos"},"content":{"rendered":"\n<p>F<a href=\"https:\/\/departamentos.uleam.edu.ec\/departamento-planeamiento\/files\/2022\/09\/PPP-02-Manual-Formulacion-Aprobacion-POA_FC_V4.pdf\" target=\"_blank\" rel=\"noreferrer noopener\">ormulaci\u00f3n y Aprobaci\u00f3n del POA<\/a><\/p>\n\n\n\n<p><a href=\"https:\/\/departamentos.uleam.edu.ec\/departamento-planeamiento\/files\/2022\/09\/Manual-Ejecucion-Seguimiento-y-Evaluacion-POA-FC-V4.pdf\" target=\"_blank\" rel=\"noreferrer noopener\">Programaci\u00f3n de la Ejecuci\u00f3n, Seguimiento y Evaluaci\u00f3n del POA<\/a><\/p>\n\n\n\n<p><\/p>\n","protected":false},"excerpt":{"rendered":"<p>Formulaci\u00f3n y Aprobaci\u00f3n del POA Programaci\u00f3n de la Ejecuci\u00f3n, Seguimiento y Evaluaci\u00f3n del POA<\/p>\n","protected":false},"author":117,"featured_media":0,"parent":0,"menu_order":0,"comment_status":"closed","ping_status":"closed","template":"","meta":{"footnotes":"","_links_to":"","_links_to_target":""},"class_list":["post-1941","page","type-page","status-publish","hentry"],"_links":{"self":[{"href":"https:\/\/departamentos.uleam.edu.ec\/departamento-planeamiento\/wp-json\/wp\/v2\/pages\/1941","targetHints":{"allow":["GET"]}}],"collection":[{"href":"https:\/\/departamentos.uleam.edu.ec\/departamento-planeamiento\/wp-json\/wp\/v2\/pages"}],"about":[{"href":"https:\/\/departamentos.uleam.edu.ec\/departamento-planeamiento\/wp-json\/wp\/v2\/types\/page"}],"author":[{"embeddable":true,"href":"https:\/\/departamentos.uleam.edu.ec\/departamento-planeamiento\/wp-json\/wp\/v2\/users\/117"}],"replies":[{"embeddable":true,"href":"https:\/\/departamentos.uleam.edu.ec\/departamento-planeamiento\/wp-json\/wp\/v2\/comments?post=1941"}],"version-history":[{"count":3,"href":"https:\/\/departamentos.uleam.edu.ec\/departamento-planeamiento\/wp-json\/wp\/v2\/pages\/1941\/revisions"}],"predecessor-version":[{"id":2166,"href":"https:\/\/departamentos.uleam.edu.ec\/departamento-planeamiento\/wp-json\/wp\/v2\/pages\/1941\/revisions\/2166"}],"wp:attachment":[{"href":"https:\/\/departamentos.uleam.edu.ec\/departamento-planeamiento\/wp-json\/wp\/v2\/media?parent=1941"}],"curies":[{"name":"wp","href":"https:\/\/api.w.org\/{rel}","templated":true}]}}