{"id":1971,"date":"2023-01-16T14:02:31","date_gmt":"2023-01-16T19:02:31","guid":{"rendered":"https:\/\/departamentos.uleam.edu.ec\/departamento-planeamiento\/?page_id=1971"},"modified":"2024-07-22T09:36:19","modified_gmt":"2024-07-22T14:36:19","slug":"poa-2023","status":"publish","type":"page","link":"https:\/\/departamentos.uleam.edu.ec\/departamento-planeamiento\/poa-2023\/","title":{"rendered":"POA 2023"},"content":{"rendered":"\n<p><a href=\"https:\/\/departamentos.uleam.edu.ec\/departamento-planeamiento\/files\/2023\/01\/Resolucion-Organo-Colegiado-Superior-OCS-SE-001-No.001-2023.pdf\" target=\"_blank\" rel=\"noreferrer noopener\">Resoluci\u00f3n \u00d3rgano Colegiado Superior OCS-SE-001-No.001-2023<\/a><\/p>\n\n\n\n<p><a href=\"https:\/\/departamentos.uleam.edu.ec\/departamento-planeamiento\/files\/2023\/01\/Plan-Operativo-Anual-2023.pdf\" target=\"_blank\" rel=\"noreferrer noopener\">Plan Operativo Anual 2023<\/a><\/p>\n\n\n\n<p><a href=\"https:\/\/departamentos.uleam.edu.ec\/departamento-planeamiento\/files\/2024\/07\/DIRECTRICES-DE-PLANIFICACION-Y-PRESUPUESTO-INSTITUCIONAL-2023.pdf\">Directrices de Planificaci\u00f3n y Presupuesto Institucional 2023<\/a><\/p>\n","protected":false},"excerpt":{"rendered":"<p>Resoluci\u00f3n \u00d3rgano Colegiado Superior OCS-SE-001-No.001-2023 Plan Operativo Anual 2023 Directrices de Planificaci\u00f3n y Presupuesto Institucional 2023<\/p>\n","protected":false},"author":117,"featured_media":0,"parent":0,"menu_order":0,"comment_status":"closed","ping_status":"closed","template":"","meta":{"footnotes":"","_links_to":"","_links_to_target":""},"class_list":["post-1971","page","type-page","status-publish","hentry"],"_links":{"self":[{"href":"https:\/\/departamentos.uleam.edu.ec\/departamento-planeamiento\/wp-json\/wp\/v2\/pages\/1971","targetHints":{"allow":["GET"]}}],"collection":[{"href":"https:\/\/departamentos.uleam.edu.ec\/departamento-planeamiento\/wp-json\/wp\/v2\/pages"}],"about":[{"href":"https:\/\/departamentos.uleam.edu.ec\/departamento-planeamiento\/wp-json\/wp\/v2\/types\/page"}],"author":[{"embeddable":true,"href":"https:\/\/departamentos.uleam.edu.ec\/departamento-planeamiento\/wp-json\/wp\/v2\/users\/117"}],"replies":[{"embeddable":true,"href":"https:\/\/departamentos.uleam.edu.ec\/departamento-planeamiento\/wp-json\/wp\/v2\/comments?post=1971"}],"version-history":[{"count":13,"href":"https:\/\/departamentos.uleam.edu.ec\/departamento-planeamiento\/wp-json\/wp\/v2\/pages\/1971\/revisions"}],"predecessor-version":[{"id":2165,"href":"https:\/\/departamentos.uleam.edu.ec\/departamento-planeamiento\/wp-json\/wp\/v2\/pages\/1971\/revisions\/2165"}],"wp:attachment":[{"href":"https:\/\/departamentos.uleam.edu.ec\/departamento-planeamiento\/wp-json\/wp\/v2\/media?parent=1971"}],"curies":[{"name":"wp","href":"https:\/\/api.w.org\/{rel}","templated":true}]}}