{"id":229,"date":"2015-04-28T16:38:35","date_gmt":"2015-04-28T21:38:35","guid":{"rendered":"http:\/\/departamentos.uleam.edu.ec\/departamento-planeamiento\/?page_id=229"},"modified":"2019-06-20T15:13:33","modified_gmt":"2019-06-20T20:13:33","slug":"objetivos","status":"publish","type":"page","link":"https:\/\/departamentos.uleam.edu.ec\/departamento-planeamiento\/datos-generales\/objetivos\/","title":{"rendered":"Objetivos"},"content":{"rendered":"<p style=\"text-align: justify\"><span style=\"color: #000000\"><strong>OBJETIVOS<\/strong><\/span><\/p>\n<p style=\"text-align: justify\"><span style=\"color: #000000\"><strong>General<\/strong><\/span><\/p>\n<p style=\"text-align: justify\"><span style=\"color: #000000\">Apoyar a las autoridades institucionales en la toma de decisiones respecto de los avances y cumplimiento de la planificaci\u00f3n estrat\u00e9gica, operativa y proyectos institucionales.<\/span><\/p>\n<p style=\"text-align: justify\"><span style=\"color: #000000\"><strong>Espec\u00edficos<\/strong><\/span><\/p>\n<ul>\n<li style=\"text-align: justify\"><span style=\"color: #000000\">Monitorear y dar seguimiento a la aplicaci\u00f3n del presupuesto en base al plan operativo anual en conjunto con las direcciones de Talento Humano y Financiero.<\/span><\/li>\n<li style=\"text-align: justify\"><span style=\"color: #000000\">Coordinar con las unidades acad\u00e9micas y administrativas la elaboraci\u00f3n del Plan Anual de Inversiones, Programaci\u00f3n Anual de la Pol\u00edtica P\u00fablica y la Proforma Presupuestaria.<\/span><\/li>\n<li style=\"text-align: justify\"><span style=\"color: #000000\">Asesorar a las instancias acad\u00e9micas y administrativas sobre la planificaci\u00f3n de planes, programas, proyectos y actividades, promoviendo la eficiencia y eficacia en el cumplimiento objetivos estrat\u00e9gicos institucionales.<\/span><\/li>\n<li style=\"text-align: justify\"><span style=\"color: #000000\">Vigilar el cumplimiento, avance e impacto de los proyectos en coordinaci\u00f3n con las unidades acad\u00e9micas y administrativas articulado con las directrices de Senplades.<\/span><\/li>\n<\/ul>\n<p>&nbsp;<\/p>\n","protected":false},"excerpt":{"rendered":"<p>OBJETIVOS General Apoyar a las autoridades institucionales en la toma de decisiones respecto de los avances y cumplimiento de la planificaci\u00f3n estrat\u00e9gica, operativa y proyectos institucionales. Espec\u00edficos Monitorear y dar seguimiento a la aplicaci\u00f3n del presupuesto en base al plan [&hellip;]<\/p>\n","protected":false},"author":56,"featured_media":0,"parent":45,"menu_order":1,"comment_status":"closed","ping_status":"closed","template":"","meta":{"footnotes":"","_links_to":"","_links_to_target":""},"class_list":["post-229","page","type-page","status-publish","hentry"],"_links":{"self":[{"href":"https:\/\/departamentos.uleam.edu.ec\/departamento-planeamiento\/wp-json\/wp\/v2\/pages\/229","targetHints":{"allow":["GET"]}}],"collection":[{"href":"https:\/\/departamentos.uleam.edu.ec\/departamento-planeamiento\/wp-json\/wp\/v2\/pages"}],"about":[{"href":"https:\/\/departamentos.uleam.edu.ec\/departamento-planeamiento\/wp-json\/wp\/v2\/types\/page"}],"author":[{"embeddable":true,"href":"https:\/\/departamentos.uleam.edu.ec\/departamento-planeamiento\/wp-json\/wp\/v2\/users\/56"}],"replies":[{"embeddable":true,"href":"https:\/\/departamentos.uleam.edu.ec\/departamento-planeamiento\/wp-json\/wp\/v2\/comments?post=229"}],"version-history":[{"count":9,"href":"https:\/\/departamentos.uleam.edu.ec\/departamento-planeamiento\/wp-json\/wp\/v2\/pages\/229\/revisions"}],"predecessor-version":[{"id":1684,"href":"https:\/\/departamentos.uleam.edu.ec\/departamento-planeamiento\/wp-json\/wp\/v2\/pages\/229\/revisions\/1684"}],"up":[{"embeddable":true,"href":"https:\/\/departamentos.uleam.edu.ec\/departamento-planeamiento\/wp-json\/wp\/v2\/pages\/45"}],"wp:attachment":[{"href":"https:\/\/departamentos.uleam.edu.ec\/departamento-planeamiento\/wp-json\/wp\/v2\/media?parent=229"}],"curies":[{"name":"wp","href":"https:\/\/api.w.org\/{rel}","templated":true}]}}