{"id":32,"date":"2010-11-12T01:03:06","date_gmt":"2010-11-12T06:03:06","guid":{"rendered":"http:\/\/departamentos.uleam.edu.ec\/departamento-planeamiento\/"},"modified":"2024-06-14T15:16:52","modified_gmt":"2024-06-14T20:16:52","slug":"estructura-organizacional","status":"publish","type":"page","link":"https:\/\/departamentos.uleam.edu.ec\/departamento-planeamiento\/datos-generales\/estructura\/estructura-organizacional\/","title":{"rendered":"Funciones seg\u00fan el Estatuto"},"content":{"rendered":"<p style=\"text-align: center\"><strong><span style=\"color: #000000\">Art. \u00a0114. \u00a0Funciones de la \u00a0Direcci\u00f3n \u00a0de \u00a0Planificaci\u00f3n, \u00a0Proyectos \u00a0y \u00a0Desarrollo<\/span><\/strong><\/p>\n<ol>\n<li>Definir lineamientos, instructivos y directrices de la planificaci\u00f3n institucional, sobre la base de las pol\u00edticas y normativas emitidas por el ente rector de la planificaci\u00f3n nacional;<\/li>\n<li>Formular, incorporar y actualizar la planificaci\u00f3n institucional y el plan anual de inversiones al Sistema Integrado de Planificaci\u00f3n e Inversi\u00f3n P\u00fablica \u2013 SIPeIP, para su evaluaci\u00f3n y seguimiento por parte del rector de la planificaci\u00f3n institucional;<\/li>\n<li>Alinear la planificaci\u00f3n y las finanzas institucionales de acuerdo al Plan Nacional de Desarrollo vigente y directrices emitidas por los rectores de la planificaci\u00f3n, finanzas y educaci\u00f3n superior;<\/li>\n<li>Asistir, asesorar y facilitar la incorporaci\u00f3n del portafolio de inversi\u00f3n de los proyectos presentados por las unidades acad\u00e9micas y administrativas en coordinaci\u00f3n con la unidad org\u00e1nica responsable de la infraestructura y equipamiento de la universidad;<\/li>\n<li style=\"text-align: left\">Colaborar con la unidad org\u00e1nica responsable de la infraestructura y equipamiento de la universidad, el plan anual de inversiones \u2013 PAI, como sustento de la programaci\u00f3n anual de la pol\u00edtica p\u00fablica;<\/li>\n<li>Administrar, parametrizar y mantener la herramienta tecnol\u00f3gica de la planificaci\u00f3n institucional \u201cUleam Planifica\u201d;<\/li>\n<li>Formular, elaborar y coordinar con las unidades acad\u00e9micas y administrativas el Plan Estrat\u00e9gico de Desarrollo Institucional-PEDI, y preparar el proyecto del mismo para la validaci\u00f3n de la m\u00e1xima autoridad ejecutiva y aprobaci\u00f3n del \u00d3rgano Colegiado Superior;<\/li>\n<li>Formular, elaborar y coordinar con las unidades acad\u00e9micas y administrativas el Plan Operativo Anual-POA y elaborar el proyecto del mismo para la validaci\u00f3n de la m\u00e1xima autoridad ejecutiva y aprobaci\u00f3n del \u00d3rgano Colegiado Superior;<\/li>\n<li>Formular, elaborar y coordinar con las unidades acad\u00e9micas y administrativas el informe de Rendici\u00f3n de Cuentas y elaborar el proyecto del mismo para la aprobaci\u00f3n y deliberaci\u00f3n p\u00fablica de la m\u00e1xima autoridad ejecutiva;<\/li>\n<li>Realizar el seguimiento y evaluaci\u00f3n de la planificaci\u00f3n institucional y del plan anual de inversiones a fin de establecer el cumplimiento de las metas, indicadores y productos de las funciones sustantivas y determinar las modificaciones a la planificaci\u00f3n de ser el caso; y, a la vez sirva para el seguimiento y evaluaci\u00f3n del presupuesto;<\/li>\n<li>Elaborar y formular juntamente con la unidad org\u00e1nica responsable de las finanzas de la universidad el Informe Semestral de Seguimiento y Evaluaci\u00f3n de la Ejecuci\u00f3n de la Planificaci\u00f3n y Presupuesto institucional, para toma de decisiones de las autoridades y entrega a los rectores de la planificaci\u00f3n y finanzas p\u00fablicas; y,<\/li>\n<li>Formar parte del Comit\u00e9 de Transparencia y cumplir con las disposiciones normativas respecto al tema.<\/li>\n<\/ol>\n","protected":false},"excerpt":{"rendered":"<p>Art. \u00a0114. \u00a0Funciones de la \u00a0Direcci\u00f3n \u00a0de \u00a0Planificaci\u00f3n, \u00a0Proyectos \u00a0y \u00a0Desarrollo Definir lineamientos, instructivos y directrices de la planificaci\u00f3n institucional, sobre la base de las pol\u00edticas y normativas emitidas por el ente rector de la planificaci\u00f3n nacional; Formular, incorporar y [&hellip;]<\/p>\n","protected":false},"author":56,"featured_media":0,"parent":218,"menu_order":2,"comment_status":"closed","ping_status":"closed","template":"","meta":{"footnotes":"","_links_to":"","_links_to_target":""},"class_list":["post-32","page","type-page","status-publish","hentry"],"_links":{"self":[{"href":"https:\/\/departamentos.uleam.edu.ec\/departamento-planeamiento\/wp-json\/wp\/v2\/pages\/32","targetHints":{"allow":["GET"]}}],"collection":[{"href":"https:\/\/departamentos.uleam.edu.ec\/departamento-planeamiento\/wp-json\/wp\/v2\/pages"}],"about":[{"href":"https:\/\/departamentos.uleam.edu.ec\/departamento-planeamiento\/wp-json\/wp\/v2\/types\/page"}],"author":[{"embeddable":true,"href":"https:\/\/departamentos.uleam.edu.ec\/departamento-planeamiento\/wp-json\/wp\/v2\/users\/56"}],"replies":[{"embeddable":true,"href":"https:\/\/departamentos.uleam.edu.ec\/departamento-planeamiento\/wp-json\/wp\/v2\/comments?post=32"}],"version-history":[{"count":30,"href":"https:\/\/departamentos.uleam.edu.ec\/departamento-planeamiento\/wp-json\/wp\/v2\/pages\/32\/revisions"}],"predecessor-version":[{"id":2114,"href":"https:\/\/departamentos.uleam.edu.ec\/departamento-planeamiento\/wp-json\/wp\/v2\/pages\/32\/revisions\/2114"}],"up":[{"embeddable":true,"href":"https:\/\/departamentos.uleam.edu.ec\/departamento-planeamiento\/wp-json\/wp\/v2\/pages\/218"}],"wp:attachment":[{"href":"https:\/\/departamentos.uleam.edu.ec\/departamento-planeamiento\/wp-json\/wp\/v2\/media?parent=32"}],"curies":[{"name":"wp","href":"https:\/\/api.w.org\/{rel}","templated":true}]}}