{"id":53,"date":"2015-04-28T15:10:05","date_gmt":"2015-04-28T20:10:05","guid":{"rendered":"http:\/\/departamentos.uleam.edu.ec\/departamento-planeamiento\/?page_id=53"},"modified":"2019-06-20T15:11:56","modified_gmt":"2019-06-20T20:11:56","slug":"mision-y-vision","status":"publish","type":"page","link":"https:\/\/departamentos.uleam.edu.ec\/departamento-planeamiento\/datos-generales\/mision-y-vision\/","title":{"rendered":"Misi\u00f3n y Visi\u00f3n"},"content":{"rendered":"<h3 style=\"text-align: center\"><strong>Misi\u00f3n y Visi\u00f3n de la Direcci\u00f3n de Planificaci\u00f3n, proyectos y desarrollo institucional<\/strong><\/h3>\n<p style=\"text-align: justify\"><span style=\"color: #000000\"><strong>VISI\u00d3N<\/strong><\/span><\/p>\n<p style=\"text-align: justify\"><span style=\"color: #000000\">Ser un referente en la planificaci\u00f3n, ejecuci\u00f3n, monitoreo y evaluaci\u00f3n de planes, programas y proyectos, considerando las pol\u00edticas p\u00fablicas, directrices de planificaci\u00f3n y ejecuci\u00f3n presupuestaria, orientadas al desarrollo y cumplimiento de los valores, principios y fines institucionales que contribuyen a la integraci\u00f3n de las funciones sustantivas en beneficio de la comunidad universitaria.<\/span><\/p>\n<p style=\"text-align: justify\"><strong><span style=\"color: #000000\">MISI\u00d3N<\/span><\/strong><\/p>\n<p style=\"text-align: justify\"><span style=\"color: #000000\">Fortalecer la cultura de planificaci\u00f3n institucional, de acuerdo a las pol\u00edticas de planificaci\u00f3n estrat\u00e9gica y operativa establecidas por los \u00f3rganos rectores, mediante el seguimiento y evaluaci\u00f3n de planes, programas, proyectos, estrategias y acciones coordinadas con la direcci\u00f3n financiera, unidades acad\u00e9micas, administrativas y dem\u00e1s organismos de control; para fortalecer la calidad de los procesos y cumplimiento de los objetivos estrat\u00e9gicos institucionales.<\/span><\/p>\n","protected":false},"excerpt":{"rendered":"<p>Misi\u00f3n y Visi\u00f3n de la Direcci\u00f3n de Planificaci\u00f3n, proyectos y desarrollo institucional VISI\u00d3N Ser un referente en la planificaci\u00f3n, ejecuci\u00f3n, monitoreo y evaluaci\u00f3n de planes, programas y proyectos, considerando las pol\u00edticas p\u00fablicas, directrices de planificaci\u00f3n y ejecuci\u00f3n presupuestaria, orientadas al [&hellip;]<\/p>\n","protected":false},"author":56,"featured_media":0,"parent":45,"menu_order":0,"comment_status":"closed","ping_status":"closed","template":"","meta":{"footnotes":"","_links_to":"","_links_to_target":""},"class_list":["post-53","page","type-page","status-publish","hentry"],"_links":{"self":[{"href":"https:\/\/departamentos.uleam.edu.ec\/departamento-planeamiento\/wp-json\/wp\/v2\/pages\/53","targetHints":{"allow":["GET"]}}],"collection":[{"href":"https:\/\/departamentos.uleam.edu.ec\/departamento-planeamiento\/wp-json\/wp\/v2\/pages"}],"about":[{"href":"https:\/\/departamentos.uleam.edu.ec\/departamento-planeamiento\/wp-json\/wp\/v2\/types\/page"}],"author":[{"embeddable":true,"href":"https:\/\/departamentos.uleam.edu.ec\/departamento-planeamiento\/wp-json\/wp\/v2\/users\/56"}],"replies":[{"embeddable":true,"href":"https:\/\/departamentos.uleam.edu.ec\/departamento-planeamiento\/wp-json\/wp\/v2\/comments?post=53"}],"version-history":[{"count":32,"href":"https:\/\/departamentos.uleam.edu.ec\/departamento-planeamiento\/wp-json\/wp\/v2\/pages\/53\/revisions"}],"predecessor-version":[{"id":1682,"href":"https:\/\/departamentos.uleam.edu.ec\/departamento-planeamiento\/wp-json\/wp\/v2\/pages\/53\/revisions\/1682"}],"up":[{"embeddable":true,"href":"https:\/\/departamentos.uleam.edu.ec\/departamento-planeamiento\/wp-json\/wp\/v2\/pages\/45"}],"wp:attachment":[{"href":"https:\/\/departamentos.uleam.edu.ec\/departamento-planeamiento\/wp-json\/wp\/v2\/media?parent=53"}],"curies":[{"name":"wp","href":"https:\/\/api.w.org\/{rel}","templated":true}]}}