{"id":8,"date":"2017-05-10T19:58:52","date_gmt":"2017-05-10T19:58:52","guid":{"rendered":"http:\/\/departamentos.uleam.edu.ec\/departamento-tecnico\/?page_id=8"},"modified":"2019-09-16T19:06:47","modified_gmt":"2019-09-16T19:06:47","slug":"mision-y-vision","status":"publish","type":"page","link":"https:\/\/departamentos.uleam.edu.ec\/departamento-tecnico\/mision-y-vision\/","title":{"rendered":"Misi\u00f3n y Visi\u00f3n"},"content":{"rendered":"<p style=\"text-align: center\"><strong><span style=\"color: #000000\">Misi\u00f3n y Visi\u00f3n de la Direcci\u00f3n de Infraestructura, Obras y Patrimonio\u00a0<\/span><\/strong><\/p>\n<p style=\"text-align: justify\"><span style=\"color: #000000\"><strong>Misi\u00f3n<\/strong><\/span><\/p>\n<p style=\"text-align: justify\"><span style=\"color: #000000\">Planificar la realizaci\u00f3n de estudios completos de proyectos de infraestructura f\u00edsica, que puedan ser construidos, fiscalizados y supervisados con sus recursos humanos, de conformidad con el marco legal vigente, a la par de programar adecuadamente el mantenimiento preventivo y correctivo del patrimonio institucional edificado de tal forma que permitan a la Uleam el cumplimiento de sus objetivos institucionales en todos y cada uno de sus componentes.<\/span><\/p>\n<p style=\"text-align: justify\"><span style=\"color: #000000\"><strong>Visi\u00f3n<\/strong><\/span><\/p>\n<p style=\"text-align: justify\"><span style=\"color: #000000\">Ser el punto de apoyo en el normal desarrollo de las actividades propias de la Universidad sumando todos los elementos f\u00edsicos exigidos por la normativa nacional e internacional e incorporando la actividad docente, de vinculaci\u00f3n e investigaci\u00f3n en las actividades propias de la Direcci\u00f3n fundamentalmente en las acciones usuales de construcci\u00f3n, consultor\u00eda y mantenimiento.<\/span><\/p>\n<p>&nbsp;<\/p>\n<p>&nbsp;<\/p>\n","protected":false},"excerpt":{"rendered":"<p>Misi\u00f3n y Visi\u00f3n de la Direcci\u00f3n de Infraestructura, Obras y Patrimonio\u00a0 Misi\u00f3n Planificar la realizaci\u00f3n de estudios completos de proyectos de infraestructura f\u00edsica, que puedan ser construidos, fiscalizados y supervisados con sus recursos humanos, de conformidad con el marco legal [&hellip;]<\/p>\n","protected":false},"author":56,"featured_media":0,"parent":0,"menu_order":0,"comment_status":"open","ping_status":"closed","template":"","meta":{"footnotes":"","_links_to":"","_links_to_target":""},"class_list":["post-8","page","type-page","status-publish","hentry"],"_links":{"self":[{"href":"https:\/\/departamentos.uleam.edu.ec\/departamento-tecnico\/wp-json\/wp\/v2\/pages\/8","targetHints":{"allow":["GET"]}}],"collection":[{"href":"https:\/\/departamentos.uleam.edu.ec\/departamento-tecnico\/wp-json\/wp\/v2\/pages"}],"about":[{"href":"https:\/\/departamentos.uleam.edu.ec\/departamento-tecnico\/wp-json\/wp\/v2\/types\/page"}],"author":[{"embeddable":true,"href":"https:\/\/departamentos.uleam.edu.ec\/departamento-tecnico\/wp-json\/wp\/v2\/users\/56"}],"replies":[{"embeddable":true,"href":"https:\/\/departamentos.uleam.edu.ec\/departamento-tecnico\/wp-json\/wp\/v2\/comments?post=8"}],"version-history":[{"count":13,"href":"https:\/\/departamentos.uleam.edu.ec\/departamento-tecnico\/wp-json\/wp\/v2\/pages\/8\/revisions"}],"predecessor-version":[{"id":340,"href":"https:\/\/departamentos.uleam.edu.ec\/departamento-tecnico\/wp-json\/wp\/v2\/pages\/8\/revisions\/340"}],"wp:attachment":[{"href":"https:\/\/departamentos.uleam.edu.ec\/departamento-tecnico\/wp-json\/wp\/v2\/media?parent=8"}],"curies":[{"name":"wp","href":"https:\/\/api.w.org\/{rel}","templated":true}]}}