{"id":150,"date":"2019-06-20T00:43:00","date_gmt":"2019-06-20T00:43:00","guid":{"rendered":"http:\/\/departamentos.uleam.edu.ec\/diit\/?page_id=150"},"modified":"2025-08-15T21:36:47","modified_gmt":"2025-08-15T21:36:47","slug":"mensaje-de-bienvenida","status":"publish","type":"page","link":"https:\/\/departamentos.uleam.edu.ec\/diit\/","title":{"rendered":"Mensaje de Bienvenida"},"content":{"rendered":"<div class=\"wp-block-image\">\n<figure class=\"aligncenter size-large is-resized\"><img fetchpriority=\"high\" decoding=\"async\" width=\"1024\" height=\"683\" src=\"https:\/\/departamentos.uleam.edu.ec\/diit\/files\/2025\/08\/foto-director-neptali-diit-2025-1024x683.jpeg\" alt=\"\" class=\"wp-image-267\" style=\"width:585px;height:auto\" srcset=\"https:\/\/departamentos.uleam.edu.ec\/diit\/files\/2025\/08\/foto-director-neptali-diit-2025-1024x683.jpeg 1024w, https:\/\/departamentos.uleam.edu.ec\/diit\/files\/2025\/08\/foto-director-neptali-diit-2025-300x200.jpeg 300w, https:\/\/departamentos.uleam.edu.ec\/diit\/files\/2025\/08\/foto-director-neptali-diit-2025-768x512.jpeg 768w, https:\/\/departamentos.uleam.edu.ec\/diit\/files\/2025\/08\/foto-director-neptali-diit-2025-1536x1024.jpeg 1536w, https:\/\/departamentos.uleam.edu.ec\/diit\/files\/2025\/08\/foto-director-neptali-diit-2025.jpeg 1600w\" sizes=\"(max-width: 1024px) 100vw, 1024px\" \/><\/figure>\n<\/div>\n\n\n<p><\/p>\n\n\n\n<p class=\"has-text-align-center\"><span style=\"color: #000000;\"><strong>Ing. Neptal\u00ed Bermudez, Mg.<\/strong><\/span><\/p>\n\n\n\n<p class=\"has-text-align-center\"><span style=\"color: #000000;\"><strong>DIRECTOR<\/strong><\/span><\/p>\n\n\n\n<p><span style=\"color: #000000;\">Nos complace darles la mas cordial bienvenida a la p\u00e1gina de la&nbsp;Direcci\u00f3n de Inform\u00e1tica e Innovaci\u00f3n Tecnol\u00f3gica de la Universidad Laica Eloy Alfaro de Manab\u00ed, este portal le informa sobre las actividades y los servicios que brinda esta Direcci\u00f3n a la comunidad universitaria.<\/span><\/p>\n\n\n\n<p><span style=\"color: #000000;\">Les invito a navegar en las distintas secciones de la web sobre productos&nbsp; de informaci\u00f3n centralizados, interoperables, estandarizados, escalables, de calidad y oportunos que ayuden a un mejor desenvolvimiento en las tareas administrativas y acad\u00e9micas de nuestra Instituci\u00f3n.<\/span><\/p>\n\n\n\n<p><span style=\"color: #000000;\">Esta Direcci\u00f3n es un centro de servicios para sus usuarios y estamos dedicados a brindarles una buena atenci\u00f3n. Esperamos que este portal web le sea de gran utilidad y proporcione lo que est\u00e1 buscando.<\/span><\/p>\n","protected":false},"excerpt":{"rendered":"<p>Ing. Neptal\u00ed Bermudez, Mg. DIRECTOR Nos complace darles la mas cordial bienvenida a la p\u00e1gina de la&nbsp;Direcci\u00f3n de Inform\u00e1tica e Innovaci\u00f3n Tecnol\u00f3gica de la Universidad Laica Eloy Alfaro de Manab\u00ed, este portal le informa sobre las actividades y los servicios [&hellip;]<\/p>\n","protected":false},"author":47,"featured_media":0,"parent":0,"menu_order":0,"comment_status":"closed","ping_status":"closed","template":"","meta":{"footnotes":"","_links_to":"","_links_to_target":""},"class_list":["post-150","page","type-page","status-publish","hentry"],"_links":{"self":[{"href":"https:\/\/departamentos.uleam.edu.ec\/diit\/wp-json\/wp\/v2\/pages\/150","targetHints":{"allow":["GET"]}}],"collection":[{"href":"https:\/\/departamentos.uleam.edu.ec\/diit\/wp-json\/wp\/v2\/pages"}],"about":[{"href":"https:\/\/departamentos.uleam.edu.ec\/diit\/wp-json\/wp\/v2\/types\/page"}],"author":[{"embeddable":true,"href":"https:\/\/departamentos.uleam.edu.ec\/diit\/wp-json\/wp\/v2\/users\/47"}],"replies":[{"embeddable":true,"href":"https:\/\/departamentos.uleam.edu.ec\/diit\/wp-json\/wp\/v2\/comments?post=150"}],"version-history":[{"count":16,"href":"https:\/\/departamentos.uleam.edu.ec\/diit\/wp-json\/wp\/v2\/pages\/150\/revisions"}],"predecessor-version":[{"id":270,"href":"https:\/\/departamentos.uleam.edu.ec\/diit\/wp-json\/wp\/v2\/pages\/150\/revisions\/270"}],"wp:attachment":[{"href":"https:\/\/departamentos.uleam.edu.ec\/diit\/wp-json\/wp\/v2\/media?parent=150"}],"curies":[{"name":"wp","href":"https:\/\/api.w.org\/{rel}","templated":true}]}}