{"id":156,"date":"2019-06-20T00:48:40","date_gmt":"2019-06-20T00:48:40","guid":{"rendered":"http:\/\/departamentos.uleam.edu.ec\/diit\/?page_id=156"},"modified":"2019-08-21T15:34:03","modified_gmt":"2019-08-21T15:34:03","slug":"horarios-de-atencion","status":"publish","type":"page","link":"https:\/\/departamentos.uleam.edu.ec\/diit\/horarios-de-atencion\/","title":{"rendered":"Horarios de Atenci\u00f3n"},"content":{"rendered":"<p><span style=\"color: #000000\">La Direcci\u00f3n de Inform\u00e1tica e Innovaci\u00f3n Tecnol\u00f3gica brinda sus servicios y atiende a la Comunidad Universitaria en los siguientes horarios:<\/span><\/p>\n<ul>\n<li><span style=\"color: #000000\"><strong>\u00c1rea de Infraestructura tecnol\u00f3gica y redes<\/strong>,<\/span>\n<ul>\n<li><span style=\"color: #000000\">Lunes a Viernes de 8:00 am &#8211; 21:30pm<\/span><\/li>\n<\/ul>\n<\/li>\n<li><span style=\"color: #000000\"><strong>\u00c1rea de desarrollo<\/strong><\/span>\n<ul>\n<li><span style=\"color: #000000\">Lunes a Viernes de 8:00 am\u00a0 &#8211; 16:30pm<\/span><\/li>\n<\/ul>\n<\/li>\n<li><span style=\"color: #000000\"><strong>\u00c1rea<span style=\"font-size: 1.8rem\">\u00a0de mantenimiento t\u00e9cnico y soporte a usuarios, <\/span><\/strong><\/span>\n<ul>\n<li><span style=\"font-size: 1.8rem;color: #000000\">Lunes a Viernes de 8:00am &#8211; 21:30pm<\/span><\/li>\n<\/ul>\n<\/li>\n<li><span style=\"color: #000000\"><strong>\u00c1rea de operaciones,<\/strong><\/span>\n<ul>\n<li><span style=\"color: #000000\">Lunes a Viernes de 8:00am &#8211; 16:30pm<\/span><\/li>\n<\/ul>\n<\/li>\n<li><span style=\"color: #000000\"><strong>\u00c1rea de infraestructura energ\u00e9tica,<\/strong><\/span>\n<ul>\n<li><span style=\"color: #000000\">Lunes a Viernes de 8:00am &#8211; 16:30pm<\/span><\/li>\n<\/ul>\n<\/li>\n<\/ul>\n","protected":false},"excerpt":{"rendered":"<p>La Direcci\u00f3n de Inform\u00e1tica e Innovaci\u00f3n Tecnol\u00f3gica brinda sus servicios y atiende a la Comunidad Universitaria en los siguientes horarios: \u00c1rea de Infraestructura tecnol\u00f3gica y redes, Lunes a Viernes de 8:00 am &#8211; 21:30pm \u00c1rea de desarrollo Lunes a Viernes [&hellip;]<\/p>\n","protected":false},"author":47,"featured_media":0,"parent":0,"menu_order":0,"comment_status":"closed","ping_status":"closed","template":"","meta":{"footnotes":"","_links_to":"","_links_to_target":""},"class_list":["post-156","page","type-page","status-publish","hentry"],"_links":{"self":[{"href":"https:\/\/departamentos.uleam.edu.ec\/diit\/wp-json\/wp\/v2\/pages\/156","targetHints":{"allow":["GET"]}}],"collection":[{"href":"https:\/\/departamentos.uleam.edu.ec\/diit\/wp-json\/wp\/v2\/pages"}],"about":[{"href":"https:\/\/departamentos.uleam.edu.ec\/diit\/wp-json\/wp\/v2\/types\/page"}],"author":[{"embeddable":true,"href":"https:\/\/departamentos.uleam.edu.ec\/diit\/wp-json\/wp\/v2\/users\/47"}],"replies":[{"embeddable":true,"href":"https:\/\/departamentos.uleam.edu.ec\/diit\/wp-json\/wp\/v2\/comments?post=156"}],"version-history":[{"count":7,"href":"https:\/\/departamentos.uleam.edu.ec\/diit\/wp-json\/wp\/v2\/pages\/156\/revisions"}],"predecessor-version":[{"id":225,"href":"https:\/\/departamentos.uleam.edu.ec\/diit\/wp-json\/wp\/v2\/pages\/156\/revisions\/225"}],"wp:attachment":[{"href":"https:\/\/departamentos.uleam.edu.ec\/diit\/wp-json\/wp\/v2\/media?parent=156"}],"curies":[{"name":"wp","href":"https:\/\/api.w.org\/{rel}","templated":true}]}}