{"id":37,"date":"2017-06-28T02:20:31","date_gmt":"2017-06-28T02:20:31","guid":{"rendered":"http:\/\/departamentos.uleam.edu.ec\/ucci\/?page_id=37"},"modified":"2019-08-06T19:50:21","modified_gmt":"2019-08-06T19:50:21","slug":"mision-y-vision","status":"publish","type":"page","link":"https:\/\/departamentos.uleam.edu.ec\/diit\/mision-y-vision\/","title":{"rendered":"Misi\u00f3n y Visi\u00f3n"},"content":{"rendered":"<h2>Misi\u00f3n<\/h2>\n<p style=\"text-align: justify\"><span style=\"color: #000000\">Proveer productos y servicios de tecnolog\u00edas centralizados, interoperables, estandarizados, escalables, de calidad, oportunos, y transparentes que soporten los procesos de la organizaci\u00f3n.<\/span><\/p>\n<h2><span style=\"color: #000000\">Visi\u00f3n<\/span><\/h2>\n<p style=\"text-align: justify\"><span style=\"color: #000000\">Ser reconocidos como la Direcci\u00f3n que contribuye de manera estrat\u00e9gica a la provisi\u00f3n de productos y servicios tecnol\u00f3gicos con calidad, seguridad, eficiencia e innovaci\u00f3n para la comunidad universitaria.<\/span><\/p>\n","protected":false},"excerpt":{"rendered":"<p>Misi\u00f3n Proveer productos y servicios de tecnolog\u00edas centralizados, interoperables, estandarizados, escalables, de calidad, oportunos, y transparentes que soporten los procesos de la organizaci\u00f3n. Visi\u00f3n Ser reconocidos como la Direcci\u00f3n que contribuye de manera estrat\u00e9gica a la provisi\u00f3n de productos y [&hellip;]<\/p>\n","protected":false},"author":115,"featured_media":0,"parent":0,"menu_order":0,"comment_status":"closed","ping_status":"closed","template":"","meta":{"footnotes":"","_links_to":"","_links_to_target":""},"class_list":["post-37","page","type-page","status-publish","hentry"],"_links":{"self":[{"href":"https:\/\/departamentos.uleam.edu.ec\/diit\/wp-json\/wp\/v2\/pages\/37","targetHints":{"allow":["GET"]}}],"collection":[{"href":"https:\/\/departamentos.uleam.edu.ec\/diit\/wp-json\/wp\/v2\/pages"}],"about":[{"href":"https:\/\/departamentos.uleam.edu.ec\/diit\/wp-json\/wp\/v2\/types\/page"}],"author":[{"embeddable":true,"href":"https:\/\/departamentos.uleam.edu.ec\/diit\/wp-json\/wp\/v2\/users\/115"}],"replies":[{"embeddable":true,"href":"https:\/\/departamentos.uleam.edu.ec\/diit\/wp-json\/wp\/v2\/comments?post=37"}],"version-history":[{"count":4,"href":"https:\/\/departamentos.uleam.edu.ec\/diit\/wp-json\/wp\/v2\/pages\/37\/revisions"}],"predecessor-version":[{"id":217,"href":"https:\/\/departamentos.uleam.edu.ec\/diit\/wp-json\/wp\/v2\/pages\/37\/revisions\/217"}],"wp:attachment":[{"href":"https:\/\/departamentos.uleam.edu.ec\/diit\/wp-json\/wp\/v2\/media?parent=37"}],"curies":[{"name":"wp","href":"https:\/\/api.w.org\/{rel}","templated":true}]}}