{"id":38,"date":"2017-06-28T02:20:41","date_gmt":"2017-06-28T02:20:41","guid":{"rendered":"http:\/\/departamentos.uleam.edu.ec\/ucci\/?page_id=38"},"modified":"2019-08-21T15:18:38","modified_gmt":"2019-08-21T15:18:38","slug":"objetivos-estrategicos","status":"publish","type":"page","link":"https:\/\/departamentos.uleam.edu.ec\/diit\/objetivos-estrategicos\/","title":{"rendered":"Objetivos estrat\u00e9gicos"},"content":{"rendered":"<p style=\"text-align: justify\"><span style=\"color: #000000\">Estos objetivos se han establecido en concordancia con el plan estrat\u00e9gico institucional en sus diferentes perspectivas.<\/span><\/p>\n<ul>\n<li style=\"text-align: justify\"><span style=\"color: #000000\">Garantizar la seguridad, disponibilidad e integridad de la informaci\u00f3n institucional mediante soluciones tecnol\u00f3gicas que permitan el control de acceso, y protecci\u00f3n de esta a lo largo de su ciclo de vida.<\/span><\/li>\n<li style=\"text-align: justify\"><span style=\"color: #000000\">Proveer servicios de tecnolog\u00edas de la informaci\u00f3n y comunicaci\u00f3n con calidad, eficiencia y eficacia para soportar los procesos institucionales.<\/span><\/li>\n<li style=\"text-align: justify\"><span style=\"color: #000000\">Desarrollar o implementar ambientes y\/o soluciones tecnol\u00f3gicas que permitan controlar y mejorar los niveles de servicio de TI que soportan los procesos de la instituci\u00f3n.<\/span><\/li>\n<li style=\"text-align: justify\"><span style=\"color: #000000\">Administrar productos y servicios relacionados con las tecnolog\u00edas de informaci\u00f3n y comunicaci\u00f3n, con el fin de contribuir a la gesti\u00f3n y al mejoramiento continuo de los procesos de la instituci\u00f3n.<\/span><\/li>\n<li style=\"text-align: justify\"><span style=\"color: #000000\">Mantener a la instituci\u00f3n a la vanguardia de los avances tecnol\u00f3gicos, para el apoyo de los planes y objetivos estrat\u00e9gicos.<\/span><\/li>\n<li style=\"text-align: justify\"><span style=\"color: #000000\">Aplicar disponibilidad, confidencialidad, e integridad a los datos, con el fin de crear confiabilidad en la informaci\u00f3n generada para la comunidad universitaria.<\/span><\/li>\n<\/ul>\n","protected":false},"excerpt":{"rendered":"<p>Estos objetivos se han establecido en concordancia con el plan estrat\u00e9gico institucional en sus diferentes perspectivas. Garantizar la seguridad, disponibilidad e integridad de la informaci\u00f3n institucional mediante soluciones tecnol\u00f3gicas que permitan el control de acceso, y protecci\u00f3n de esta a [&hellip;]<\/p>\n","protected":false},"author":115,"featured_media":0,"parent":0,"menu_order":0,"comment_status":"closed","ping_status":"closed","template":"","meta":{"footnotes":"","_links_to":"","_links_to_target":""},"class_list":["post-38","page","type-page","status-publish","hentry"],"_links":{"self":[{"href":"https:\/\/departamentos.uleam.edu.ec\/diit\/wp-json\/wp\/v2\/pages\/38","targetHints":{"allow":["GET"]}}],"collection":[{"href":"https:\/\/departamentos.uleam.edu.ec\/diit\/wp-json\/wp\/v2\/pages"}],"about":[{"href":"https:\/\/departamentos.uleam.edu.ec\/diit\/wp-json\/wp\/v2\/types\/page"}],"author":[{"embeddable":true,"href":"https:\/\/departamentos.uleam.edu.ec\/diit\/wp-json\/wp\/v2\/users\/115"}],"replies":[{"embeddable":true,"href":"https:\/\/departamentos.uleam.edu.ec\/diit\/wp-json\/wp\/v2\/comments?post=38"}],"version-history":[{"count":3,"href":"https:\/\/departamentos.uleam.edu.ec\/diit\/wp-json\/wp\/v2\/pages\/38\/revisions"}],"predecessor-version":[{"id":220,"href":"https:\/\/departamentos.uleam.edu.ec\/diit\/wp-json\/wp\/v2\/pages\/38\/revisions\/220"}],"wp:attachment":[{"href":"https:\/\/departamentos.uleam.edu.ec\/diit\/wp-json\/wp\/v2\/media?parent=38"}],"curies":[{"name":"wp","href":"https:\/\/api.w.org\/{rel}","templated":true}]}}