{"id":66,"date":"2017-06-28T21:59:42","date_gmt":"2017-06-28T21:59:42","guid":{"rendered":"http:\/\/departamentos.uleam.edu.ec\/ucci\/?page_id=66"},"modified":"2019-08-21T19:01:10","modified_gmt":"2019-08-21T19:01:10","slug":"en-procesos","status":"publish","type":"page","link":"https:\/\/departamentos.uleam.edu.ec\/diit\/en-procesos\/","title":{"rendered":"En Procesos"},"content":{"rendered":"<p><span style=\"color: #000000\"><strong><u>P<\/u><\/strong><strong><u>r<\/u><\/strong><strong><u>o<\/u><\/strong><strong><u>yecto en ejecuci\u00f3n (m\u00e1s relevantes).<\/u><\/strong><\/span><\/p>\n<ul>\n<li><span style=\"color: #000000\">Sistema de Vinculaci\u00f3n.<\/span><\/li>\n<li><span style=\"color: #000000\">Sistema de Planificaci\u00f3n<\/span><\/li>\n<li><span style=\"color: #000000\">Sistema de Investigaci\u00f3n<\/span><\/li>\n<li><span style=\"color: #000000\">Sistema de Gesti\u00f3n Acad\u00e9mica 2.0 (Seguimiento al s\u00edlabo y redise\u00f1os).<\/span><\/li>\n<li><span style=\"color: #000000\">Instalaci\u00f3n de nuevos equipos de comunicaci\u00f3n para unidades acad\u00e9micas y administrativas.<\/span><\/li>\n<\/ul>\n","protected":false},"excerpt":{"rendered":"<p>Proyecto en ejecuci\u00f3n (m\u00e1s relevantes). Sistema de Vinculaci\u00f3n. Sistema de Planificaci\u00f3n Sistema de Investigaci\u00f3n Sistema de Gesti\u00f3n Acad\u00e9mica 2.0 (Seguimiento al s\u00edlabo y redise\u00f1os). Instalaci\u00f3n de nuevos equipos de comunicaci\u00f3n para unidades acad\u00e9micas y administrativas.<\/p>\n","protected":false},"author":115,"featured_media":0,"parent":0,"menu_order":0,"comment_status":"closed","ping_status":"closed","template":"","meta":{"footnotes":"","_links_to":"","_links_to_target":""},"class_list":["post-66","page","type-page","status-publish","hentry"],"_links":{"self":[{"href":"https:\/\/departamentos.uleam.edu.ec\/diit\/wp-json\/wp\/v2\/pages\/66","targetHints":{"allow":["GET"]}}],"collection":[{"href":"https:\/\/departamentos.uleam.edu.ec\/diit\/wp-json\/wp\/v2\/pages"}],"about":[{"href":"https:\/\/departamentos.uleam.edu.ec\/diit\/wp-json\/wp\/v2\/types\/page"}],"author":[{"embeddable":true,"href":"https:\/\/departamentos.uleam.edu.ec\/diit\/wp-json\/wp\/v2\/users\/115"}],"replies":[{"embeddable":true,"href":"https:\/\/departamentos.uleam.edu.ec\/diit\/wp-json\/wp\/v2\/comments?post=66"}],"version-history":[{"count":1,"href":"https:\/\/departamentos.uleam.edu.ec\/diit\/wp-json\/wp\/v2\/pages\/66\/revisions"}],"predecessor-version":[{"id":235,"href":"https:\/\/departamentos.uleam.edu.ec\/diit\/wp-json\/wp\/v2\/pages\/66\/revisions\/235"}],"wp:attachment":[{"href":"https:\/\/departamentos.uleam.edu.ec\/diit\/wp-json\/wp\/v2\/media?parent=66"}],"curies":[{"name":"wp","href":"https:\/\/api.w.org\/{rel}","templated":true}]}}