{"id":67,"date":"2017-06-28T21:59:12","date_gmt":"2017-06-28T21:59:12","guid":{"rendered":"http:\/\/departamentos.uleam.edu.ec\/ucci\/?page_id=67"},"modified":"2019-08-21T19:00:12","modified_gmt":"2019-08-21T19:00:12","slug":"ejecutados","status":"publish","type":"page","link":"https:\/\/departamentos.uleam.edu.ec\/diit\/ejecutados\/","title":{"rendered":"Ejecutados"},"content":{"rendered":"<p style=\"text-align: justify\"><span style=\"color: #000000\"><strong><u>P<\/u><\/strong><strong><u>r<\/u><\/strong><strong><u>o<\/u><\/strong><strong><u>yectos dirigidos (ejecutados)<\/u><\/strong><\/span><\/p>\n<ul>\n<li style=\"text-align: justify\"><span style=\"color: #000000\">Cumplimiento de criterios de acreditaci\u00f3n: Conectividad; Sistema Gesti\u00f3n Acad\u00e9mica y Sistemas de Informaci\u00f3n.<\/span><\/li>\n<li style=\"text-align: justify\"><span style=\"color: #000000\">Incorporaci\u00f3n a la Red CEDIA y despliegue de los Servicios de Red Avanzada 2.<\/span><\/li>\n<li style=\"text-align: justify\"><span style=\"color: #000000\">Redise\u00f1o f\u00edsico y l\u00f3gico de la red WIFI y de infraestructura, as\u00ed como gesti\u00f3n en el criterio aulas de calidad (infraestructura de redes).<\/span><\/li>\n<li style=\"text-align: justify\"><span style=\"color: #000000\">Instalaci\u00f3n del centro de datos universitario.<\/span><\/li>\n<li style=\"text-align: justify\"><span style=\"color: #000000\">Creaci\u00f3n de la Direcci\u00f3n de Tecnolog\u00edas de Informaci\u00f3n y Comunicaci\u00f3n, propuesta de reformas conexas para su implementaci\u00f3n.<\/span><\/li>\n<li style=\"text-align: justify\"><span style=\"color: #000000\">Implementaci\u00f3n de un sistema de Gesti\u00f3n de Incidentes de TI.<\/span><\/li>\n<li style=\"text-align: justify\"><span style=\"color: #000000\">Gesti\u00f3n de la continuidad de los servicios de TI luego del terremoto de abril de 2016.<\/span><\/li>\n<li style=\"text-align: justify\"><span style=\"color: #000000\">Elaboraci\u00f3n de Plan Estrat\u00e9gico de TI en los a\u00f1os 2016 y 2017.<\/span><\/li>\n<li style=\"text-align: justify\"><span style=\"color: #000000\">Implementaci\u00f3n de la pol\u00edtica de Seguridad de la Uleam; Pol\u00edtica de uso de correo electr\u00f3nico, pol\u00edtica de uso del internet y pol\u00edtica de contrase\u00f1as.<\/span><\/li>\n<\/ul>\n","protected":false},"excerpt":{"rendered":"<p>Proyectos dirigidos (ejecutados) Cumplimiento de criterios de acreditaci\u00f3n: Conectividad; Sistema Gesti\u00f3n Acad\u00e9mica y Sistemas de Informaci\u00f3n. Incorporaci\u00f3n a la Red CEDIA y despliegue de los Servicios de Red Avanzada 2. Redise\u00f1o f\u00edsico y l\u00f3gico de la red WIFI y de [&hellip;]<\/p>\n","protected":false},"author":115,"featured_media":0,"parent":0,"menu_order":0,"comment_status":"closed","ping_status":"closed","template":"","meta":{"footnotes":"","_links_to":"","_links_to_target":""},"class_list":["post-67","page","type-page","status-publish","hentry"],"_links":{"self":[{"href":"https:\/\/departamentos.uleam.edu.ec\/diit\/wp-json\/wp\/v2\/pages\/67","targetHints":{"allow":["GET"]}}],"collection":[{"href":"https:\/\/departamentos.uleam.edu.ec\/diit\/wp-json\/wp\/v2\/pages"}],"about":[{"href":"https:\/\/departamentos.uleam.edu.ec\/diit\/wp-json\/wp\/v2\/types\/page"}],"author":[{"embeddable":true,"href":"https:\/\/departamentos.uleam.edu.ec\/diit\/wp-json\/wp\/v2\/users\/115"}],"replies":[{"embeddable":true,"href":"https:\/\/departamentos.uleam.edu.ec\/diit\/wp-json\/wp\/v2\/comments?post=67"}],"version-history":[{"count":2,"href":"https:\/\/departamentos.uleam.edu.ec\/diit\/wp-json\/wp\/v2\/pages\/67\/revisions"}],"predecessor-version":[{"id":234,"href":"https:\/\/departamentos.uleam.edu.ec\/diit\/wp-json\/wp\/v2\/pages\/67\/revisions\/234"}],"wp:attachment":[{"href":"https:\/\/departamentos.uleam.edu.ec\/diit\/wp-json\/wp\/v2\/media?parent=67"}],"curies":[{"name":"wp","href":"https:\/\/api.w.org\/{rel}","templated":true}]}}