{"id":75,"date":"2017-06-29T01:14:30","date_gmt":"2017-06-29T01:14:30","guid":{"rendered":"http:\/\/departamentos.uleam.edu.ec\/ucci\/?page_id=75"},"modified":"2019-08-21T17:38:38","modified_gmt":"2019-08-21T17:38:38","slug":"infraestructura-y-redes","status":"publish","type":"page","link":"https:\/\/departamentos.uleam.edu.ec\/diit\/infraestructura-y-redes\/","title":{"rendered":"Infraestructura y Redes"},"content":{"rendered":"<p style=\"text-align: justify\"><span style=\"color: #000000\">Son responsables de los componentes claves de la infraestructura: routers, switches, firewalls, segmentaci\u00f3n de redes, gesti\u00f3n de desempe\u00f1o de la red, acceso remoto, etc. Esta \u00e1rea es responsable del control t\u00e9cnico y administrativo de la LAN, WAN y redes inal\u00e1mbricas, esto incluye asegurar que los enlaces de transmisi\u00f3n de datos est\u00e9n funcionando correctamente, que las copias de respaldo de los sistemas se est\u00e9n realizando y que las implementaciones en cuanto a HW y SW de red se lleven a cabo debidamente.<\/span><\/p>\n<ul>\n<li style=\"text-align: justify\"><span style=\"color: #000000\">Supervisar y \u00a0monitorear \u00a0los \u00a0niveles \u00a0de \u00a0acuerdos \u00a0de \u00a0servicios \u00a0de \u00a0prestadores \u00a0externos \u00a0de infraestructura y telecomunicaciones.<\/span><\/li>\n<li style=\"text-align: justify\"><span style=\"color: #000000\">Asegurar el adecuado desempe\u00f1o de los servicios de transmisi\u00f3n de datos; VoIP y tr\u00e1fico en general de la red.<\/span><\/li>\n<li style=\"text-align: justify\"><span style=\"color: #000000\">Asesorar las dependencias \u00a0acad\u00e9micas \u00a0y\/o \u00a0administrativas \u00a0en \u00a0la adquisici\u00f3n \u00a0y \u00a0manejo de los sistemas de c\u00f3mputo y comunicaci\u00f3n, emitiendo informes t\u00e9cnicos;<\/span><\/li>\n<li style=\"text-align: justify\"><span style=\"color: #000000\">Probar nuevas \u00a0tecnolog\u00edas \u00a0y \u00a0proponer \u00a0su \u00a0implementaci\u00f3n \u00a0de \u00a0acuerdo \u00a0a \u00a0las \u00a0necesidades, garantizando la funcionalidad, soporte y facilidad de administraci\u00f3n;<\/span><\/li>\n<li style=\"text-align: justify\"><span style=\"color: #000000\">Dotar \u00a0de\u00a0 \u00a0la\u00a0 \u00a0infraestructura\u00a0 \u00a0necesaria\u00a0 \u00a0para\u00a0 \u00a0cubrir\u00a0 \u00a0las\u00a0 \u00a0necesidades\u00a0 \u00a0de\u00a0 \u00a0interoperabilidad, interconexi\u00f3n o transmisi\u00f3n de datos con entes externos.<\/span><\/li>\n<li style=\"text-align: justify\"><span style=\"color: #000000\">Mantener y dar soporte permanente al servicio telef\u00f3nico IP.<\/span><\/li>\n<\/ul>\n","protected":false},"excerpt":{"rendered":"<p>Son responsables de los componentes claves de la infraestructura: routers, switches, firewalls, segmentaci\u00f3n de redes, gesti\u00f3n de desempe\u00f1o de la red, acceso remoto, etc. Esta \u00e1rea es responsable del control t\u00e9cnico y administrativo de la LAN, WAN y redes inal\u00e1mbricas, [&hellip;]<\/p>\n","protected":false},"author":115,"featured_media":0,"parent":0,"menu_order":0,"comment_status":"closed","ping_status":"closed","template":"","meta":{"footnotes":"","_links_to":"","_links_to_target":""},"class_list":["post-75","page","type-page","status-publish","hentry"],"_links":{"self":[{"href":"https:\/\/departamentos.uleam.edu.ec\/diit\/wp-json\/wp\/v2\/pages\/75","targetHints":{"allow":["GET"]}}],"collection":[{"href":"https:\/\/departamentos.uleam.edu.ec\/diit\/wp-json\/wp\/v2\/pages"}],"about":[{"href":"https:\/\/departamentos.uleam.edu.ec\/diit\/wp-json\/wp\/v2\/types\/page"}],"author":[{"embeddable":true,"href":"https:\/\/departamentos.uleam.edu.ec\/diit\/wp-json\/wp\/v2\/users\/115"}],"replies":[{"embeddable":true,"href":"https:\/\/departamentos.uleam.edu.ec\/diit\/wp-json\/wp\/v2\/comments?post=75"}],"version-history":[{"count":2,"href":"https:\/\/departamentos.uleam.edu.ec\/diit\/wp-json\/wp\/v2\/pages\/75\/revisions"}],"predecessor-version":[{"id":227,"href":"https:\/\/departamentos.uleam.edu.ec\/diit\/wp-json\/wp\/v2\/pages\/75\/revisions\/227"}],"wp:attachment":[{"href":"https:\/\/departamentos.uleam.edu.ec\/diit\/wp-json\/wp\/v2\/media?parent=75"}],"curies":[{"name":"wp","href":"https:\/\/api.w.org\/{rel}","templated":true}]}}