{"id":76,"date":"2017-06-29T01:15:23","date_gmt":"2017-06-29T01:15:23","guid":{"rendered":"http:\/\/departamentos.uleam.edu.ec\/ucci\/?page_id=76"},"modified":"2019-08-21T18:55:45","modified_gmt":"2019-08-21T18:55:45","slug":"desarrollo-y-programacion","status":"publish","type":"page","link":"https:\/\/departamentos.uleam.edu.ec\/diit\/desarrollo-y-programacion\/","title":{"rendered":"Desarrollo y Programaci\u00f3n"},"content":{"rendered":"<p style=\"text-align: justify\"><span style=\"color: #000000\">Son responsables de desarrollar y mantener las aplicaciones. El desarrollo puede incluir; desarrollar un nuevo c\u00f3digo o cambiar la configuraci\u00f3n de las aplicaciones existentes. Los nuevos desarrollos o cambios que se generan en esta \u00e1rea son los que en \u00faltima instancia correr\u00e1n en los ambientes de producci\u00f3n.<\/span><\/p>\n","protected":false},"excerpt":{"rendered":"<p>Son responsables de desarrollar y mantener las aplicaciones. El desarrollo puede incluir; desarrollar un nuevo c\u00f3digo o cambiar la configuraci\u00f3n de las aplicaciones existentes. Los nuevos desarrollos o cambios que se generan en esta \u00e1rea son los que en \u00faltima [&hellip;]<\/p>\n","protected":false},"author":115,"featured_media":0,"parent":0,"menu_order":0,"comment_status":"closed","ping_status":"closed","template":"","meta":{"footnotes":"","_links_to":"","_links_to_target":""},"class_list":["post-76","page","type-page","status-publish","hentry"],"_links":{"self":[{"href":"https:\/\/departamentos.uleam.edu.ec\/diit\/wp-json\/wp\/v2\/pages\/76","targetHints":{"allow":["GET"]}}],"collection":[{"href":"https:\/\/departamentos.uleam.edu.ec\/diit\/wp-json\/wp\/v2\/pages"}],"about":[{"href":"https:\/\/departamentos.uleam.edu.ec\/diit\/wp-json\/wp\/v2\/types\/page"}],"author":[{"embeddable":true,"href":"https:\/\/departamentos.uleam.edu.ec\/diit\/wp-json\/wp\/v2\/users\/115"}],"replies":[{"embeddable":true,"href":"https:\/\/departamentos.uleam.edu.ec\/diit\/wp-json\/wp\/v2\/comments?post=76"}],"version-history":[{"count":1,"href":"https:\/\/departamentos.uleam.edu.ec\/diit\/wp-json\/wp\/v2\/pages\/76\/revisions"}],"predecessor-version":[{"id":228,"href":"https:\/\/departamentos.uleam.edu.ec\/diit\/wp-json\/wp\/v2\/pages\/76\/revisions\/228"}],"wp:attachment":[{"href":"https:\/\/departamentos.uleam.edu.ec\/diit\/wp-json\/wp\/v2\/media?parent=76"}],"curies":[{"name":"wp","href":"https:\/\/api.w.org\/{rel}","templated":true}]}}