{"id":78,"date":"2017-06-29T01:16:54","date_gmt":"2017-06-29T01:16:54","guid":{"rendered":"http:\/\/departamentos.uleam.edu.ec\/ucci\/?page_id=78"},"modified":"2019-08-21T18:57:55","modified_gmt":"2019-08-21T18:57:55","slug":"operaciones","status":"publish","type":"page","link":"https:\/\/departamentos.uleam.edu.ec\/diit\/operaciones\/","title":{"rendered":"Operaciones"},"content":{"rendered":"<p style=\"text-align: justify\"><span style=\"color: #000000\">Son responsables de:<\/span><\/p>\n<ul style=\"text-align: justify\">\n<li><span style=\"color: #000000\">Gesti\u00f3n de continuidad de servicios.<\/span><\/li>\n<li><span style=\"color: #000000\">Gesti\u00f3n de la capacidad.<\/span><\/li>\n<li><span style=\"color: #000000\">Gesti\u00f3n de la disponibilidad; y,<\/span><\/li>\n<li><span style=\"color: #000000\">Gesti\u00f3n de los niveles de servicio.<\/span><\/li>\n<\/ul>\n<p style=\"text-align: justify\"><span style=\"color: #000000\">Esta \u00e1rea define y mantiene los sistemas en producci\u00f3n, la estructura de los datos en el sistema de base de datos institucional y es responsable de la seguridad de los datos compartidos y almacenados en la base de datos, es responsable tambi\u00e9n del dise\u00f1o real, la definici\u00f3n y el mantenimiento adecuado de los datos.<\/span><\/p>\n","protected":false},"excerpt":{"rendered":"<p>Son responsables de: Gesti\u00f3n de continuidad de servicios. Gesti\u00f3n de la capacidad. Gesti\u00f3n de la disponibilidad; y, Gesti\u00f3n de los niveles de servicio. Esta \u00e1rea define y mantiene los sistemas en producci\u00f3n, la estructura de los datos en el sistema [&hellip;]<\/p>\n","protected":false},"author":115,"featured_media":0,"parent":0,"menu_order":0,"comment_status":"closed","ping_status":"closed","template":"","meta":{"footnotes":"","_links_to":"","_links_to_target":""},"class_list":["post-78","page","type-page","status-publish","hentry"],"_links":{"self":[{"href":"https:\/\/departamentos.uleam.edu.ec\/diit\/wp-json\/wp\/v2\/pages\/78","targetHints":{"allow":["GET"]}}],"collection":[{"href":"https:\/\/departamentos.uleam.edu.ec\/diit\/wp-json\/wp\/v2\/pages"}],"about":[{"href":"https:\/\/departamentos.uleam.edu.ec\/diit\/wp-json\/wp\/v2\/types\/page"}],"author":[{"embeddable":true,"href":"https:\/\/departamentos.uleam.edu.ec\/diit\/wp-json\/wp\/v2\/users\/115"}],"replies":[{"embeddable":true,"href":"https:\/\/departamentos.uleam.edu.ec\/diit\/wp-json\/wp\/v2\/comments?post=78"}],"version-history":[{"count":1,"href":"https:\/\/departamentos.uleam.edu.ec\/diit\/wp-json\/wp\/v2\/pages\/78\/revisions"}],"predecessor-version":[{"id":231,"href":"https:\/\/departamentos.uleam.edu.ec\/diit\/wp-json\/wp\/v2\/pages\/78\/revisions\/231"}],"wp:attachment":[{"href":"https:\/\/departamentos.uleam.edu.ec\/diit\/wp-json\/wp\/v2\/media?parent=78"}],"curies":[{"name":"wp","href":"https:\/\/api.w.org\/{rel}","templated":true}]}}