{"id":83,"date":"2017-06-29T01:17:34","date_gmt":"2017-06-29T01:17:34","guid":{"rendered":"http:\/\/departamentos.uleam.edu.ec\/ucci\/?page_id=83"},"modified":"2019-08-21T18:58:47","modified_gmt":"2019-08-21T18:58:47","slug":"gestion-de-riesgos-de-ti","status":"publish","type":"page","link":"https:\/\/departamentos.uleam.edu.ec\/diit\/gestion-de-riesgos-de-ti\/","title":{"rendered":"Gesti\u00f3n de Riesgos de TI"},"content":{"rendered":"<p style=\"text-align: justify\"><span style=\"color: #000000\">Son responsables de asegurar el cumplimiento de la pol\u00edtica de seguridad de la informaci\u00f3n y que los controles sean los adecuados para prevenir el acceso no autorizado a los activos de informaci\u00f3n de la instituci\u00f3n (datos, programas y equipos), son funciones de esta \u00e1rea:<\/span><\/p>\n<ul>\n<li style=\"text-align: justify\"><span style=\"color: #000000\">Mantener las reglas de accesos a los datos y otros recursos de TI.<\/span><\/li>\n<li style=\"text-align: justify\"><span style=\"color: #000000\">Mantener la \u00a0seguridad \u00a0y \u00a0confidencialidad \u00a0sobre \u00a0la \u00a0emisi\u00f3n \u00a0y \u00a0mantenimiento \u00a0de \u00a0usuarios \u00a0y contrase\u00f1as.<\/span><\/li>\n<li style=\"text-align: justify\"><span style=\"color: #000000\">Monitorear las violaciones de seguridad y aplicar acciones. Revisar y evaluar peri\u00f3dicamente la pol\u00edtica de seguridad y sugerir cambios.<\/span><\/li>\n<\/ul>\n","protected":false},"excerpt":{"rendered":"<p>Son responsables de asegurar el cumplimiento de la pol\u00edtica de seguridad de la informaci\u00f3n y que los controles sean los adecuados para prevenir el acceso no autorizado a los activos de informaci\u00f3n de la instituci\u00f3n (datos, programas y equipos), son [&hellip;]<\/p>\n","protected":false},"author":115,"featured_media":0,"parent":0,"menu_order":0,"comment_status":"closed","ping_status":"closed","template":"","meta":{"footnotes":"","_links_to":"","_links_to_target":""},"class_list":["post-83","page","type-page","status-publish","hentry"],"_links":{"self":[{"href":"https:\/\/departamentos.uleam.edu.ec\/diit\/wp-json\/wp\/v2\/pages\/83","targetHints":{"allow":["GET"]}}],"collection":[{"href":"https:\/\/departamentos.uleam.edu.ec\/diit\/wp-json\/wp\/v2\/pages"}],"about":[{"href":"https:\/\/departamentos.uleam.edu.ec\/diit\/wp-json\/wp\/v2\/types\/page"}],"author":[{"embeddable":true,"href":"https:\/\/departamentos.uleam.edu.ec\/diit\/wp-json\/wp\/v2\/users\/115"}],"replies":[{"embeddable":true,"href":"https:\/\/departamentos.uleam.edu.ec\/diit\/wp-json\/wp\/v2\/comments?post=83"}],"version-history":[{"count":1,"href":"https:\/\/departamentos.uleam.edu.ec\/diit\/wp-json\/wp\/v2\/pages\/83\/revisions"}],"predecessor-version":[{"id":232,"href":"https:\/\/departamentos.uleam.edu.ec\/diit\/wp-json\/wp\/v2\/pages\/83\/revisions\/232"}],"wp:attachment":[{"href":"https:\/\/departamentos.uleam.edu.ec\/diit\/wp-json\/wp\/v2\/media?parent=83"}],"curies":[{"name":"wp","href":"https:\/\/api.w.org\/{rel}","templated":true}]}}