{"id":90,"date":"2017-06-29T01:25:51","date_gmt":"2017-06-29T01:25:51","guid":{"rendered":"http:\/\/departamentos.uleam.edu.ec\/ucci\/?page_id=90"},"modified":"2019-08-21T19:04:29","modified_gmt":"2019-08-21T19:04:29","slug":"contactenos","status":"publish","type":"page","link":"https:\/\/departamentos.uleam.edu.ec\/diit\/contactenos\/","title":{"rendered":"CONT\u00c1CTENOS"},"content":{"rendered":"<ul>\n<li><span style=\"color: #000000\"><strong>Direcci\u00f3n:<\/strong><\/span>\n<ul>\n<li><span style=\"color: #000000\">Ciudadela Universitaria V\u00eda San Mateo<\/span><\/li>\n<li><span style=\"color: #000000\">Junto a \u00c1reas de la Salud<\/span><\/li>\n<li><span style=\"color: #000000\">Manta, Manab\u00ed, Ecuador<\/span><\/li>\n<\/ul>\n<\/li>\n<li><span style=\"color: #000000\"><strong>Emails:<\/strong><\/span>\n<ul>\n<li><span style=\"color: #000000\"><a style=\"color: #000000\" href=\"mailto:ucci@uleam.edu.ec\">ucci@uleam.edu.ec <\/a><\/span><\/li>\n<li><span style=\"color: #000000\"><a style=\"color: #000000\" href=\"webmaster1@uleam.edu.ec\">webmaster1@uleam.edu.ec (p\u00e1gina web)<\/a><\/span><\/li>\n<li><span style=\"color: #000000\"><a style=\"color: #000000\" href=\"mailto:soporte.ucci@uleam.edu.ec\">soporte.ucci@uleam.edu.ec (soporte a usuarios)<\/a><\/span><\/li>\n<li><span style=\"color: #000000\"><a style=\"color: #000000\" href=\"mailto:sga@uleam.edu.ec\">sga@uleam.edu.ec (soporte sistema gesti\u00f3n\u00a0 acad\u00e9mico y aula virtual, atenci\u00f3n solo por correo electr\u00f3nico)<\/a><\/span><\/li>\n<\/ul>\n<\/li>\n<li><span style=\"color: #000000\"><strong> Tel\u00e9fono:<\/strong><\/span>\n<ul>\n<li><span style=\"color: #000000\">Directo (593) (05)628-826<\/span><\/li>\n<li><span style=\"color: #000000\">Conmutador Uleam: (593) (05)623-740<\/span><\/li>\n<li><span style=\"color: #000000\">Extensi\u00f3n: 232<\/span><\/li>\n<\/ul>\n<\/li>\n<\/ul>\n<p style=\"text-align: center\"><span style=\"color: #000000\"><strong>Para comentarios y sugerencias puedes escribirnos en el siguiente formulario\u00a0<\/strong><\/span><\/p>\n<p style=\"text-align: center\"><span style=\"color: #000000\"><strong>[bestwebsoft_contact_form]<\/strong><\/span><\/p>\n","protected":false},"excerpt":{"rendered":"<p>Direcci\u00f3n: Ciudadela Universitaria V\u00eda San Mateo Junto a \u00c1reas de la Salud Manta, Manab\u00ed, Ecuador Emails: ucci@uleam.edu.ec webmaster1@uleam.edu.ec (p\u00e1gina web) soporte.ucci@uleam.edu.ec (soporte a usuarios) sga@uleam.edu.ec (soporte sistema gesti\u00f3n\u00a0 acad\u00e9mico y aula virtual, atenci\u00f3n solo por correo electr\u00f3nico) Tel\u00e9fono: Directo (593) [&hellip;]<\/p>\n","protected":false},"author":115,"featured_media":0,"parent":0,"menu_order":0,"comment_status":"closed","ping_status":"closed","template":"","meta":{"footnotes":"","_links_to":"","_links_to_target":""},"class_list":["post-90","page","type-page","status-publish","hentry"],"_links":{"self":[{"href":"https:\/\/departamentos.uleam.edu.ec\/diit\/wp-json\/wp\/v2\/pages\/90","targetHints":{"allow":["GET"]}}],"collection":[{"href":"https:\/\/departamentos.uleam.edu.ec\/diit\/wp-json\/wp\/v2\/pages"}],"about":[{"href":"https:\/\/departamentos.uleam.edu.ec\/diit\/wp-json\/wp\/v2\/types\/page"}],"author":[{"embeddable":true,"href":"https:\/\/departamentos.uleam.edu.ec\/diit\/wp-json\/wp\/v2\/users\/115"}],"replies":[{"embeddable":true,"href":"https:\/\/departamentos.uleam.edu.ec\/diit\/wp-json\/wp\/v2\/comments?post=90"}],"version-history":[{"count":2,"href":"https:\/\/departamentos.uleam.edu.ec\/diit\/wp-json\/wp\/v2\/pages\/90\/revisions"}],"predecessor-version":[{"id":237,"href":"https:\/\/departamentos.uleam.edu.ec\/diit\/wp-json\/wp\/v2\/pages\/90\/revisions\/237"}],"wp:attachment":[{"href":"https:\/\/departamentos.uleam.edu.ec\/diit\/wp-json\/wp\/v2\/media?parent=90"}],"curies":[{"name":"wp","href":"https:\/\/api.w.org\/{rel}","templated":true}]}}