{"id":52,"date":"2022-12-09T03:18:12","date_gmt":"2022-12-09T03:18:12","guid":{"rendered":"https:\/\/departamentos.uleam.edu.ec\/educacion-virtual\/?page_id=52"},"modified":"2022-12-09T13:18:09","modified_gmt":"2022-12-09T13:18:09","slug":"homenaje-al-general-eloy-alfaro","status":"publish","type":"page","link":"https:\/\/departamentos.uleam.edu.ec\/educacion-virtual\/homenaje-al-general-eloy-alfaro\/","title":{"rendered":"Homenaje al General Eloy Alfaro"},"content":{"rendered":"\n<p>Homenaje al General Eloy Alfaro por el d\u00eda del liberalismo<\/p>\n\n\n\n<p><strong>Eloy Alfaro.-<\/strong>&nbsp;Jos\u00e9 Eloy Alfaro Delgado, naci\u00f3 en Montecristi el 25 de junio de 1842 y muri\u00f3 en&nbsp; Quito el 28 de enero de 1912, fue el l\u00edder de la revoluci\u00f3n liberal ecuatoriana 1895 \u2013 1924, y Presidente de la Rep\u00fablica del Ecuador en dos ocasiones en per\u00edodos que comprenden entre 1897 a 1901 y 1906 a 1911. Por su rol central en las batallas de la revoluci\u00f3n y por haber combatido al conservadurismo por casi 30 a\u00f1os, es conocido como el \u201cViejo Luchador\u201d.<\/p>\n\n\n\n<p><a href=\"https:\/\/fb.watch\/hi95C37Cmc\/?mibextid=2Rb1fB\">https:\/\/fb.watch\/hi95C37Cmc\/?mibextid=2Rb1fB<\/a><\/p>\n","protected":false},"excerpt":{"rendered":"<p>Homenaje al General Eloy Alfaro por el d\u00eda del liberalismo Eloy Alfaro.-&nbsp;Jos\u00e9 Eloy Alfaro Delgado, naci\u00f3 en Montecristi el 25 de junio de 1842 y muri\u00f3 en&nbsp; Quito el 28 de enero de 1912, fue el l\u00edder de la revoluci\u00f3n [&hellip;]<\/p>\n","protected":false},"author":139,"featured_media":0,"parent":0,"menu_order":0,"comment_status":"closed","ping_status":"closed","template":"","meta":{"footnotes":"","_links_to":"","_links_to_target":""},"class_list":["post-52","page","type-page","status-publish","hentry"],"_links":{"self":[{"href":"https:\/\/departamentos.uleam.edu.ec\/educacion-virtual\/wp-json\/wp\/v2\/pages\/52","targetHints":{"allow":["GET"]}}],"collection":[{"href":"https:\/\/departamentos.uleam.edu.ec\/educacion-virtual\/wp-json\/wp\/v2\/pages"}],"about":[{"href":"https:\/\/departamentos.uleam.edu.ec\/educacion-virtual\/wp-json\/wp\/v2\/types\/page"}],"author":[{"embeddable":true,"href":"https:\/\/departamentos.uleam.edu.ec\/educacion-virtual\/wp-json\/wp\/v2\/users\/139"}],"replies":[{"embeddable":true,"href":"https:\/\/departamentos.uleam.edu.ec\/educacion-virtual\/wp-json\/wp\/v2\/comments?post=52"}],"version-history":[{"count":2,"href":"https:\/\/departamentos.uleam.edu.ec\/educacion-virtual\/wp-json\/wp\/v2\/pages\/52\/revisions"}],"predecessor-version":[{"id":55,"href":"https:\/\/departamentos.uleam.edu.ec\/educacion-virtual\/wp-json\/wp\/v2\/pages\/52\/revisions\/55"}],"wp:attachment":[{"href":"https:\/\/departamentos.uleam.edu.ec\/educacion-virtual\/wp-json\/wp\/v2\/media?parent=52"}],"curies":[{"name":"wp","href":"https:\/\/api.w.org\/{rel}","templated":true}]}}