{"id":1013,"date":"2015-06-11T19:50:25","date_gmt":"2015-06-12T00:50:25","guid":{"rendered":"http:\/\/departamentos.uleam.edu.ec\/evaluacion-interna\/?page_id=1013"},"modified":"2016-03-03T17:32:31","modified_gmt":"2016-03-03T22:32:31","slug":"repositorio-pag-5","status":"publish","type":"page","link":"https:\/\/departamentos.uleam.edu.ec\/evaluacion-interna\/repositorio-pag-5\/","title":{"rendered":"REPOSITORIO Pag. 5"},"content":{"rendered":"<h5 style=\"text-align: right\"><span style=\"color: #0000ff\">P\u00e1gina \u00a0 \u00a0\u00a0<a style=\"color: #0000ff\" title=\"REPOSITORIO\" href=\"https:\/\/departamentos.uleam.edu.ec\/evaluacion-interna\/repositorio\/\">&lt;1&gt;<\/a>\u00a0 <a style=\"color: #0000ff\" title=\"REPOSITORIO\" href=\"https:\/\/departamentos.uleam.edu.ec\/evaluacion-interna\/repositorio-2\/\">&lt;2&gt;<\/a>\u00a0 <a style=\"color: #0000ff\" title=\"REPOSITORIO\" href=\"https:\/\/departamentos.uleam.edu.ec\/evaluacion-interna\/repositorio-3\/\">&lt;3&gt;<\/a>\u00a0 <a style=\"color: #0000ff\" title=\"REPOSITORIO\" href=\"https:\/\/departamentos.uleam.edu.ec\/evaluacion-interna\/repositorio-4\/\">&lt;4&gt;<\/a>\u00a0 <a style=\"color: #0000ff\" title=\"REPOSITORIO Pag. 5\" href=\"https:\/\/departamentos.uleam.edu.ec\/evaluacion-interna\/repositorio-pag-5\/\">&lt;5&gt;<\/a><\/span><\/h5>\n<table border=\"1\" width=\"480\">\n<tbody>\n<tr>\n<td width=\"101\"><\/td>\n<td width=\"254\"><\/td>\n<td width=\"103\">Evidencias<\/td>\n<\/tr>\n<tr>\n<td>C\u00f3digo<\/td>\n<td><em>4.5.1.A<\/em><\/td>\n<td rowspan=\"3\"><a href=\"https:\/\/drive.google.com\/open?id=0B3QuX0417HgHUFpUTlZyLUoyYnc\" target=\"_blank\"><span style=\"color: #3366ff\">1.-Inventario de redes Academicas e Investigaci\u00f3n<\/span><\/a><span style=\"color: #3366ff\">\u00a0<\/span><span style=\"color: #3366ff\"><a style=\"color: #3366ff\" href=\"https:\/\/departamentos.uleam.edu.ec\/evaluacion-interna\/files\/2015\/06\/Convenios-Aprobados.pdf\">2.-Convenios Aprobados<\/a><\/span><a href=\"https:\/\/drive.google.com\/open?id=0B3QuX0417HgHVE1NM01VQWdrZDQ\" target=\"_blank\"><span style=\"color: #3366ff\">3.-Informe de Suscripciones y Participaciones de Redes de Cooperaci\u00f3n Nacional o Internacional<\/span><\/a>&nbsp;<\/p>\n<p>&nbsp;<\/td>\n<\/tr>\n<tr>\n<td>Acci\u00f3n<\/td>\n<td><em>B\u00fasqueda y suscripci\u00f3n de 4 convenios con redes de cooperaci\u00f3n nacional o internacional, especialmente en las \u00e1reas acad\u00e9micas y de investigaci\u00f3n <\/em><\/td>\n<\/tr>\n<tr>\n<td>Responsable<\/td>\n<td>Director\/a del Departamento de Relaciones Internacionales<\/td>\n<\/tr>\n<\/tbody>\n<\/table>\n<p>&nbsp;<\/p>\n<table border=\"1\" width=\"480\">\n<tbody>\n<tr>\n<td width=\"101\"><\/td>\n<td width=\"254\"><\/td>\n<td width=\"103\">Evidencias<\/td>\n<\/tr>\n<tr>\n<td>C\u00f3digo<\/td>\n<td><em>4.5.1.B<\/em><\/td>\n<td rowspan=\"3\">\n<h5 style=\"text-align: right\"><span style=\"color: #0000ff\"><a href=\"https:\/\/drive.google.com\/open?id=0B3QuX0417HgHaDdySVhKNlpGZ2c\" target=\"_blank\"><span style=\"color: #3366ff\">3.-Informe de Participaci\u00f3n en Redes Acad\u00e9micas de Investigaci\u00f3<\/span><\/a><\/span><span style=\"color: #3366ff\"><a style=\"color: #3366ff\" href=\"https:\/\/drive.google.com\/open?id=0B3QuX0417HgHaDdySVhKNlpGZ2c\" target=\"_blank\">n<\/a><\/span><\/h5>\n<\/td>\n<\/tr>\n<tr>\n<td>Acci\u00f3n<\/td>\n<td><em>Participaci\u00f3n en 4 redes acad\u00e9micas o de investigaci\u00f3n con ponencias y proyectos espec\u00edficos; favoreciendo el intercambio de docentes<\/em><\/td>\n<\/tr>\n<tr>\n<td>Responsable<\/td>\n<td><em>Director\/a del Departamento de Relaciones Internacionales<\/em><\/td>\n<\/tr>\n<\/tbody>\n<\/table>\n<p>&nbsp;<\/p>\n<table border=\"1\" width=\"480\">\n<tbody>\n<tr>\n<td width=\"101\"><\/td>\n<td width=\"254\"><\/td>\n<td width=\"103\">Evidencias<\/td>\n<\/tr>\n<tr>\n<td>C\u00f3digo<\/td>\n<td><em>5.1.1.A<\/em><\/td>\n<td rowspan=\"3\">[lightbox full=\u00bbhttps:\/\/departamentos.uleam.edu.ec\/evaluacion-interna\/files\/2015\/06\/Aprobaci\u00f3n-por-parte-del-consejo.jpg\u00bb title=\u00bbAprobaci\u00f3n por parte del consejo Universitario\u00bb]<a href=\"https:\/\/drive.google.com\/open?id=0B3QuX0417HgHVnVJdTNhVmpWbEk\" target=\"_blank\">Aprobaci\u00f3n por parte del consejo Universitario<\/a>[\/lightbox]<\/td>\n<\/tr>\n<tr>\n<td>Acci\u00f3n<\/td>\n<td><em>Campa\u00f1a de difusi\u00f3n sobre la importancia de la transparencia, la etica y las politicas de acci\u00f3n afirmativa para el fortalecimiento de la ULEAM. <\/em><\/td>\n<\/tr>\n<tr>\n<td>Responsable<\/td>\n<td><em>Rector\/a<\/em><\/td>\n<\/tr>\n<\/tbody>\n<\/table>\n<p>&nbsp;<\/p>\n<table border=\"1\" width=\"480\">\n<tbody>\n<tr>\n<td width=\"101\"><\/td>\n<td width=\"254\"><\/td>\n<td width=\"103\">Evidencias<\/td>\n<\/tr>\n<tr>\n<td>C\u00f3digo<\/td>\n<td><em>5.1.1.B<\/em><\/td>\n<td rowspan=\"3\">[lightbox full=\u00bbhttps:\/\/departamentos.uleam.edu.ec\/evaluacion-interna\/files\/2015\/06\/Aprobaci\u00f3n-por-parte-del-consejo.jpg\u00bb title=\u00bbAprobaci\u00f3n por parte del consejo Universitario\u00bb]<a href=\"https:\/\/drive.google.com\/open?id=0B3QuX0417HgHVnVJdTNhVmpWbEk\" target=\"_blank\">Aprobaci\u00f3n por parte del consejo Universitario<\/a>[\/lightbox]<\/td>\n<\/tr>\n<tr>\n<td>Acci\u00f3n<\/td>\n<td><em>Implantaci\u00f3n de las pol\u00edticas establecidas en el C\u00f3digo de Etica de la ULEAM. <\/em><\/td>\n<\/tr>\n<tr>\n<td>Responsable<\/td>\n<td>Rector\/a<\/td>\n<\/tr>\n<\/tbody>\n<\/table>\n<p>&nbsp;<\/p>\n<table border=\"1\" width=\"480\">\n<tbody>\n<tr>\n<td width=\"101\"><\/td>\n<td width=\"254\"><\/td>\n<td width=\"103\">Evidencias<\/td>\n<\/tr>\n<tr>\n<td>C\u00f3digo<\/td>\n<td><em>5.1.1.C<\/em><\/td>\n<td rowspan=\"3\">[lightbox full=\u00bbhttps:\/\/departamentos.uleam.edu.ec\/evaluacion-interna\/files\/2015\/06\/Aprobaci\u00f3n-por-parte-del-consejo.jpg\u00bb title=\u00bbAprobaci\u00f3n por parte del consejo Universitario\u00bb]<a href=\"https:\/\/drive.google.com\/open?id=0B3QuX0417HgHVnVJdTNhVmpWbEk\" target=\"_blank\">Aprobaci\u00f3n por parte del consejo Universitario<\/a>[\/lightbox]<\/td>\n<\/tr>\n<tr>\n<td>Acci\u00f3n<\/td>\n<td><em>Dise\u00f1o y ejecuci\u00f3n del programa de capacitaci\u00f3n, para todos los estamentos universitarios sobre la aplicaci\u00f3n pr\u00e1ctica en cada \u00e1rea de las pol\u00edticas de transparencia, \u00e9tica y acci\u00f3n afirmativa. <\/em><\/td>\n<\/tr>\n<tr>\n<td>Responsable<\/td>\n<td><em>Director\/a de Planeamiento<\/em><\/td>\n<\/tr>\n<\/tbody>\n<\/table>\n<p>&nbsp;<\/p>\n<table border=\"1\" width=\"480\">\n<tbody>\n<tr>\n<td width=\"101\"><\/td>\n<td width=\"254\"><\/td>\n<td width=\"103\">Evidencias<\/td>\n<\/tr>\n<tr>\n<td>C\u00f3digo<\/td>\n<td><em>5.2.1.A<\/em><\/td>\n<td rowspan=\"3\">[lightbox full=\u00bbhttps:\/\/departamentos.uleam.edu.ec\/evaluacion-interna\/files\/2015\/06\/Aprobaci\u00f3n-por-parte-del-consejo.jpg\u00bb title=\u00bbAprobaci\u00f3n por parte del consejo Universitario\u00bb]<a href=\"https:\/\/drive.google.com\/open?id=0B3QuX0417HgHVnVJdTNhVmpWbEk\" target=\"_blank\">Aprobaci\u00f3n por parte del consejo Universitario<\/a>[\/lightbox]<\/td>\n<\/tr>\n<tr>\n<td>Acci\u00f3n<\/td>\n<td><em>Adquisici\u00f3n e implantaci\u00f3n de un software para la gesti\u00f3n de biblioteca, para la gesti\u00f3n acad\u00e9mica (servicios de matriculaci\u00f3n, registro, notas, curr\u00edculos, aula virtual, etc.), para evaluaci\u00f3n institucional y de carreras, que incluya motores de b\u00fasqueda amigables para docentes y estudiantes<\/em><\/td>\n<\/tr>\n<tr>\n<td>Responsable<\/td>\n<td><em>Director\/a de Inform\u00e1tica<\/em><\/td>\n<\/tr>\n<\/tbody>\n<\/table>\n<p>&nbsp;<\/p>\n<table border=\"1\" width=\"480\">\n<tbody>\n<tr>\n<td width=\"101\"><\/td>\n<td width=\"254\"><\/td>\n<td width=\"103\">Evidencias<\/td>\n<\/tr>\n<tr>\n<td>C\u00f3digo<\/td>\n<td><em>5.2.1.B<\/em><\/td>\n<td rowspan=\"3\">[lightbox full=\u00bbhttps:\/\/departamentos.uleam.edu.ec\/evaluacion-interna\/files\/2015\/06\/Aprobaci\u00f3n-por-parte-del-consejo.jpg\u00bb title=\u00bbAprobaci\u00f3n por parte del consejo Universitario\u00bb]<a href=\"https:\/\/drive.google.com\/open?id=0B3QuX0417HgHVnVJdTNhVmpWbEk\" target=\"_blank\">Aprobaci\u00f3n por parte del consejo Universitario<\/a>[\/lightbox]<\/td>\n<\/tr>\n<tr>\n<td>Acci\u00f3n<\/td>\n<td><em>Incremento de 20% en libros y espacios de biblioteca para estudiantes, oficinas y cub\u00edculos para docentes TC, MT y TP, y espacios de bienestar, por medio de la optimizaci\u00f3n en el uso de la actual infraestructura <\/em><\/td>\n<\/tr>\n<tr>\n<td>Responsable<\/td>\n<td>Director\/a del departamento T\u00e9cnico<\/td>\n<\/tr>\n<\/tbody>\n<\/table>\n<p>&nbsp;<\/p>\n<table border=\"1\" width=\"480\">\n<tbody>\n<tr>\n<td width=\"101\"><\/td>\n<td width=\"254\"><\/td>\n<td width=\"103\">Evidencias<\/td>\n<\/tr>\n<tr>\n<td>C\u00f3digo<\/td>\n<td><em>5.2.1.C<\/em><\/td>\n<td rowspan=\"3\">[lightbox full=\u00bbhttps:\/\/departamentos.uleam.edu.ec\/evaluacion-interna\/files\/2015\/06\/Aprobaci\u00f3n-por-parte-del-consejo.jpg\u00bb title=\u00bbAprobaci\u00f3n por parte del consejo Universitario\u00bb]<a href=\"https:\/\/drive.google.com\/open?id=0B3QuX0417HgHVnVJdTNhVmpWbEk\" target=\"_blank\">Aprobaci\u00f3n por parte del consejo Universitario<\/a>[\/lightbox]<\/td>\n<\/tr>\n<tr>\n<td>Acci\u00f3n<\/td>\n<td><em>Incremento del ancho de banda para optimizar la conectividad de docentes, administrativos y estudiantes hasta llegar a una cobertura del 40%; y la cobertura inal\u00e1mbrica de los edificios de la ULEAM en un 90%<\/em>.<\/td>\n<\/tr>\n<tr>\n<td>Responsable<\/td>\n<td><em>Director\/a de Inform\u00e1tica<\/em><\/td>\n<\/tr>\n<\/tbody>\n<\/table>\n<p>&nbsp;<\/p>\n<table border=\"1\" width=\"480\">\n<tbody>\n<tr>\n<td width=\"101\"><\/td>\n<td width=\"254\"><\/td>\n<td width=\"103\">Evidencias<\/td>\n<\/tr>\n<tr>\n<td>C\u00f3digo<\/td>\n<td><em>5.2.1.D<\/em><\/td>\n<td rowspan=\"3\">[lightbox full=\u00bbhttps:\/\/departamentos.uleam.edu.ec\/evaluacion-interna\/files\/2015\/06\/Aprobaci\u00f3n-por-parte-del-consejo.jpg\u00bb title=\u00bbAprobaci\u00f3n por parte del consejo Universitario\u00bb]<a href=\"https:\/\/drive.google.com\/open?id=0B3QuX0417HgHVnVJdTNhVmpWbEk\" target=\"_blank\">Aprobaci\u00f3n por parte del consejo Universitario<\/a>[\/lightbox]<\/td>\n<\/tr>\n<tr>\n<td>Acci\u00f3n<\/td>\n<td><em>Dise\u00f1o, financiamiento y ejecuci\u00f3n de un programa de mejoramiento integral de las aulas y espacios de bienestar de la ULEAM<\/em><\/td>\n<\/tr>\n<tr>\n<td>Responsable<\/td>\n<td><em>Director\/a del departamento T\u00e9cnico.<\/em><\/td>\n<\/tr>\n<\/tbody>\n<\/table>\n<p>&nbsp;<\/p>\n<table border=\"1\" width=\"480\">\n<tbody>\n<tr>\n<td width=\"101\"><\/td>\n<td width=\"254\"><\/td>\n<td width=\"103\">Evidencias<\/td>\n<\/tr>\n<tr>\n<td>C\u00f3digo<\/td>\n<td>5.3.1.A<\/td>\n<td rowspan=\"3\">[lightbox full=\u00bbhttps:\/\/departamentos.uleam.edu.ec\/evaluacion-interna\/files\/2015\/06\/Aprobaci\u00f3n-por-parte-del-consejo.jpg\u00bb title=\u00bbAprobaci\u00f3n por parte del consejo Universitario\u00bb]<a href=\"https:\/\/drive.google.com\/open?id=0B3QuX0417HgHVnVJdTNhVmpWbEk\" target=\"_blank\">Aprobaci\u00f3n por parte del consejo Universitario<\/a>[\/lightbox]<\/td>\n<\/tr>\n<tr>\n<td>Acci\u00f3n<\/td>\n<td><em>Redise\u00f1o del proceso de gesti\u00f3n administrativa y financiera, con el objeto de incrementar su eficacia y eficiencia<\/em><\/td>\n<\/tr>\n<tr>\n<td>Responsable<\/td>\n<td>Vicerrector\/a Administrativo<\/td>\n<\/tr>\n<\/tbody>\n<\/table>\n<p>&nbsp;<\/p>\n<table border=\"1\" width=\"480\">\n<tbody>\n<tr>\n<td width=\"101\"><\/td>\n<td width=\"254\"><\/td>\n<td width=\"103\">Evidencias<\/td>\n<\/tr>\n<tr>\n<td>C\u00f3digo<\/td>\n<td><em>5.3.1.B<\/em><\/td>\n<td rowspan=\"3\">[lightbox full=\u00bbhttps:\/\/departamentos.uleam.edu.ec\/evaluacion-interna\/files\/2015\/06\/Aprobaci\u00f3n-por-parte-del-consejo.jpg\u00bb title=\u00bbAprobaci\u00f3n por parte del consejo Universitario\u00bb]<a href=\"https:\/\/drive.google.com\/open?id=0B3QuX0417HgHVnVJdTNhVmpWbEk\" target=\"_blank\">Aprobaci\u00f3n por parte del consejo Universitario<\/a>[\/lightbox]<\/td>\n<\/tr>\n<tr>\n<td>Acci\u00f3n<\/td>\n<td><em>Plan de Capacitaci\u00f3n permanente y establecimiento de est\u00edmulos para el personal administrativo, con el objeto de optimizar su relaci\u00f3n humana y atenci\u00f3n a los usuarios e incrementar su eficiencia. <\/em><\/td>\n<\/tr>\n<tr>\n<td>Responsable<\/td>\n<td><em>Vicerrector\/a Administrativo<\/em><\/td>\n<\/tr>\n<\/tbody>\n<\/table>\n<p>&nbsp;<\/p>\n<h5 style=\"text-align: right\"><span style=\"color: #0000ff\">P\u00e1gina \u00a0 \u00a0\u00a0<a style=\"color: #0000ff\" title=\"REPOSITORIO\" href=\"https:\/\/departamentos.uleam.edu.ec\/evaluacion-interna\/repositorio\/\">&lt;1&gt;<\/a>\u00a0 <a style=\"color: #0000ff\" title=\"REPOSITORIO\" href=\"https:\/\/departamentos.uleam.edu.ec\/evaluacion-interna\/repositorio-2\/\">&lt;2&gt;<\/a>\u00a0 <a style=\"color: #0000ff\" title=\"REPOSITORIO\" href=\"https:\/\/departamentos.uleam.edu.ec\/evaluacion-interna\/repositorio-3\/\">&lt;3&gt;<\/a>\u00a0 <a style=\"color: #0000ff\" title=\"REPOSITORIO\" href=\"https:\/\/departamentos.uleam.edu.ec\/evaluacion-interna\/repositorio-4\/\">&lt;4&gt;<\/a>\u00a0 <a style=\"color: #0000ff\" title=\"REPOSITORIO Pag. 5\" href=\"https:\/\/departamentos.uleam.edu.ec\/evaluacion-interna\/repositorio-pag-5\/\">&lt;5&gt;<\/a><\/span><\/h5>\n","protected":false},"excerpt":{"rendered":"<p>P\u00e1gina \u00a0 \u00a0\u00a0&lt;1&gt;\u00a0 &lt;2&gt;\u00a0 &lt;3&gt;\u00a0 &lt;4&gt;\u00a0 &lt;5&gt; Evidencias C\u00f3digo 4.5.1.A 1.-Inventario de redes Academicas e Investigaci\u00f3n\u00a02.-Convenios Aprobados3.-Informe de Suscripciones y Participaciones de Redes de Cooperaci\u00f3n Nacional o Internacional&nbsp; &nbsp; Acci\u00f3n B\u00fasqueda y suscripci\u00f3n de 4 convenios con redes de cooperaci\u00f3n nacional o internacional, especialmente en las \u00e1reas acad\u00e9micas y de investigaci\u00f3n Responsable Director\/a del Departamento&#8230; <\/p>\n<div class=\"link-more\"><a href=\"https:\/\/departamentos.uleam.edu.ec\/evaluacion-interna\/repositorio-pag-5\/\">Leer M\u00e1s<\/a><\/div>\n","protected":false},"author":24,"featured_media":0,"parent":0,"menu_order":0,"comment_status":"open","ping_status":"open","template":"","meta":{"footnotes":"","_links_to":"","_links_to_target":""},"class_list":["post-1013","page","type-page","status-publish","hentry"],"_links":{"self":[{"href":"https:\/\/departamentos.uleam.edu.ec\/evaluacion-interna\/wp-json\/wp\/v2\/pages\/1013","targetHints":{"allow":["GET"]}}],"collection":[{"href":"https:\/\/departamentos.uleam.edu.ec\/evaluacion-interna\/wp-json\/wp\/v2\/pages"}],"about":[{"href":"https:\/\/departamentos.uleam.edu.ec\/evaluacion-interna\/wp-json\/wp\/v2\/types\/page"}],"author":[{"embeddable":true,"href":"https:\/\/departamentos.uleam.edu.ec\/evaluacion-interna\/wp-json\/wp\/v2\/users\/24"}],"replies":[{"embeddable":true,"href":"https:\/\/departamentos.uleam.edu.ec\/evaluacion-interna\/wp-json\/wp\/v2\/comments?post=1013"}],"version-history":[{"count":21,"href":"https:\/\/departamentos.uleam.edu.ec\/evaluacion-interna\/wp-json\/wp\/v2\/pages\/1013\/revisions"}],"predecessor-version":[{"id":1631,"href":"https:\/\/departamentos.uleam.edu.ec\/evaluacion-interna\/wp-json\/wp\/v2\/pages\/1013\/revisions\/1631"}],"wp:attachment":[{"href":"https:\/\/departamentos.uleam.edu.ec\/evaluacion-interna\/wp-json\/wp\/v2\/media?parent=1013"}],"curies":[{"name":"wp","href":"https:\/\/api.w.org\/{rel}","templated":true}]}}