{"id":1240,"date":"2015-06-18T20:30:17","date_gmt":"2015-06-19T01:30:17","guid":{"rendered":"http:\/\/departamentos.uleam.edu.ec\/evaluacion-interna\/?page_id=1240"},"modified":"2016-03-03T16:42:11","modified_gmt":"2016-03-03T21:42:11","slug":"matrices-ceaaces","status":"publish","type":"page","link":"https:\/\/departamentos.uleam.edu.ec\/evaluacion-interna\/matrices-ceaaces\/","title":{"rendered":"Matrices CEAACES"},"content":{"rendered":"<ul>\n<li><strong><a href=\"https:\/\/departamentos.uleam.edu.ec\/evaluacion-interna\/files\/2015\/06\/Consultor\u00edas.xlsx\">Consultor\u00edas<\/a><\/strong><\/li>\n<li><strong><a href=\"https:\/\/departamentos.uleam.edu.ec\/evaluacion-interna\/files\/2015\/06\/Docentes-1-Contratacion.xlsx\">Docentes &#8211; 1 &#8211; Contrataci\u00f3n<\/a><\/strong><\/li>\n<li><strong><a href=\"https:\/\/departamentos.uleam.edu.ec\/evaluacion-interna\/files\/2015\/06\/Docentes-2-Contrato-Hora.xlsx\">Docentes &#8211; 2 &#8211; Contrato-Hora<\/a><\/strong><\/li>\n<li><strong><a href=\"https:\/\/departamentos.uleam.edu.ec\/evaluacion-interna\/files\/2015\/06\/Docentes-3-Formacion-Profesional.xlsx\">Docentes &#8211; 3 &#8211; Formaci\u00f3n-Profesional<\/a><\/strong><\/li>\n<li><strong><a href=\"https:\/\/departamentos.uleam.edu.ec\/evaluacion-interna\/files\/2015\/06\/Estudiantes-1-Datos.xlsx\">Estudiantes &#8211; 1 &#8211; Datos<\/a><\/strong><\/li>\n<li><strong><a href=\"https:\/\/departamentos.uleam.edu.ec\/evaluacion-interna\/files\/2015\/06\/Estudiantes-2-Matricula-Periodo.xlsx\">Estudiantes &#8211; 2 &#8211; Matr\u00edcula-Periodo<\/a><\/strong><\/li>\n<li><strong><a href=\"https:\/\/departamentos.uleam.edu.ec\/evaluacion-interna\/files\/2015\/06\/Eventos.xlsx\">Eventos<\/a><\/strong><\/li>\n<li><a href=\"https:\/\/drive.google.com\/open?id=0B3QuX0417HgHSG1DZ19IWjBnd2c\" target=\"_blank\"><strong>Programas y Proyectos<\/strong><\/a><\/li>\n<li><strong><a href=\"https:\/\/drive.google.com\/open?id=0B3QuX0417HgHdFN6YUF1V2FlRjQ\" target=\"_blank\">Publicaciones<\/a><\/strong><\/li>\n<\/ul>\n[divider]\n<ul>\n<li><a href=\"https:\/\/drive.google.com\/open?id=0B3QuX0417HgHS2I0SHV5d2IyQ1E\" target=\"_blank\"><strong>Instructivo Carga Masiva<\/strong><\/a><\/li>\n<li><strong><a href=\"https:\/\/drive.google.com\/open?id=0B3QuX0417HgHVkd3aVpLbUZRNUE\" target=\"_blank\">Manual de usuarios Sistema GIIES<\/a><\/strong><\/li>\n<\/ul>\n","protected":false},"excerpt":{"rendered":"<p>Consultor\u00edas Docentes &#8211; 1 &#8211; Contrataci\u00f3n Docentes &#8211; 2 &#8211; Contrato-Hora Docentes &#8211; 3 &#8211; Formaci\u00f3n-Profesional Estudiantes &#8211; 1 &#8211; Datos Estudiantes &#8211; 2 &#8211; Matr\u00edcula-Periodo Eventos Programas y Proyectos Publicaciones [divider] Instructivo Carga Masiva Manual de usuarios Sistema GIIES<\/p>\n","protected":false},"author":24,"featured_media":0,"parent":0,"menu_order":0,"comment_status":"open","ping_status":"open","template":"","meta":{"footnotes":"","_links_to":"","_links_to_target":""},"class_list":["post-1240","page","type-page","status-publish","hentry"],"_links":{"self":[{"href":"https:\/\/departamentos.uleam.edu.ec\/evaluacion-interna\/wp-json\/wp\/v2\/pages\/1240","targetHints":{"allow":["GET"]}}],"collection":[{"href":"https:\/\/departamentos.uleam.edu.ec\/evaluacion-interna\/wp-json\/wp\/v2\/pages"}],"about":[{"href":"https:\/\/departamentos.uleam.edu.ec\/evaluacion-interna\/wp-json\/wp\/v2\/types\/page"}],"author":[{"embeddable":true,"href":"https:\/\/departamentos.uleam.edu.ec\/evaluacion-interna\/wp-json\/wp\/v2\/users\/24"}],"replies":[{"embeddable":true,"href":"https:\/\/departamentos.uleam.edu.ec\/evaluacion-interna\/wp-json\/wp\/v2\/comments?post=1240"}],"version-history":[{"count":10,"href":"https:\/\/departamentos.uleam.edu.ec\/evaluacion-interna\/wp-json\/wp\/v2\/pages\/1240\/revisions"}],"predecessor-version":[{"id":1622,"href":"https:\/\/departamentos.uleam.edu.ec\/evaluacion-interna\/wp-json\/wp\/v2\/pages\/1240\/revisions\/1622"}],"wp:attachment":[{"href":"https:\/\/departamentos.uleam.edu.ec\/evaluacion-interna\/wp-json\/wp\/v2\/media?parent=1240"}],"curies":[{"name":"wp","href":"https:\/\/api.w.org\/{rel}","templated":true}]}}