{"id":150,"date":"2014-10-07T19:16:19","date_gmt":"2014-10-08T00:16:19","guid":{"rendered":"http:\/\/departamentos.uleam.edu.ec\/evaluacion-interna\/?page_id=150"},"modified":"2019-02-14T16:34:47","modified_gmt":"2019-02-14T21:34:47","slug":"reglamentos","status":"publish","type":"page","link":"https:\/\/departamentos.uleam.edu.ec\/evaluacion-interna\/reglamentos\/","title":{"rendered":"Reglamentos y resoluciones"},"content":{"rendered":"<p><span style=\"color: #000000;text-decoration: underline\"><strong>REGLAMENTOS:<\/strong><\/span><\/p>\n<p><span style=\"color: #000000\"><a style=\"color: #000000\" href=\"https:\/\/departamentos.uleam.edu.ec\/evaluacion-interna\/files\/2014\/10\/ULEAM015-REGLAMENTO-DE-EVALUACION-INTEGRAL-DEL-DESEMPENO-DEL-PERSONAL-ACADEMICO.pdf\">Reglamento de Evaluaci\u00f3n Integral del Desempe\u00f1o del Personal Acad\u00e9mico<\/a><a style=\"color: #000000\" href=\"https:\/\/departamentos.uleam.edu.ec\/evaluacion-interna\/files\/2014\/10\/REGLAMENTO-DE-EVALUACION-INTEGRAL-DEL-DESEMPENO-DEL-PERSONAL-ACADEMICO-20161.pdf\"> (27 de octubre de 2016)<\/a><\/span><\/p>\n<p><span style=\"color: #000000;text-decoration: underline\"><strong>RESOLUCI\u00d3N:<\/strong><\/span><\/p>\n<p><span style=\"color: #000000\"><a style=\"color: #000000\" href=\"https:\/\/drive.google.com\/file\/d\/0B3QuX0417HgHdk9rMUdyOExEczA\/view\" target=\"_blank\" rel=\"noopener\">Resoluci\u00f3n de Aprobaci\u00f3n del proceso de Evaluaci\u00f3n Integral de Desempe\u00f1o del personal Acad\u00e9mico.<\/a><\/span><\/p>\n","protected":false},"excerpt":{"rendered":"<p>REGLAMENTOS: Reglamento de Evaluaci\u00f3n Integral del Desempe\u00f1o del Personal Acad\u00e9mico (27 de octubre de 2016) RESOLUCI\u00d3N: Resoluci\u00f3n de Aprobaci\u00f3n del proceso de Evaluaci\u00f3n Integral de Desempe\u00f1o del personal Acad\u00e9mico.<\/p>\n","protected":false},"author":56,"featured_media":0,"parent":0,"menu_order":0,"comment_status":"closed","ping_status":"closed","template":"","meta":{"footnotes":"","_links_to":"","_links_to_target":""},"class_list":["post-150","page","type-page","status-publish","hentry"],"_links":{"self":[{"href":"https:\/\/departamentos.uleam.edu.ec\/evaluacion-interna\/wp-json\/wp\/v2\/pages\/150","targetHints":{"allow":["GET"]}}],"collection":[{"href":"https:\/\/departamentos.uleam.edu.ec\/evaluacion-interna\/wp-json\/wp\/v2\/pages"}],"about":[{"href":"https:\/\/departamentos.uleam.edu.ec\/evaluacion-interna\/wp-json\/wp\/v2\/types\/page"}],"author":[{"embeddable":true,"href":"https:\/\/departamentos.uleam.edu.ec\/evaluacion-interna\/wp-json\/wp\/v2\/users\/56"}],"replies":[{"embeddable":true,"href":"https:\/\/departamentos.uleam.edu.ec\/evaluacion-interna\/wp-json\/wp\/v2\/comments?post=150"}],"version-history":[{"count":24,"href":"https:\/\/departamentos.uleam.edu.ec\/evaluacion-interna\/wp-json\/wp\/v2\/pages\/150\/revisions"}],"predecessor-version":[{"id":2252,"href":"https:\/\/departamentos.uleam.edu.ec\/evaluacion-interna\/wp-json\/wp\/v2\/pages\/150\/revisions\/2252"}],"wp:attachment":[{"href":"https:\/\/departamentos.uleam.edu.ec\/evaluacion-interna\/wp-json\/wp\/v2\/media?parent=150"}],"curies":[{"name":"wp","href":"https:\/\/api.w.org\/{rel}","templated":true}]}}