{"id":1524,"date":"2015-12-09T16:36:44","date_gmt":"2015-12-09T21:36:44","guid":{"rendered":"http:\/\/departamentos.uleam.edu.ec\/evaluacion-interna\/?page_id=1524"},"modified":"2019-02-14T16:12:17","modified_gmt":"2019-02-14T21:12:17","slug":"informe-de-evalaucion-de-carreras-ceaaces","status":"publish","type":"page","link":"https:\/\/departamentos.uleam.edu.ec\/evaluacion-interna\/informe-de-evalaucion-de-carreras-ceaaces\/","title":{"rendered":"Informe de evaluaci\u00f3n de carreras CACES"},"content":{"rendered":"<ol>\n<li><span style=\"color: #000000\"><a style=\"color: #000000\" href=\"https:\/\/drive.google.com\/file\/d\/0B3QuX0417HgHaWhQQzhia3ZwOWc\/view?usp=sharing\" target=\"_blank\" rel=\"noopener\">Informe de Evaluaci\u00f3n de Medicina<\/a><\/span><\/li>\n<li><span style=\"color: #000000\"><a style=\"color: #000000\" href=\"https:\/\/departamentos.uleam.edu.ec\/evaluacion-interna\/files\/2018\/05\/Informe-de-Odontologia.pdf\">Informe de Evaluaci\u00f3n de Odontolog\u00eda<\/a><\/span><\/li>\n<li><span style=\"color: #000000\"><a style=\"color: #000000\" href=\"https:\/\/departamentos.uleam.edu.ec\/evaluacion-interna\/files\/2018\/05\/Informe-final-de-Derecho-1.pdf\">Informe de Evaluaci\u00f3n de Derecho<\/a><\/span><\/li>\n<li><span style=\"color: #000000\">Informe de Evaluaci\u00f3n de la carrera de Enfermer\u00eda<\/span><\/li>\n<\/ol>\n","protected":false},"excerpt":{"rendered":"<p>Informe de Evaluaci\u00f3n de Medicina Informe de Evaluaci\u00f3n de Odontolog\u00eda Informe de Evaluaci\u00f3n de Derecho Informe de Evaluaci\u00f3n de la carrera de Enfermer\u00eda<\/p>\n","protected":false},"author":56,"featured_media":0,"parent":0,"menu_order":0,"comment_status":"closed","ping_status":"closed","template":"","meta":{"footnotes":"","_links_to":"","_links_to_target":""},"class_list":["post-1524","page","type-page","status-publish","hentry"],"_links":{"self":[{"href":"https:\/\/departamentos.uleam.edu.ec\/evaluacion-interna\/wp-json\/wp\/v2\/pages\/1524","targetHints":{"allow":["GET"]}}],"collection":[{"href":"https:\/\/departamentos.uleam.edu.ec\/evaluacion-interna\/wp-json\/wp\/v2\/pages"}],"about":[{"href":"https:\/\/departamentos.uleam.edu.ec\/evaluacion-interna\/wp-json\/wp\/v2\/types\/page"}],"author":[{"embeddable":true,"href":"https:\/\/departamentos.uleam.edu.ec\/evaluacion-interna\/wp-json\/wp\/v2\/users\/56"}],"replies":[{"embeddable":true,"href":"https:\/\/departamentos.uleam.edu.ec\/evaluacion-interna\/wp-json\/wp\/v2\/comments?post=1524"}],"version-history":[{"count":11,"href":"https:\/\/departamentos.uleam.edu.ec\/evaluacion-interna\/wp-json\/wp\/v2\/pages\/1524\/revisions"}],"predecessor-version":[{"id":2243,"href":"https:\/\/departamentos.uleam.edu.ec\/evaluacion-interna\/wp-json\/wp\/v2\/pages\/1524\/revisions\/2243"}],"wp:attachment":[{"href":"https:\/\/departamentos.uleam.edu.ec\/evaluacion-interna\/wp-json\/wp\/v2\/media?parent=1524"}],"curies":[{"name":"wp","href":"https:\/\/api.w.org\/{rel}","templated":true}]}}