{"id":154,"date":"2014-10-07T19:17:30","date_gmt":"2014-10-08T00:17:30","guid":{"rendered":"http:\/\/departamentos.uleam.edu.ec\/evaluacion-interna\/?page_id=154"},"modified":"2019-02-14T16:37:06","modified_gmt":"2019-02-14T21:37:06","slug":"procesos","status":"publish","type":"page","link":"https:\/\/departamentos.uleam.edu.ec\/evaluacion-interna\/procesos\/","title":{"rendered":"Proceso"},"content":{"rendered":"<ol>\n<li>\n<pre><a href=\"https:\/\/drive.google.com\/open?id=0B3QuX0417HgHdXBwejBMYXhwbDA\" target=\"_blank\" rel=\"noopener\"><span style=\"color: #000000\">Proceso de Evaluaci\u00f3n Integral de Desempe\u00f1o del personal Acad\u00e9mico[EIDPA].<\/span><\/a><\/pre>\n<\/li>\n<li>\n<pre><a href=\"https:\/\/drive.google.com\/open?id=0B3QuX0417HgHeVZmVUpWNC14cmc\" target=\"_blank\" rel=\"noopener\"><span style=\"color: #000000\">Documentos b\u00e1sicos para la Co-evaluaci\u00f3n de directivos.<\/span><\/a><\/pre>\n<\/li>\n<li>\n<pre><a href=\"https:\/\/departamentos.uleam.edu.ec\/evaluacion-interna\/files\/2014\/10\/GUIA-DEL-PROCESO-EIDPA-V.031.pdf\"><span style=\"color: #000000\">Gu\u00eda de proceso EIDPA [Versi\u00f3n 3.0 2016].<\/span><\/a><\/pre>\n<\/li>\n<\/ol>\n<p>&nbsp;<\/p>\n<p>&nbsp;<\/p>\n","protected":false},"excerpt":{"rendered":"<p>Proceso de Evaluaci\u00f3n Integral de Desempe\u00f1o del personal Acad\u00e9mico[EIDPA]. Documentos b\u00e1sicos para la Co-evaluaci\u00f3n de directivos. Gu\u00eda de proceso EIDPA [Versi\u00f3n 3.0 2016]. &nbsp; &nbsp;<\/p>\n","protected":false},"author":56,"featured_media":0,"parent":0,"menu_order":0,"comment_status":"closed","ping_status":"closed","template":"","meta":{"footnotes":"","_links_to":"","_links_to_target":""},"class_list":["post-154","page","type-page","status-publish","hentry"],"_links":{"self":[{"href":"https:\/\/departamentos.uleam.edu.ec\/evaluacion-interna\/wp-json\/wp\/v2\/pages\/154","targetHints":{"allow":["GET"]}}],"collection":[{"href":"https:\/\/departamentos.uleam.edu.ec\/evaluacion-interna\/wp-json\/wp\/v2\/pages"}],"about":[{"href":"https:\/\/departamentos.uleam.edu.ec\/evaluacion-interna\/wp-json\/wp\/v2\/types\/page"}],"author":[{"embeddable":true,"href":"https:\/\/departamentos.uleam.edu.ec\/evaluacion-interna\/wp-json\/wp\/v2\/users\/56"}],"replies":[{"embeddable":true,"href":"https:\/\/departamentos.uleam.edu.ec\/evaluacion-interna\/wp-json\/wp\/v2\/comments?post=154"}],"version-history":[{"count":32,"href":"https:\/\/departamentos.uleam.edu.ec\/evaluacion-interna\/wp-json\/wp\/v2\/pages\/154\/revisions"}],"predecessor-version":[{"id":2253,"href":"https:\/\/departamentos.uleam.edu.ec\/evaluacion-interna\/wp-json\/wp\/v2\/pages\/154\/revisions\/2253"}],"wp:attachment":[{"href":"https:\/\/departamentos.uleam.edu.ec\/evaluacion-interna\/wp-json\/wp\/v2\/media?parent=154"}],"curies":[{"name":"wp","href":"https:\/\/api.w.org\/{rel}","templated":true}]}}