{"id":166,"date":"2014-10-13T16:52:44","date_gmt":"2014-10-13T21:52:44","guid":{"rendered":"http:\/\/departamentos.uleam.edu.ec\/evaluacion-interna\/?page_id=166"},"modified":"2019-02-05T16:49:43","modified_gmt":"2019-02-05T21:49:43","slug":"informe-ceaaces","status":"publish","type":"page","link":"https:\/\/departamentos.uleam.edu.ec\/evaluacion-interna\/informe-ceaaces\/","title":{"rendered":"Informe Caces"},"content":{"rendered":"<ul>\n<li><span style=\"color: #000000\"><a style=\"color: #000000\" href=\"https:\/\/departamentos.uleam.edu.ec\/evaluacion-interna\/files\/2018\/05\/informe_final_160840696001496434178.pdf\">Informe final del proceso de evaluaci\u00f3n, acreditaci\u00f3n y recategorizaci\u00f3n 2016<\/a><\/span><\/li>\n<li><span style=\"color: #000000\"><a style=\"color: #000000\" href=\"https:\/\/departamentos.uleam.edu.ec\/evaluacion-interna\/files\/2018\/05\/resolucion_no._145-ceaaces-se-13-2017.pdf\">Resoluci\u00f3n_No._145-ceaaces-se-13-2017 aprobaci\u00f3n del informe de evaluaci\u00f3n<\/a><\/span><\/li>\n<\/ul>\n","protected":false},"excerpt":{"rendered":"<p>Informe final del proceso de evaluaci\u00f3n, acreditaci\u00f3n y recategorizaci\u00f3n 2016 Resoluci\u00f3n_No._145-ceaaces-se-13-2017 aprobaci\u00f3n del informe de evaluaci\u00f3n<\/p>\n","protected":false},"author":56,"featured_media":0,"parent":0,"menu_order":0,"comment_status":"closed","ping_status":"closed","template":"","meta":{"footnotes":"","_links_to":"","_links_to_target":""},"class_list":["post-166","page","type-page","status-publish","hentry"],"_links":{"self":[{"href":"https:\/\/departamentos.uleam.edu.ec\/evaluacion-interna\/wp-json\/wp\/v2\/pages\/166","targetHints":{"allow":["GET"]}}],"collection":[{"href":"https:\/\/departamentos.uleam.edu.ec\/evaluacion-interna\/wp-json\/wp\/v2\/pages"}],"about":[{"href":"https:\/\/departamentos.uleam.edu.ec\/evaluacion-interna\/wp-json\/wp\/v2\/types\/page"}],"author":[{"embeddable":true,"href":"https:\/\/departamentos.uleam.edu.ec\/evaluacion-interna\/wp-json\/wp\/v2\/users\/56"}],"replies":[{"embeddable":true,"href":"https:\/\/departamentos.uleam.edu.ec\/evaluacion-interna\/wp-json\/wp\/v2\/comments?post=166"}],"version-history":[{"count":23,"href":"https:\/\/departamentos.uleam.edu.ec\/evaluacion-interna\/wp-json\/wp\/v2\/pages\/166\/revisions"}],"predecessor-version":[{"id":2234,"href":"https:\/\/departamentos.uleam.edu.ec\/evaluacion-interna\/wp-json\/wp\/v2\/pages\/166\/revisions\/2234"}],"wp:attachment":[{"href":"https:\/\/departamentos.uleam.edu.ec\/evaluacion-interna\/wp-json\/wp\/v2\/media?parent=166"}],"curies":[{"name":"wp","href":"https:\/\/api.w.org\/{rel}","templated":true}]}}