{"id":173,"date":"2014-10-07T19:35:26","date_gmt":"2014-10-08T00:35:26","guid":{"rendered":"http:\/\/departamentos.uleam.edu.ec\/evaluacion-interna\/?page_id=173"},"modified":"2019-02-05T16:50:30","modified_gmt":"2019-02-05T21:50:30","slug":"reglamentos-2","status":"publish","type":"page","link":"https:\/\/departamentos.uleam.edu.ec\/evaluacion-interna\/reglamentos-2\/","title":{"rendered":"Reglamentos y resoluciones"},"content":{"rendered":"<p><span style=\"color: #000000\"><strong>Reglamentos :<\/strong><\/span><\/p>\n<pre><span style=\"color: #000000\"><a style=\"color: #000000\" href=\"https:\/\/drive.google.com\/open?id=0B3QuX0417HgHbmYtUDYzZHh2bFU\" target=\"_blank\" rel=\"noopener\"><em>Reglamentos para la Evaluaci\u00f3n Externa de las IES (codificado) [Resoluci\u00f3n N0 002-052-CEAACES-2013].<\/em><\/a><\/span><\/pre>\n<pre><span style=\"color: #000000\"><em><a style=\"color: #000000\" href=\"https:\/\/drive.google.com\/open?id=0B3QuX0417HgHakZWSXZkbGJmSXc\" target=\"_blank\" rel=\"noopener\">Reglamentos de Evaluadores Externos de la Educaci\u00f3n Superior [Resoluci\u00f3n N0 109-CEAACES-SO-13-2014]<\/a><\/em><\/span><\/pre>\n<pre><span style=\"color: #000000\"><em><a style=\"color: #000000\" href=\"https:\/\/drive.google.com\/open?id=0B3QuX0417HgHbXJoUmlVVUI5aGs\" target=\"_blank\" rel=\"noopener\">Reglamentos para los procesos de Autoevaluaci\u00f3n de las instituciones, carreras y programas del sistema de educaci\u00f3n superior [Resoluci\u00f3n No 110 CEAACES-SO 13-2014].<\/a><\/em><\/span><\/pre>\n<pre><span style=\"color: #000000\"><em><a style=\"color: #000000\" href=\"https:\/\/drive.google.com\/open?id=0B3QuX0417HgHMndhaTZ6UFJWMG8\" target=\"_blank\" rel=\"noopener\">Reglamentos para los procesos de autoevaluaci\u00f3n de las instituciones, carreras y programas del sistema de Educaci\u00f3n Sistema de Educi\u00f3n Superior\u00a0 [Resulocui\u00f3n No. 110 CEAACES-SO-13-2014]].<\/a><\/em><\/span><\/pre>\n<pre><span style=\"color: #000000\"><em><a style=\"color: #000000\" href=\"https:\/\/drive.google.com\/open?id=0B3QuX0417HgHUmNCcjZkeHBqV28\" target=\"_blank\" rel=\"noopener\">Reglamentos para los procesos de autoevaluaci\u00f3n de las Instituciones, carreras y programas del sistema de EZ<\/a><\/em><\/span><\/pre>\n<pre><span style=\"color: #000000\"><a style=\"color: #000000\" href=\"https:\/\/drive.google.com\/open?id=0B3QuX0417HgHa2ppdTJVS0paTzQ\" target=\"_blank\" rel=\"noopener\">Formulario y Gu\u00eda para la presentaci\u00f3n del Inf\u00f3rme de Autoevaluaci\u00f3n Institucional, de carreras o Programas para las Universidades y escuelas Politecnicas del Ecuador.<\/a><\/span><\/pre>\n","protected":false},"excerpt":{"rendered":"<p>Reglamentos : Reglamentos para la Evaluaci\u00f3n Externa de las IES (codificado) [Resoluci\u00f3n N0 002-052-CEAACES-2013]. Reglamentos de Evaluadores Externos de la Educaci\u00f3n Superior [Resoluci\u00f3n N0 109-CEAACES-SO-13-2014] Reglamentos para los procesos de Autoevaluaci\u00f3n de las instituciones, carreras y programas del sistema de educaci\u00f3n superior [Resoluci\u00f3n No 110 CEAACES-SO 13-2014]. Reglamentos para los procesos de autoevaluaci\u00f3n de las&#8230; <\/p>\n<div class=\"link-more\"><a href=\"https:\/\/departamentos.uleam.edu.ec\/evaluacion-interna\/reglamentos-2\/\">Leer M\u00e1s<\/a><\/div>\n","protected":false},"author":56,"featured_media":0,"parent":0,"menu_order":0,"comment_status":"closed","ping_status":"closed","template":"","meta":{"footnotes":"","_links_to":"","_links_to_target":""},"class_list":["post-173","page","type-page","status-publish","hentry"],"_links":{"self":[{"href":"https:\/\/departamentos.uleam.edu.ec\/evaluacion-interna\/wp-json\/wp\/v2\/pages\/173","targetHints":{"allow":["GET"]}}],"collection":[{"href":"https:\/\/departamentos.uleam.edu.ec\/evaluacion-interna\/wp-json\/wp\/v2\/pages"}],"about":[{"href":"https:\/\/departamentos.uleam.edu.ec\/evaluacion-interna\/wp-json\/wp\/v2\/types\/page"}],"author":[{"embeddable":true,"href":"https:\/\/departamentos.uleam.edu.ec\/evaluacion-interna\/wp-json\/wp\/v2\/users\/56"}],"replies":[{"embeddable":true,"href":"https:\/\/departamentos.uleam.edu.ec\/evaluacion-interna\/wp-json\/wp\/v2\/comments?post=173"}],"version-history":[{"count":50,"href":"https:\/\/departamentos.uleam.edu.ec\/evaluacion-interna\/wp-json\/wp\/v2\/pages\/173\/revisions"}],"predecessor-version":[{"id":2236,"href":"https:\/\/departamentos.uleam.edu.ec\/evaluacion-interna\/wp-json\/wp\/v2\/pages\/173\/revisions\/2236"}],"wp:attachment":[{"href":"https:\/\/departamentos.uleam.edu.ec\/evaluacion-interna\/wp-json\/wp\/v2\/media?parent=173"}],"curies":[{"name":"wp","href":"https:\/\/api.w.org\/{rel}","templated":true}]}}