{"id":178,"date":"2014-10-07T19:38:46","date_gmt":"2014-10-08T00:38:46","guid":{"rendered":"http:\/\/departamentos.uleam.edu.ec\/evaluacion-interna\/?page_id=178"},"modified":"2019-02-14T16:18:41","modified_gmt":"2019-02-14T21:18:41","slug":"estructura-del-informe-medicina","status":"publish","type":"page","link":"https:\/\/departamentos.uleam.edu.ec\/evaluacion-interna\/estructura-del-informe-medicina\/","title":{"rendered":"Estructuras &#8211; autoevaluaci\u00f3n de carreras"},"content":{"rendered":"<pre><span style=\"color: #000000\"><strong>ESTRUCTURAS PARA INFORMES DE AUTOEVALUACI\u00d3N<\/strong><a style=\"color: #000000\" href=\"https:\/\/departamentos.uleam.edu.ec\/evaluacion-interna\/files\/2018\/05\/Informe-de-Autoevaluaci\u00f3n-de-Carrera-Uleam-Generico-2016-1.pdf\">\r\nInforme de Autoevaluaci\u00f3n de Carrera - Uleam Gen\u00e9rico\r\n<\/a><a style=\"color: #000000\" href=\"https:\/\/departamentos.uleam.edu.ec\/evaluacion-interna\/files\/2018\/05\/Informe-de-Autoevaluaci\u00f3n-de-Carrera-Uleam-Medicina-2017.pdf\">Informe de Autoevaluaci\u00f3n de Carrera - Uleam Medicina<\/a>\r\n<a style=\"color: #000000\" href=\"https:\/\/departamentos.uleam.edu.ec\/evaluacion-interna\/files\/2018\/05\/Informe-de-Autoevaluaci\u00f3n-de-Carrera-Uleam-Derecho-2016.pdf\">Informe de Autoevaluaci\u00f3n de Carrera - Uleam Derecho<\/a>\r\n<a style=\"color: #000000\" href=\"https:\/\/departamentos.uleam.edu.ec\/evaluacion-interna\/files\/2018\/05\/Informe-de-Autoevaluaci\u00f3n-de-Carrera-Uleam-Odontolog\u00eda-2017.pdf\">Informe de Autoevaluaci\u00f3n de Carrera - Uleam Odontolog\u00eda<\/a>\r\n<a style=\"color: #000000\" href=\"https:\/\/departamentos.uleam.edu.ec\/evaluacion-interna\/files\/2018\/05\/Informe-de-Autoevaluaci\u00f3n-de-Carrera-Uleam-Enfermeria.pdf\">Informe de Autoevaluaci\u00f3n de Carrera - Uleam-Enfermer\u00eda<\/a>\r\n\r\n<\/span><\/pre>\n<pre><span style=\"color: #000000\"><strong>ESTRUCTURA PARA SOCIALIZACI\u00d3N DEL INFORME PRELIMINAR<\/strong>\r\n<a style=\"color: #000000\" href=\"https:\/\/departamentos.uleam.edu.ec\/evaluacion-interna\/files\/2018\/05\/PAE-02-F007-INFORME-SOCIALIZACI\u00d2N-CARRERAS.pdf\">Informe de socializaci\u00f3n del informe de carreras (PAE-02-F007)<\/a>\r\n\r\n<\/span><\/pre>\n<pre><span style=\"color: #000000\"><strong>MODELO DE RESOLUCI\u00d3N\r\n<\/strong><a style=\"color: #000000\" href=\"https:\/\/departamentos.uleam.edu.ec\/evaluacion-interna\/files\/2018\/05\/RESOLUCI\u00d3N-INFORME-DE-AUTOEVALUACI\u00d3N-FACULTADES.pdf\">Resoluci\u00f3n de aprobaci\u00f3n del informe de autoevaluaci\u00f3n de carrera<\/a><\/span><\/pre>\n","protected":false},"excerpt":{"rendered":"<p>ESTRUCTURAS PARA INFORMES DE AUTOEVALUACI\u00d3N Informe de Autoevaluaci\u00f3n de Carrera &#8211; Uleam Gen\u00e9rico Informe de Autoevaluaci\u00f3n de Carrera &#8211; Uleam Medicina Informe de Autoevaluaci\u00f3n de Carrera &#8211; Uleam Derecho Informe de Autoevaluaci\u00f3n de Carrera &#8211; Uleam Odontolog\u00eda Informe de Autoevaluaci\u00f3n de Carrera &#8211; Uleam-Enfermer\u00eda ESTRUCTURA PARA SOCIALIZACI\u00d3N DEL INFORME PRELIMINAR Informe de socializaci\u00f3n del informe&#8230; <\/p>\n<div class=\"link-more\"><a href=\"https:\/\/departamentos.uleam.edu.ec\/evaluacion-interna\/estructura-del-informe-medicina\/\">Leer M\u00e1s<\/a><\/div>\n","protected":false},"author":56,"featured_media":0,"parent":0,"menu_order":0,"comment_status":"open","ping_status":"open","template":"","meta":{"footnotes":"","_links_to":"","_links_to_target":""},"class_list":["post-178","page","type-page","status-publish","hentry"],"_links":{"self":[{"href":"https:\/\/departamentos.uleam.edu.ec\/evaluacion-interna\/wp-json\/wp\/v2\/pages\/178","targetHints":{"allow":["GET"]}}],"collection":[{"href":"https:\/\/departamentos.uleam.edu.ec\/evaluacion-interna\/wp-json\/wp\/v2\/pages"}],"about":[{"href":"https:\/\/departamentos.uleam.edu.ec\/evaluacion-interna\/wp-json\/wp\/v2\/types\/page"}],"author":[{"embeddable":true,"href":"https:\/\/departamentos.uleam.edu.ec\/evaluacion-interna\/wp-json\/wp\/v2\/users\/56"}],"replies":[{"embeddable":true,"href":"https:\/\/departamentos.uleam.edu.ec\/evaluacion-interna\/wp-json\/wp\/v2\/comments?post=178"}],"version-history":[{"count":46,"href":"https:\/\/departamentos.uleam.edu.ec\/evaluacion-interna\/wp-json\/wp\/v2\/pages\/178\/revisions"}],"predecessor-version":[{"id":2247,"href":"https:\/\/departamentos.uleam.edu.ec\/evaluacion-interna\/wp-json\/wp\/v2\/pages\/178\/revisions\/2247"}],"wp:attachment":[{"href":"https:\/\/departamentos.uleam.edu.ec\/evaluacion-interna\/wp-json\/wp\/v2\/media?parent=178"}],"curies":[{"name":"wp","href":"https:\/\/api.w.org\/{rel}","templated":true}]}}