{"id":196,"date":"2014-10-07T19:46:09","date_gmt":"2014-10-08T00:46:09","guid":{"rendered":"http:\/\/departamentos.uleam.edu.ec\/evaluacion-interna\/?page_id=196"},"modified":"2019-02-14T16:14:04","modified_gmt":"2019-02-14T21:14:04","slug":"estructura-del-informe-generico","status":"publish","type":"page","link":"https:\/\/departamentos.uleam.edu.ec\/evaluacion-interna\/estructura-del-informe-generico\/","title":{"rendered":"Modelo CACES"},"content":{"rendered":"<pre><span style=\"color: #000000\"><strong><span style=\"text-decoration: underline\">MODELO GEN\u00c9RICO:\r\n<\/span><\/strong><\/span><\/pre>\n<pre><a href=\"https:\/\/drive.google.com\/open?id=0BxR2_kz6BQK-cWhZTWZYRHltckk\" target=\"_blank\" rel=\"noopener\"><span style=\"color: #000000\">Modelo Gen\u00e9rico de evaluaci\u00f3n del entorno del aprendizaje (Versi\u00f3n matricial) 2015<\/span><\/a><\/pre>\n<pre><span style=\"color: #000000\"><a style=\"color: #000000\" href=\"https:\/\/departamentos.uleam.edu.ec\/evaluacion-interna\/files\/2018\/05\/ANEXO-MODELO-GENERICO-DE-EVAL.-DEL-ENTORNO-DE-APRENDIZAJE-DE-CARRERAS-1.pdf\">Modelo Gen\u00e9rico de evaluaci\u00f3n del entorno del aprendizaje preliminar 2017<\/a><\/span><\/pre>\n<pre><span style=\"color: #000000\"><strong><span style=\"text-decoration: underline\">MODELO DE MEDICINA<\/span><\/strong>:<\/span><\/pre>\n<pre><a href=\"https:\/\/departamentos.uleam.edu.ec\/evaluacion-interna\/files\/2018\/05\/Modelo-de-Evaluaci\u00f3n-de-las-carreras-de-Medicina-2018-1.pdf\"><span style=\"color: #000000\">Modelo de Evaluaci\u00f3n de las carreras de Medicina 2018<\/span><\/a><\/pre>\n<pre><a href=\"https:\/\/drive.google.com\/open?id=0BxR2_kz6BQK-V2xQWm10V2lSeWM\" target=\"_blank\" rel=\"noopener\"><span style=\"color: #000000\">Guia del Estudiante Final.<\/span><\/a><\/pre>\n<pre><a href=\"https:\/\/drive.google.com\/open?id=0BxR2_kz6BQK-NkNtMzZ2ek9JR00\" target=\"_blank\" rel=\"noopener\"><span style=\"color: #000000\">Temario Medicina.<\/span><\/a><\/pre>\n<pre><span style=\"color: #000000;text-decoration: underline\"><strong>MODELO DE ODONTOLOGIA:<\/strong><\/span><\/pre>\n<pre><a href=\"https:\/\/drive.google.com\/open?id=0BxR2_kz6BQK-NVlWWWlHRkVRZmM\" target=\"_blank\" rel=\"noopener\"><span style=\"color: #000000\">Modelo de evaluaci\u00f3n del entorno del aprendizaje Odontolog\u00eda<\/span><\/a><\/pre>\n<pre><span style=\"color: #000000\"><strong><span style=\"text-decoration: underline\">MODELO DE DERECHO:<\/span><\/strong><\/span><\/pre>\n<pre><a href=\"https:\/\/drive.google.com\/open?id=0BxR2_kz6BQK-cWdUel96SXlGV0k\" target=\"_blank\" rel=\"noopener\"><span style=\"color: #000000\">Modelo de evaluaci\u00f3n del entorno del aprendizaje de Derecho<\/span><\/a><\/pre>\n<pre><span style=\"color: #000000\"><strong>MODELO DE ENFERMER\u00cdA:\r\n<\/strong><a style=\"color: #000000\" href=\"https:\/\/departamentos.uleam.edu.ec\/evaluacion-interna\/files\/2018\/05\/ENFERMERIA-1.pdf\">Modeo de evaluaci\u00f3n del entorno del aprendizaje de Enfermer\u00eda 2016<\/a><\/span><\/pre>\n","protected":false},"excerpt":{"rendered":"<p>MODELO GEN\u00c9RICO: Modelo Gen\u00e9rico de evaluaci\u00f3n del entorno del aprendizaje (Versi\u00f3n matricial) 2015 Modelo Gen\u00e9rico de evaluaci\u00f3n del entorno del aprendizaje preliminar 2017 MODELO DE MEDICINA: Modelo de Evaluaci\u00f3n de las carreras de Medicina 2018 Guia del Estudiante Final. Temario Medicina. MODELO DE ODONTOLOGIA: Modelo de evaluaci\u00f3n del entorno del aprendizaje Odontolog\u00eda MODELO DE DERECHO:&#8230; <\/p>\n<div class=\"link-more\"><a href=\"https:\/\/departamentos.uleam.edu.ec\/evaluacion-interna\/estructura-del-informe-generico\/\">Leer M\u00e1s<\/a><\/div>\n","protected":false},"author":56,"featured_media":0,"parent":0,"menu_order":0,"comment_status":"closed","ping_status":"closed","template":"","meta":{"footnotes":"","_links_to":"","_links_to_target":""},"class_list":["post-196","page","type-page","status-publish","hentry"],"_links":{"self":[{"href":"https:\/\/departamentos.uleam.edu.ec\/evaluacion-interna\/wp-json\/wp\/v2\/pages\/196","targetHints":{"allow":["GET"]}}],"collection":[{"href":"https:\/\/departamentos.uleam.edu.ec\/evaluacion-interna\/wp-json\/wp\/v2\/pages"}],"about":[{"href":"https:\/\/departamentos.uleam.edu.ec\/evaluacion-interna\/wp-json\/wp\/v2\/types\/page"}],"author":[{"embeddable":true,"href":"https:\/\/departamentos.uleam.edu.ec\/evaluacion-interna\/wp-json\/wp\/v2\/users\/56"}],"replies":[{"embeddable":true,"href":"https:\/\/departamentos.uleam.edu.ec\/evaluacion-interna\/wp-json\/wp\/v2\/comments?post=196"}],"version-history":[{"count":26,"href":"https:\/\/departamentos.uleam.edu.ec\/evaluacion-interna\/wp-json\/wp\/v2\/pages\/196\/revisions"}],"predecessor-version":[{"id":2244,"href":"https:\/\/departamentos.uleam.edu.ec\/evaluacion-interna\/wp-json\/wp\/v2\/pages\/196\/revisions\/2244"}],"wp:attachment":[{"href":"https:\/\/departamentos.uleam.edu.ec\/evaluacion-interna\/wp-json\/wp\/v2\/media?parent=196"}],"curies":[{"name":"wp","href":"https:\/\/api.w.org\/{rel}","templated":true}]}}