{"id":199,"date":"2014-10-07T19:49:15","date_gmt":"2014-10-08T00:49:15","guid":{"rendered":"http:\/\/departamentos.uleam.edu.ec\/evaluacion-interna\/?page_id=199"},"modified":"2019-02-14T16:17:21","modified_gmt":"2019-02-14T21:17:21","slug":"reglamentos-3","status":"publish","type":"page","link":"https:\/\/departamentos.uleam.edu.ec\/evaluacion-interna\/reglamentos-3\/","title":{"rendered":"Reglamentos y resoluciones"},"content":{"rendered":"<pre><span style=\"color: #000000\"><a style=\"color: #000000\" href=\"https:\/\/drive.google.com\/open?id=0BxR2_kz6BQK-QXFyVXRNRG9BYmM\" target=\"_blank\" rel=\"noopener\">Reglamento de evaluaci\u00f3n, acreditaci\u00f3n y categorizaci\u00f3n de carreras de las IES<\/a><\/span><\/pre>\n<pre><span style=\"color: #000000\"><a style=\"color: #000000\" href=\"https:\/\/drive.google.com\/open?id=0BxR2_kz6BQK-UjZHeUNZalFrUjA\" target=\"_blank\" rel=\"noopener\">Reglamento para el dise\u00f1o y aplicaci\u00f3n del Examen Habilitaci\u00f3n Ejercicio Profesional Codificado<\/a><\/span><\/pre>\n[divider]\n<pre><span style=\"color: #000000\"><a style=\"color: #000000\" href=\"https:\/\/departamentos.uleam.edu.ec\/evaluacion-interna\/files\/2018\/05\/REGLAMENTO-PARA-LOS-PROCESOS-DE-AUTOEVALUACIO\u0301N-DE-LAS-INSTITUCIONES-CARRERAS-Y-PROGRAMAS-DEL-SISTEMA-DE-EDUCACIO\u0301N-SUPERIOR.pdf\">Reglamento para los procesos de autoevaluaci\u00f3n de las Instituciones, carreras y programas del Sistema de Educaci\u00f3n Superior<\/a><\/span><\/pre>\n<pre><span style=\"color: #000000\"><a style=\"color: #000000\" href=\"https:\/\/drive.google.com\/open?id=0BxR2_kz6BQK-VUNqR2NtY3FocGs\" target=\"_blank\" rel=\"noopener\">ULEAM \u00a0DIC-22-2014 Reglamento para los Procesos de Autoevaluaci\u00f3n Institucional carreras, programas o posgrados Espec\u00edficos. <\/a><\/span><\/pre>\n[divider]\n<pre><span style=\"color: #000000\"><a style=\"color: #000000\" href=\"https:\/\/departamentos.uleam.edu.ec\/evaluacion-interna\/files\/2018\/05\/INSTRUCTIVO-PARA-LA-ELABORACI\u00d3N-DE-PLANES-DE-FORTALECIMIENTO-PARA-LAS-CARRERAS-EN-PROCESO-DE-ACREDITACI\u00d3N-DE-LAS-INSTITUCIONES-DE-EDUCACI\u00d3N-SUPERIOR.pdf\">Instructivo para la elaboraci\u00f3n de planes de fortalecimiento para las carreras en proceso de acreditaci\u00f3n<\/a><\/span><\/pre>\n","protected":false},"excerpt":{"rendered":"<p>Reglamento de evaluaci\u00f3n, acreditaci\u00f3n y categorizaci\u00f3n de carreras de las IES Reglamento para el dise\u00f1o y aplicaci\u00f3n del Examen Habilitaci\u00f3n Ejercicio Profesional Codificado [divider] Reglamento para los procesos de autoevaluaci\u00f3n de las Instituciones, carreras y programas del Sistema de Educaci\u00f3n Superior ULEAM \u00a0DIC-22-2014 Reglamento para los Procesos de Autoevaluaci\u00f3n Institucional carreras, programas o posgrados Espec\u00edficos&#8230;. <\/p>\n<div class=\"link-more\"><a href=\"https:\/\/departamentos.uleam.edu.ec\/evaluacion-interna\/reglamentos-3\/\">Leer M\u00e1s<\/a><\/div>\n","protected":false},"author":56,"featured_media":0,"parent":0,"menu_order":0,"comment_status":"closed","ping_status":"closed","template":"","meta":{"footnotes":"","_links_to":"","_links_to_target":""},"class_list":["post-199","page","type-page","status-publish","hentry"],"_links":{"self":[{"href":"https:\/\/departamentos.uleam.edu.ec\/evaluacion-interna\/wp-json\/wp\/v2\/pages\/199","targetHints":{"allow":["GET"]}}],"collection":[{"href":"https:\/\/departamentos.uleam.edu.ec\/evaluacion-interna\/wp-json\/wp\/v2\/pages"}],"about":[{"href":"https:\/\/departamentos.uleam.edu.ec\/evaluacion-interna\/wp-json\/wp\/v2\/types\/page"}],"author":[{"embeddable":true,"href":"https:\/\/departamentos.uleam.edu.ec\/evaluacion-interna\/wp-json\/wp\/v2\/users\/56"}],"replies":[{"embeddable":true,"href":"https:\/\/departamentos.uleam.edu.ec\/evaluacion-interna\/wp-json\/wp\/v2\/comments?post=199"}],"version-history":[{"count":29,"href":"https:\/\/departamentos.uleam.edu.ec\/evaluacion-interna\/wp-json\/wp\/v2\/pages\/199\/revisions"}],"predecessor-version":[{"id":2246,"href":"https:\/\/departamentos.uleam.edu.ec\/evaluacion-interna\/wp-json\/wp\/v2\/pages\/199\/revisions\/2246"}],"wp:attachment":[{"href":"https:\/\/departamentos.uleam.edu.ec\/evaluacion-interna\/wp-json\/wp\/v2\/media?parent=199"}],"curies":[{"name":"wp","href":"https:\/\/api.w.org\/{rel}","templated":true}]}}