{"id":2107,"date":"2018-11-06T10:07:11","date_gmt":"2018-11-06T15:07:11","guid":{"rendered":"http:\/\/departamentos.uleam.edu.ec\/evaluacion-interna\/?page_id=2107"},"modified":"2019-02-05T16:50:55","modified_gmt":"2019-02-05T21:50:55","slug":"autoevaluacion-institucional-2018","status":"publish","type":"page","link":"https:\/\/departamentos.uleam.edu.ec\/evaluacion-interna\/autoevaluacion-institucional-2018\/","title":{"rendered":"Autoevaluaci\u00f3n Institucional 2018"},"content":{"rendered":"<div><span style=\"color: #000000\"><a style=\"color: #000000\" href=\"https:\/\/departamentos.uleam.edu.ec\/evaluacion-interna\/files\/2018\/11\/Agenda_general.pdf\">Agenda nivel general<\/a><\/span><\/div>\n<div><span style=\"color: #000000\"><a style=\"color: #000000\" href=\"https:\/\/departamentos.uleam.edu.ec\/evaluacion-interna\/files\/2018\/11\/Agenda_organizaci\u00f3n.pdf\">Agenda criterio organizaci\u00f3n<\/a><\/span><\/div>\n<div><span style=\"color: #000000\"><a style=\"color: #000000\" href=\"https:\/\/departamentos.uleam.edu.ec\/evaluacion-interna\/files\/2018\/11\/Agenda_vinculaci\u00f3n-1.pdf\">Agenda criterio vinculaci\u00f3n<\/a><\/span><\/div>\n<div><span style=\"color: #000000\"><a style=\"color: #000000\" href=\"https:\/\/departamentos.uleam.edu.ec\/evaluacion-interna\/files\/2018\/11\/Agenda_academia.pdf\">Agenda criterio academia<\/a><\/span><\/div>\n<div><span style=\"color: #000000\"><a style=\"color: #000000\" href=\"https:\/\/departamentos.uleam.edu.ec\/evaluacion-interna\/files\/2018\/11\/Agenda_investigaci\u00f3n-1.pdf\">Agenda criterio investigaci\u00f3n<\/a><\/span><\/div>\n<div><span style=\"color: #000000\"><a style=\"color: #000000\" href=\"https:\/\/departamentos.uleam.edu.ec\/evaluacion-interna\/files\/2018\/11\/Agenda_infraestructura.pdf\">Agenda criterio infraestructura<\/a><\/span><\/div>\n<div><span style=\"color: #000000\"><a style=\"color: #000000\" href=\"https:\/\/departamentos.uleam.edu.ec\/evaluacion-interna\/files\/2018\/11\/Agenda_estudiantes.pdf\">Agenda criterio estudiantes<\/a><\/span><\/div>\n<div><\/div>\n<div><span style=\"color: #000000\"><a style=\"color: #000000\" href=\"https:\/\/departamentos.uleam.edu.ec\/evaluacion-interna\/files\/2018\/11\/Gu\u00eda-de-preguntas-nivel-institucional.pdf\">Gu\u00eda de preguntas nivel institucional<\/a><\/span><\/div>\n<div><span style=\"color: #000000\"><a style=\"color: #000000\" href=\"https:\/\/departamentos.uleam.edu.ec\/evaluacion-interna\/files\/2018\/11\/Gu\u00eda-de-preguntas-criterio-organizaci\u00f3n.pdf\">Gu\u00eda de preguntas criterio organizaci\u00f3n<\/a><\/span><\/div>\n<div><span style=\"color: #000000\"><a style=\"color: #000000\" href=\"https:\/\/departamentos.uleam.edu.ec\/evaluacion-interna\/files\/2018\/11\/Gu\u00eda-de-preguntas-criterio-vinculaci\u00f3n-con-la-sociedad.pdf\">Gu\u00eda de preguntas criterio vinculaci\u00f3n con la sociedad<\/a><\/span><\/div>\n<div><span style=\"color: #000000\"><a style=\"color: #000000\" href=\"https:\/\/departamentos.uleam.edu.ec\/evaluacion-interna\/files\/2018\/11\/Gu\u00eda-de-preguntas-criterio-academia.pdf\">Gu\u00eda de preguntas criterio academia<\/a><\/span><\/div>\n<div><span style=\"color: #000000\"><a style=\"color: #000000\" href=\"https:\/\/departamentos.uleam.edu.ec\/evaluacion-interna\/files\/2018\/11\/Gu\u00eda-de-preguntas-criterio-investigaci\u00f3n-1.pdf\">Gu\u00eda de preguntas criterio investigaci\u00f3n<\/a><\/span><\/div>\n<div><span style=\"color: #000000\"><a style=\"color: #000000\" href=\"https:\/\/departamentos.uleam.edu.ec\/evaluacion-interna\/files\/2018\/11\/Gu\u00eda-de-preguntas-criterio-infraestructura.pdf\">Gu\u00eda de preguntas criterio infraestructura<\/a><\/span><\/div>\n<div><span style=\"color: #000000\"><a style=\"color: #000000\" href=\"https:\/\/departamentos.uleam.edu.ec\/evaluacion-interna\/files\/2018\/11\/Gu\u00eda-de-preguntas-criterio-estudiantes.pdf\">Gu\u00eda de preguntas criterio estudiantes<\/a><\/span><\/div>\n<div><\/div>\n<div><span style=\"color: #000000\"><a style=\"color: #000000\" href=\"https:\/\/departamentos.uleam.edu.ec\/evaluacion-interna\/files\/2018\/11\/Modelo-de-evaluacio\u0301n-institucional-2016.pdf\">Modelo-de-evaluacio\u0301n-institucional-2016<\/a><\/span><\/div>\n<div><span style=\"color: #000000\"><a style=\"color: #000000\" href=\"https:\/\/departamentos.uleam.edu.ec\/evaluacion-interna\/files\/2018\/11\/Autoevaluaci\u00f3n-institucional-2018.pdf\">Presentaci\u00f3n Autoevaluaci\u00f3n institucional 2018<\/a><\/span><\/div>\n<div><span style=\"color: #000000\"><a style=\"color: #000000\" href=\"https:\/\/departamentos.uleam.edu.ec\/evaluacion-interna\/files\/2018\/11\/Equipos-de-trabajo-Autoevaluaci\u00f3n-Institucional-noviembre-2018.pdf\">Equipos de trabajo Autoevaluaci\u00f3n Institucional noviembre 2018<\/a><\/span><\/div>\n<div><span style=\"color: #000000\"><a style=\"color: #000000\" href=\"https:\/\/departamentos.uleam.edu.ec\/evaluacion-interna\/files\/2019\/01\/Informe-de-Autoevaluaci\u00f3n-Institucional-noviembre-2018.pdf\">Informe de Autoevaluaci\u00f3n Institucional noviembre 2018<\/a><\/span><\/div>\n<div><span style=\"color: #000000\"><a style=\"color: #000000\" href=\"https:\/\/departamentos.uleam.edu.ec\/evaluacion-interna\/files\/2019\/02\/Informe-T\u00e9cnico-de-la-funci\u00f3n-formaci\u00f3n.pdf\">Informe T\u00e9cnico de la funci\u00f3n formaci\u00f3n2018<\/a><\/span><\/div>\n<p>&nbsp;<\/p>\n","protected":false},"excerpt":{"rendered":"<p>Agenda nivel general Agenda criterio organizaci\u00f3n Agenda criterio vinculaci\u00f3n Agenda criterio academia Agenda criterio investigaci\u00f3n Agenda criterio infraestructura Agenda criterio estudiantes Gu\u00eda de preguntas nivel institucional Gu\u00eda de preguntas criterio organizaci\u00f3n Gu\u00eda de preguntas criterio vinculaci\u00f3n con la sociedad Gu\u00eda de preguntas criterio academia Gu\u00eda de preguntas criterio investigaci\u00f3n Gu\u00eda de preguntas criterio infraestructura Gu\u00eda&#8230; <\/p>\n<div class=\"link-more\"><a href=\"https:\/\/departamentos.uleam.edu.ec\/evaluacion-interna\/autoevaluacion-institucional-2018\/\">Leer M\u00e1s<\/a><\/div>\n","protected":false},"author":56,"featured_media":0,"parent":0,"menu_order":0,"comment_status":"closed","ping_status":"closed","template":"","meta":{"footnotes":"","_links_to":"","_links_to_target":""},"class_list":["post-2107","page","type-page","status-publish","hentry"],"_links":{"self":[{"href":"https:\/\/departamentos.uleam.edu.ec\/evaluacion-interna\/wp-json\/wp\/v2\/pages\/2107","targetHints":{"allow":["GET"]}}],"collection":[{"href":"https:\/\/departamentos.uleam.edu.ec\/evaluacion-interna\/wp-json\/wp\/v2\/pages"}],"about":[{"href":"https:\/\/departamentos.uleam.edu.ec\/evaluacion-interna\/wp-json\/wp\/v2\/types\/page"}],"author":[{"embeddable":true,"href":"https:\/\/departamentos.uleam.edu.ec\/evaluacion-interna\/wp-json\/wp\/v2\/users\/56"}],"replies":[{"embeddable":true,"href":"https:\/\/departamentos.uleam.edu.ec\/evaluacion-interna\/wp-json\/wp\/v2\/comments?post=2107"}],"version-history":[{"count":13,"href":"https:\/\/departamentos.uleam.edu.ec\/evaluacion-interna\/wp-json\/wp\/v2\/pages\/2107\/revisions"}],"predecessor-version":[{"id":2237,"href":"https:\/\/departamentos.uleam.edu.ec\/evaluacion-interna\/wp-json\/wp\/v2\/pages\/2107\/revisions\/2237"}],"wp:attachment":[{"href":"https:\/\/departamentos.uleam.edu.ec\/evaluacion-interna\/wp-json\/wp\/v2\/media?parent=2107"}],"curies":[{"name":"wp","href":"https:\/\/api.w.org\/{rel}","templated":true}]}}